{"id":10,"date":"2015-01-12T17:27:15","date_gmt":"2015-01-12T18:27:15","guid":{"rendered":"http:\/\/www.sps-kadan.cz\/?page_id=10"},"modified":"2026-01-14T13:18:02","modified_gmt":"2026-01-14T12:18:02","slug":"informace-o-skole","status":"publish","type":"page","link":"https:\/\/www.sps-kadan.cz\/?page_id=10","title":{"rendered":"Informace o \u0161kole"},"content":{"rendered":"<p><span style=\"text-decoration: underline;\">N\u00e1zev \u0161koly:<\/span><\/p>\n<p><strong>St\u0159edn\u00ed pr\u016fmyslov\u00e1 \u0161kola stavebn\u00ed a Obchodn\u00ed akademie, Kada\u0148, <\/strong><strong>p\u0159\u00edsp\u011bvkov\u00e1 organizace<\/strong><\/p>\n<table border=\"0\">\n<tbody>\n<tr>\n<td><strong>I\u010cO<\/strong>: 61 342 637<\/td>\n<td><strong>IZO<\/strong>: 000 082 104<\/td>\n<\/tr>\n<tr>\n<td>Datum z\u0159\u00edzen\u00ed (zalo\u017een\u00ed) \u0161koly:<\/td>\n<td><strong>1951<\/strong><\/td>\n<\/tr>\n<tr>\n<td>Datum za\u0159azen\u00ed do s\u00edt\u011b:<\/td>\n<td><strong>28. 6. 1996<\/strong><\/td>\n<\/tr>\n<\/tbody>\n<\/table>\n<p>Sou\u010d\u00e1sti \u0161koly podle <strong>Rozhodnut\u00ed o za\u0159azen\u00ed do s\u00edt\u011b a jejich kapacity<\/strong>:<\/p>\n<table border=\"0\">\n<tbody>\n<tr>\n<td><strong>St\u0159edn\u00ed odborn\u00e1 \u0161kola<\/strong><\/td>\n<td><strong>480 \u017e\u00e1k\u016f<\/strong><\/td>\n<\/tr>\n<\/tbody>\n<\/table>\n<p><span style=\"text-decoration: underline;\">Z\u0159izovatel:<\/span><\/p>\n<p><strong>\u00dasteck\u00fd kraj, Velk\u00e1 Hradebn\u00ed 48, \u00dast\u00ed nad Labem, PS\u010c: 400 02<\/strong><\/p>\n<table border=\"0\">\n<tbody>\n<tr>\n<td>Statut\u00e1rn\u00ed org\u00e1n, \u0159editelka \u0161koly:<\/td>\n<td><strong>Ing. Zde\u0148ka Sob\u011bslavov\u00e1<\/strong><\/td>\n<\/tr>\n<tr>\n<td>Z\u00e1stupce statut\u00e1rn\u00edho org\u00e1nu:<\/td>\n<td><strong>Mgr. Monika Synkov\u00e1<\/strong><\/td>\n<\/tr>\n<\/tbody>\n<\/table>\n<p><span style=\"text-decoration: underline;\">Kontakt:<\/span><\/p>\n<table style=\"height: 253px;\" border=\"0\" width=\"584\">\n<tbody>\n<tr>\n<td>Kancel\u00e1\u0159:<\/td>\n<td><strong>+420 474 343 395<\/strong><\/td>\n<\/tr>\n<tr>\n<td>\u0158editelka \u0161koly:<\/td>\n<td><strong>+420 474 343 393<\/strong><\/td>\n<\/tr>\n<tr>\n<td>Z\u00e1stupce \u0159editelky \u0161koly:<\/td>\n<td><strong>+420 474 343 394<\/strong><\/td>\n<\/tr>\n<tr>\n<td>Fax:<\/td>\n<td><strong>+420 474 343 394<\/strong><\/td>\n<\/tr>\n<tr>\n<td>Web:<\/td>\n<td><a href=\"https:\/\/www.sps-kadan.cz\/\" target=\"_blank&quot;\" rel=\"noopener\">www.sps-kadan.cz<\/a><\/td>\n<\/tr>\n<tr>\n<td>E-mail:elektronick\u00e1 podatelna:<\/td>\n<td><a href=\"mailto:sps-kadan@sps-kadan.cz\">sps-kadan@sps-kadan.cz<\/a><\/td>\n<\/tr>\n<\/tbody>\n<\/table>\n<p>ID datov\u00e9 schr\u00e1nky:\u00a0 \u00a0 \u00a0 \u00a0 \u00a0 \u00a0\u00a0<strong>qfrwcdi <\/strong><\/p>\n","protected":false},"excerpt":{"rendered":"<p>N\u00e1zev \u0161koly: St\u0159edn\u00ed pr\u016fmyslov\u00e1 \u0161kola stavebn\u00ed a Obchodn\u00ed akademie, Kada\u0148, p\u0159\u00edsp\u011bvkov\u00e1 organizace I\u010cO: 61 342 637 IZO: 000 082 104 Datum z\u0159\u00edzen\u00ed (zalo\u017een\u00ed) \u0161koly: 1951 <a class=\"more-link\" href=\"https:\/\/www.sps-kadan.cz\/?page_id=10\">Cel\u00fd \u010dl\u00e1nek  <span class=\"screen-reader-text\">  Informace o \u0161kole<\/span><span class=\"meta-nav\">&rarr;<\/span><\/a><\/p>\n","protected":false},"author":6,"featured_media":0,"parent":2415,"menu_order":0,"comment_status":"closed","ping_status":"closed","template":"","meta":[],"_links":{"self":[{"href":"https:\/\/www.sps-kadan.cz\/index.php?rest_route=\/wp\/v2\/pages\/10"}],"collection":[{"href":"https:\/\/www.sps-kadan.cz\/index.php?rest_route=\/wp\/v2\/pages"}],"about":[{"href":"https:\/\/www.sps-kadan.cz\/index.php?rest_route=\/wp\/v2\/types\/page"}],"author":[{"embeddable":true,"href":"https:\/\/www.sps-kadan.cz\/index.php?rest_route=\/wp\/v2\/users\/6"}],"replies":[{"embeddable":true,"href":"https:\/\/www.sps-kadan.cz\/index.php?rest_route=%2Fwp%2Fv2%2Fcomments&post=10"}],"version-history":[{"count":6,"href":"https:\/\/www.sps-kadan.cz\/index.php?rest_route=\/wp\/v2\/pages\/10\/revisions"}],"predecessor-version":[{"id":8990,"href":"https:\/\/www.sps-kadan.cz\/index.php?rest_route=\/wp\/v2\/pages\/10\/revisions\/8990"}],"up":[{"embeddable":true,"href":"https:\/\/www.sps-kadan.cz\/index.php?rest_route=\/wp\/v2\/pages\/2415"}],"wp:attachment":[{"href":"https:\/\/www.sps-kadan.cz\/index.php?rest_route=%2Fwp%2Fv2%2Fmedia&parent=10"}],"curies":[{"name":"wp","href":"https:\/\/api.w.org\/{rel}","templated":true}]}}