{"id":101,"date":"2015-01-13T15:57:05","date_gmt":"2015-01-13T14:57:05","guid":{"rendered":"http:\/\/www.sps-kadan.cz\/?page_id=101"},"modified":"2025-08-31T16:25:50","modified_gmt":"2025-08-31T15:25:50","slug":"skolni-rad","status":"publish","type":"page","link":"https:\/\/www.sps-kadan.cz\/?page_id=101","title":{"rendered":"\u0160koln\u00ed \u0159\u00e1d"},"content":{"rendered":"<p>\u0160koln\u00ed \u0159\u00e1d SP\u0160S a OA Kada\u0148:<\/p>\n<p>Pravidla pro hodnocen\u00ed v\u00fdsledk\u016f vzd\u011bl\u00e1v\u00e1n\u00ed \u017e\u00e1k\u016f &#8211; Vnit\u0159n\u00ed klasifika\u010dn\u00ed \u0159\u00e1d<\/p>\n\n\n<div class=\"wp-block-file\"><a href=\"https:\/\/www.sps-kadan.cz\/wp-content\/uploads\/2025\/08\/skolni-rad-2025_2026.pdf\">skolni-rad-2025_2026<\/a><a href=\"https:\/\/www.sps-kadan.cz\/wp-content\/uploads\/2025\/08\/skolni-rad-2025_2026.pdf\" class=\"wp-block-file__button\" download>St\u00e1hnout<\/a><\/div>\n\n\n\n<div class=\"wp-block-file\"><a href=\"https:\/\/www.sps-kadan.cz\/wp-content\/uploads\/2024\/10\/Pravidla-pro-hodnoceni-zaku.pdf\">Pravidla-pro-hodnoceni-zaku<\/a><a href=\"https:\/\/www.sps-kadan.cz\/wp-content\/uploads\/2024\/10\/Pravidla-pro-hodnoceni-zaku.pdf\" class=\"wp-block-file__button\" download>St\u00e1hnout<\/a><\/div>\n\n\n\n<div class=\"wp-block-file\"><a href=\"https:\/\/www.sps-kadan.cz\/wp-content\/uploads\/2020\/10\/DODATEK-s\u030ckolni\u0301-r\u030ca\u0301d.pdf\">DODATEK-s\u030ckolni\u0301-r\u030ca\u0301d<\/a><a href=\"https:\/\/www.sps-kadan.cz\/wp-content\/uploads\/2020\/10\/DODATEK-s\u030ckolni\u0301-r\u030ca\u0301d.pdf\" class=\"wp-block-file__button\" download>St\u00e1hnout<\/a><\/div>\n\n\n","protected":false},"excerpt":{"rendered":"<p>\u0160koln\u00ed \u0159\u00e1d SP\u0160S a OA Kada\u0148: Pravidla pro hodnocen\u00ed v\u00fdsledk\u016f vzd\u011bl\u00e1v\u00e1n\u00ed \u017e\u00e1k\u016f &#8211; Vnit\u0159n\u00ed klasifika\u010dn\u00ed \u0159\u00e1d<\/p>\n","protected":false},"author":6,"featured_media":0,"parent":89,"menu_order":0,"comment_status":"closed","ping_status":"closed","template":"","meta":[],"_links":{"self":[{"href":"https:\/\/www.sps-kadan.cz\/index.php?rest_route=\/wp\/v2\/pages\/101"}],"collection":[{"href":"https:\/\/www.sps-kadan.cz\/index.php?rest_route=\/wp\/v2\/pages"}],"about":[{"href":"https:\/\/www.sps-kadan.cz\/index.php?rest_route=\/wp\/v2\/types\/page"}],"author":[{"embeddable":true,"href":"https:\/\/www.sps-kadan.cz\/index.php?rest_route=\/wp\/v2\/users\/6"}],"replies":[{"embeddable":true,"href":"https:\/\/www.sps-kadan.cz\/index.php?rest_route=%2Fwp%2Fv2%2Fcomments&post=101"}],"version-history":[{"count":15,"href":"https:\/\/www.sps-kadan.cz\/index.php?rest_route=\/wp\/v2\/pages\/101\/revisions"}],"predecessor-version":[{"id":8812,"href":"https:\/\/www.sps-kadan.cz\/index.php?rest_route=\/wp\/v2\/pages\/101\/revisions\/8812"}],"up":[{"embeddable":true,"href":"https:\/\/www.sps-kadan.cz\/index.php?rest_route=\/wp\/v2\/pages\/89"}],"wp:attachment":[{"href":"https:\/\/www.sps-kadan.cz\/index.php?rest_route=%2Fwp%2Fv2%2Fmedia&parent=101"}],"curies":[{"name":"wp","href":"https:\/\/api.w.org\/{rel}","templated":true}]}}