{"id":121,"date":"2015-01-13T16:23:56","date_gmt":"2015-01-13T15:23:56","guid":{"rendered":"http:\/\/www.sps-kadan.cz\/?page_id=121"},"modified":"2025-12-15T13:18:47","modified_gmt":"2025-12-15T12:18:47","slug":"maturitni-zkousky","status":"publish","type":"page","link":"https:\/\/www.sps-kadan.cz\/?page_id=121","title":{"rendered":"Maturitn\u00ed zkou\u0161ky"},"content":{"rendered":"\n<p>Podrobn\u00e9 informace k maturitn\u00ed zkou\u0161ce naleznete na str\u00e1nk\u00e1ch:<\/p>\n\n\n\n<p><a href=\"https:\/\/maturita.cermat.cz\/\">https:\/\/maturita.cermat.cz\/<\/a><\/p>\n\n\n\n<h2>V\u0161eobecn\u00e9 informace k maturitn\u00edm zkou\u0161k\u00e1m<\/h2>\n\n\n\n<h3>Spole\u010dn\u00e1 \u010d\u00e1st &#8211; didaktick\u00e9 testy (DT)<\/h3>\n\n\n\n<p>DT kon\u00e1 \u017e\u00e1k ze dvou p\u0159edm\u011bt\u016f. Povinn\u011b z&nbsp;\u010cJL a druh\u00fd vol\u00ed mezi M a CJ. <\/p>\n\n\n\n<h2>Term\u00edny kon\u00e1n\u00ed<\/h2>\n\n\n\n<p>Didaktick\u00e9 testy spole\u010dn\u00e9 \u010d\u00e1sti maturitn\u00ed zkou\u0161ky se v jarn\u00edm zku\u0161ebn\u00edm obdob\u00ed 2026 budou konat&nbsp;<strong>4.\u20137. kv\u011btna 2026<\/strong>, v podzimn\u00edm zku\u0161ebn\u00edm obdob\u00ed pak&nbsp;<strong>1.\u201310. z\u00e1\u0159\u00ed 2026<\/strong>.<\/p>\n\n\n\n<p>Zkou\u0161ky profilov\u00e9 \u010d\u00e1sti se v jarn\u00edm zku\u0161ebn\u00edm obdob\u00ed budou konat v obdob\u00ed&nbsp;<strong>od 16. kv\u011btna do 10. \u010dervna 2026<\/strong>. Konkr\u00e9tn\u00ed term\u00edny stanov\u00ed \u0159editel \u0161koly nejpozd\u011bji 2 m\u011bs\u00edce p\u0159ed kon\u00e1n\u00edm zkou\u0161ek. V podzimn\u00edm zku\u0161ebn\u00edm obdob\u00ed je pro kon\u00e1n\u00ed zkou\u0161ek profilov\u00e9 \u010d\u00e1sti vyhrazeno obdob\u00ed&nbsp;<strong>1.\u201320. z\u00e1\u0159\u00ed 2026<\/strong>.&nbsp;<\/p>\n\n\n\n<p><\/p>\n\n\n\n<p><br><\/p>\n\n\n\n<h4>POVOLEN\u00c9 POM\u016eCKY<\/h4>\n\n\n\n<p><strong>\u010cesk\u00fd jazyk a literatura:<\/strong>&nbsp;u didaktick\u00e9ho testu nejsou povoleny \u017e\u00e1dn\u00e9 pom\u016fcky, p\u0159i p\u00edsemn\u00e9 pr\u00e1ci lze vyu\u017e\u00edt Pravidla \u010desk\u00e9ho pravopisu.<\/p>\n\n\n\n<p><strong>Ciz\u00ed jazyk:<\/strong>&nbsp;u didaktick\u00e9ho testu nejsou \u017e\u00e1dn\u00e9 pom\u016fcky povoleny. P\u0159i p\u00edsemn\u00e9 pr\u00e1ci m\u016f\u017eete pou\u017e\u00edt slovn\u00edk, nesm\u00ed v\u0161ak obsahovat p\u0159\u00edlohy v\u011bnovan\u00e9 p\u00edsemn\u00e9mu projevu<\/p>\n\n\n\n<p><strong>Matematika:<\/strong>&nbsp;Matematick\u00e9, fyzik\u00e1ln\u00ed a chemick\u00e9 tabulky pro st\u0159edn\u00ed \u0161koly (bez pozn\u00e1mek \u2013 vpisk\u016f, podtr\u017een\u00e9 pas\u00e1\u017ee \u010di z\u00e1lo\u017eky jsou povoleny); psac\u00ed a r\u00fdsovac\u00ed pot\u0159eby (propisovac\u00ed tu\u017eka, oby\u010dejn\u00e1 tu\u017eka, guma, prav\u00edtko, troj\u00faheln\u00edk s ryskou, \u00fahlom\u011br a kru\u017e\u00edtko); kalkula\u010dka bez grafick\u00e9ho re\u017eimu, \u0159e\u0161en\u00ed rovnic a \u00faprav algebraick\u00fdch v\u00fdraz\u016f.<\/p>\n\n\n\n<p class=\"has-large-font-size\"><strong>Profilov\u00e1 \u010d\u00e1st MZ jaro 2026<\/strong><\/p>\n\n\n\n<div class=\"wp-block-file\"><a href=\"https:\/\/www.sps-kadan.cz\/wp-content\/uploads\/2025\/04\/MZ-JARO-2025-1.docx\" class=\"wp-block-file__button\" download><\/a><\/div>\n\n\n\n<p><\/p>\n\n\n\n<h3>Profilov\u00e1 \u010d\u00e1st &#8211; p\u00edsemn\u00e1 pr\u00e1ce, \u00fastn\u00ed zkou\u0161ka, praktick\u00e1 zkou\u0161ka<\/h3>\n\n\n\n<div class=\"wp-block-file\"><a href=\"https:\/\/www.sps-kadan.cz\/wp-content\/uploads\/2025\/09\/Nabidka-povinnych-a-nepovinnych-MZ-2025-2026.pdf\">Nabidka-povinnych-a-nepovinnych-MZ-2025-2026<\/a><a href=\"https:\/\/www.sps-kadan.cz\/wp-content\/uploads\/2025\/09\/Nabidka-povinnych-a-nepovinnych-MZ-2025-2026.pdf\" class=\"wp-block-file__button\" download>St\u00e1hnout<br><\/a><\/div>\n\n\n\n<h4>P\u00edsemn\u00e1 pr\u00e1ce<\/h4>\n\n\n\n<p>z \u010desk\u00e9ho jazyka a literatury a p\u0159i v\u00fdb\u011bru i ciz\u00ed jazyk <\/p>\n\n\n\n<div class=\"wp-block-file\"><a href=\"https:\/\/www.sps-kadan.cz\/wp-content\/uploads\/2025\/09\/Kriteria-hodnoceni-maturitni-prace-z-CJL.pdf\">Kriteria-hodnoceni-maturitni-prace-z-CJL<\/a><a href=\"https:\/\/www.sps-kadan.cz\/wp-content\/uploads\/2025\/09\/Kriteria-hodnoceni-maturitni-prace-z-CJL.pdf\" class=\"wp-block-file__button\" download>St\u00e1hnout<\/a><\/div>\n\n\n\n<div class=\"wp-block-file\"><a href=\"https:\/\/www.sps-kadan.cz\/wp-content\/uploads\/2025\/09\/Kriteria-hodnoceni-pisemne-price-z-CJ.pdf\">Kriteria-hodnoceni-pisemne-price-z-CJ<\/a><a href=\"https:\/\/www.sps-kadan.cz\/wp-content\/uploads\/2025\/09\/Kriteria-hodnoceni-pisemne-price-z-CJ.pdf\" class=\"wp-block-file__button\" download>St\u00e1hbout<\/a><\/div>\n\n\n\n<div class=\"wp-block-file\"><a href=\"https:\/\/www.sps-kadan.cz\/wp-content\/uploads\/2025\/09\/Kriteria-hodnoceni-pisemne-prace-z-AJ.pdf\">Kriteria-hodnoceni-pisemne-prace-z-AJ<\/a><a href=\"https:\/\/www.sps-kadan.cz\/wp-content\/uploads\/2025\/09\/Kriteria-hodnoceni-pisemne-prace-z-AJ.pdf\" class=\"wp-block-file__button\" download>St\u00e1hnout<\/a><\/div>\n\n\n\n<p><\/p>\n\n\n\n<h2>T\u00e9mata p\u0159edm\u011bt\u016f \u00fastn\u00ed a praktick\u00e9 profilov\u00e9 \u010d\u00e1sti maturitn\u00ed zkou\u0161ky<\/h2>\n\n\n\n<p>V\u0161echny obory:<\/p>\n\n\n\n<h4>\u010cesk\u00fd jazyk a literatura<\/h4>\n\n\n\n<div class=\"wp-block-file\"><a href=\"https:\/\/www.sps-kadan.cz\/wp-content\/uploads\/2025\/09\/Skolni-seznam-ceske-a-svetove-literatury-k-ustni-maturitni-zkousce-z-cjl.pdf\">Skolni-seznam-ceske-a-svetove-literatury-k-ustni-maturitni-zkousce-z-cjl<\/a><a href=\"https:\/\/www.sps-kadan.cz\/wp-content\/uploads\/2025\/09\/Skolni-seznam-ceske-a-svetove-literatury-k-ustni-maturitni-zkousce-z-cjl.pdf\" class=\"wp-block-file__button\" download>St\u00e1hnout<\/a><\/div>\n\n\n\n<div class=\"wp-block-file\"><a href=\"https:\/\/www.sps-kadan.cz\/wp-content\/uploads\/2025\/09\/Tabulka-literarnich-del-k-MZ-z-CJL-2.docx\">Tabulka-literarnich-del-k-MZ-z-CJL-2<\/a><a href=\"https:\/\/www.sps-kadan.cz\/wp-content\/uploads\/2025\/09\/Tabulka-literarnich-del-k-MZ-z-CJL-2.docx\" class=\"wp-block-file__button\" download>St\u00e1hnout<\/a><\/div>\n\n\n\n<div class=\"wp-block-file\"><a href=\"https:\/\/www.sps-kadan.cz\/wp-content\/uploads\/2025\/09\/Pravidla-pro-vyber-cetby-k-maturitni-zkousce2026.docx\">Pravidla-pro-vyber-cetby-k-maturitni-zkousce2026<\/a><a href=\"https:\/\/www.sps-kadan.cz\/wp-content\/uploads\/2025\/09\/Pravidla-pro-vyber-cetby-k-maturitni-zkousce2026.docx\" class=\"wp-block-file__button\" download>St\u00e1hnout<\/a><\/div>\n\n\n\n<h4 style=\"font-size:1px\">Ciz\u00ed jazyk<\/h4>\n\n\n\n<div class=\"wp-block-file\"><a href=\"https:\/\/www.sps-kadan.cz\/wp-content\/uploads\/2025\/09\/Temata-anglicky-jazyk-ustni-MZ.pdf\"><br>Ciz\u00ed jazyk<br><br><br>Temata-anglicky-jazyk-ustni-MZ<\/a><a href=\"https:\/\/www.sps-kadan.cz\/wp-content\/uploads\/2025\/09\/Temata-anglicky-jazyk-ustni-MZ.pdf\" class=\"wp-block-file__button\" download>St\u00e1hnout<\/a><\/div>\n\n\n\n<div class=\"wp-block-file\"><a href=\"https:\/\/www.sps-kadan.cz\/wp-content\/uploads\/2025\/09\/Temata-nemecky-jazyk-ustni-MZ.pdf\">Temata-nemecky-jazyk-ustni-MZ<\/a><a href=\"https:\/\/www.sps-kadan.cz\/wp-content\/uploads\/2025\/09\/Temata-nemecky-jazyk-ustni-MZ.pdf\" class=\"wp-block-file__button\" download>St\u00e1hnou<\/a><\/div>\n\n\n\n<p><\/p>\n\n\n\n<p style=\"font-size:22px\">Nahrazuj\u00edc\u00ed zkou\u0161ka<\/p>\n\n\n\n<div class=\"wp-block-file\"><a href=\"https:\/\/www.sps-kadan.cz\/wp-content\/uploads\/2025\/12\/Nahrazujici-zkouska.docx\">Nahrazujici-zkouska<\/a><a href=\"https:\/\/www.sps-kadan.cz\/wp-content\/uploads\/2025\/12\/Nahrazujici-zkouska.docx\" class=\"wp-block-file__button\" download>St\u00e1hnout<\/a><\/div>\n\n\n\n<p><\/p>\n\n\n\n<div class=\"wp-block-file\"><a href=\"https:\/\/www.sps-kadan.cz\/wp-content\/uploads\/2025\/12\/Zadost-o-nahrazeni-MZ-z-ciziho-jazyka-formular.docx\">Zadost-o-nahrazeni-MZ-z-ciziho-jazyka-formular<\/a><a href=\"https:\/\/www.sps-kadan.cz\/wp-content\/uploads\/2025\/12\/Zadost-o-nahrazeni-MZ-z-ciziho-jazyka-formular.docx\" class=\"wp-block-file__button\" download>St\u00e1hnout<\/a><\/div>\n\n\n\n<p><\/p>\n\n\n\n<div class=\"wp-block-file\"><a href=\"https:\/\/www.sps-kadan.cz\/wp-content\/uploads\/2025\/12\/Seznam-jazykovych-zkousek.pdf\">Seznam-jazykovych-zkousek<\/a><a href=\"https:\/\/www.sps-kadan.cz\/wp-content\/uploads\/2025\/12\/Seznam-jazykovych-zkousek.pdf\" class=\"wp-block-file__button\" download>St\u00e1hnout<\/a><\/div>\n\n\n\n<h4>Obor: Stavebnictv\u00ed <\/h4>\n\n\n\n<p>Zam\u011b\u0159en\u00ed: Pozemn\u00ed stavitelstv\u00ed a architektura<\/p>\n\n\n\n<div class=\"wp-block-file\"><a href=\"https:\/\/www.sps-kadan.cz\/wp-content\/uploads\/2025\/09\/Temata-pozemni-stavitelstvi-ARC.pdf\">Temata-pozemni-stavitelstvi-ARC<\/a><a href=\"https:\/\/www.sps-kadan.cz\/wp-content\/uploads\/2025\/09\/Temata-pozemni-stavitelstvi-ARC.pdf\" class=\"wp-block-file__button\" download>St\u00e1hnout<\/a><\/div>\n\n\n\n<div class=\"wp-block-file\"><a href=\"https:\/\/www.sps-kadan.cz\/wp-content\/uploads\/2025\/09\/Temata-stavebni-konstrukce-ustni-ARC.pdf\">Temata-stavebni-konstrukce-ustni-ARC<\/a><a href=\"https:\/\/www.sps-kadan.cz\/wp-content\/uploads\/2025\/09\/Temata-stavebni-konstrukce-ustni-ARC.pdf\" class=\"wp-block-file__button\" download>St\u00e1hnout<\/a><\/div>\n\n\n\n<div class=\"wp-block-file\"><a href=\"https:\/\/www.sps-kadan.cz\/wp-content\/uploads\/2025\/09\/Temata-z-odbornych-predmetu-prakticka-zkouska-ARC.pdf\">Temata-z-odbornych-predmetu-prakticka-zkouska-ARC<\/a><a href=\"https:\/\/www.sps-kadan.cz\/wp-content\/uploads\/2025\/09\/Temata-z-odbornych-predmetu-prakticka-zkouska-ARC.pdf\" class=\"wp-block-file__button\" download>St\u00e1hnout<\/a><\/div>\n\n\n\n<p><\/p>\n\n\n\n<p>Zam\u011b\u0159en\u00ed: BIM projektov\u00e1n\u00ed<\/p>\n\n\n\n<div class=\"wp-block-file\"><a href=\"https:\/\/www.sps-kadan.cz\/wp-content\/uploads\/2025\/09\/Temata-BIM-projektovani-ustni-MZ.pdf\">Temata-BIM-projektovani-ustni-MZ<\/a><a href=\"https:\/\/www.sps-kadan.cz\/wp-content\/uploads\/2025\/09\/Temata-BIM-projektovani-ustni-MZ.pdf\" class=\"wp-block-file__button\" download>St\u00e1hnout<\/a><\/div>\n\n\n\n<div class=\"wp-block-file\"><a href=\"https:\/\/www.sps-kadan.cz\/wp-content\/uploads\/2025\/09\/Temata-z-pozemniho-stavitelstvi-ustni-BIM.pdf\">Temata-z-pozemniho-stavitelstvi-ustni-BIM<\/a><a href=\"https:\/\/www.sps-kadan.cz\/wp-content\/uploads\/2025\/09\/Temata-z-pozemniho-stavitelstvi-ustni-BIM.pdf\" class=\"wp-block-file__button\" download>St\u00e1hnout<\/a><\/div>\n\n\n\n<div class=\"wp-block-file\"><a href=\"https:\/\/www.sps-kadan.cz\/wp-content\/uploads\/2025\/09\/Temata-prakticka-MZ-z-odbornych-predmetu-BIM.pdf\">Temata-prakticka-MZ-z-odbornych-predmetu-BIM<\/a><a href=\"https:\/\/www.sps-kadan.cz\/wp-content\/uploads\/2025\/09\/Temata-prakticka-MZ-z-odbornych-predmetu-BIM.pdf\" class=\"wp-block-file__button\" download>St\u00e1hnout<\/a><\/div>\n\n\n\n<h4>Obor: Ekonomika a podnik\u00e1n\u00ed<\/h4>\n\n\n\n<div class=\"wp-block-file\"><a href=\"https:\/\/www.sps-kadan.cz\/wp-content\/uploads\/2025\/09\/Temata-pozemni-stavitelstvi-ustni-MZ-MS.pdf\">Temata-pozemni-stavitelstvi-ustni-MZ-MS<\/a><a href=\"https:\/\/www.sps-kadan.cz\/wp-content\/uploads\/2025\/09\/Temata-pozemni-stavitelstvi-ustni-MZ-MS.pdf\" class=\"wp-block-file__button\" download>St\u00e1hnout<\/a><\/div>\n\n\n\n<div class=\"wp-block-file\"><a href=\"https:\/\/www.sps-kadan.cz\/wp-content\/uploads\/2025\/09\/Temata-ekonomika-a-ucetnictvi-ustni-MZ-MS.pdf\">Temata-ekonomika-a-ucetnictvi-ustni-MZ-MS<\/a><a href=\"https:\/\/www.sps-kadan.cz\/wp-content\/uploads\/2025\/09\/Temata-ekonomika-a-ucetnictvi-ustni-MZ-MS.pdf\" class=\"wp-block-file__button\" download>St\u00e1hnout<\/a><\/div>\n\n\n\n<div class=\"wp-block-file\"><a href=\"https:\/\/www.sps-kadan.cz\/wp-content\/uploads\/2025\/09\/Temata-prakticka-zk-z-odbornych-predmetu-MS.pdf\">Temata-prakticka-zk-z-odbornych-predmetu-MS<\/a><a href=\"https:\/\/www.sps-kadan.cz\/wp-content\/uploads\/2025\/09\/Temata-prakticka-zk-z-odbornych-predmetu-MS.pdf\" class=\"wp-block-file__button\" download>St\u00e1hnout<\/a><\/div>\n\n\n\n<h4>Obor: Obchodn\u00ed akademie<\/h4>\n\n\n\n<div class=\"wp-block-file\"><a href=\"https:\/\/www.sps-kadan.cz\/wp-content\/uploads\/2025\/09\/Temata-ucetnictvi-ustni-MZ-OA.pdf\">Temata-ucetnictvi-ustni-MZ-OA<\/a><a href=\"https:\/\/www.sps-kadan.cz\/wp-content\/uploads\/2025\/09\/Temata-ucetnictvi-ustni-MZ-OA.pdf\" class=\"wp-block-file__button\" download>St\u00e1hnout<\/a><\/div>\n\n\n\n<div class=\"wp-block-file\"><a href=\"https:\/\/www.sps-kadan.cz\/wp-content\/uploads\/2025\/09\/Temata-ekonomika-ustni-MZ-OA.pdf\">Temata-ekonomika-ustni-MZ-OA<\/a><a href=\"https:\/\/www.sps-kadan.cz\/wp-content\/uploads\/2025\/09\/Temata-ekonomika-ustni-MZ-OA.pdf\" class=\"wp-block-file__button\" download>St\u00e1hnout<\/a><\/div>\n\n\n\n<div class=\"wp-block-file\"><a href=\"https:\/\/www.sps-kadan.cz\/wp-content\/uploads\/2025\/09\/Temata-prakticke-zkousky-OA.pdf\">Temata-prakticke-zkousky-OA<\/a><a href=\"https:\/\/www.sps-kadan.cz\/wp-content\/uploads\/2025\/09\/Temata-prakticke-zkousky-OA.pdf\" class=\"wp-block-file__button\" download>St\u00e1hnout<\/a><\/div>\n\n\n\n<p><\/p>\n\n\n\n<h4 id=\"block-d0558992-64fc-41df-94e6-e3ef4f24bd69\">Obor: Technick\u00e1 za\u0159\u00edzen\u00ed budov<\/h4>\n\n\n\n<div class=\"wp-block-file\"><a href=\"https:\/\/www.sps-kadan.cz\/wp-content\/uploads\/2025\/09\/Temata-zdravotni-technika-ustni-TZB.pdf\">Temata-zdravotni-technika-ustni-TZB<\/a><a href=\"https:\/\/www.sps-kadan.cz\/wp-content\/uploads\/2025\/09\/Temata-zdravotni-technika-ustni-TZB.pdf\" class=\"wp-block-file__button\" download>St\u00e1hnout<\/a><\/div>\n\n\n\n<div class=\"wp-block-file\"><a href=\"https:\/\/www.sps-kadan.cz\/wp-content\/uploads\/2025\/09\/Temata-vytapeni-ustni-MZ-TZB.pdf\">Temata-vytapeni-ustni-MZ-TZB<\/a><a href=\"https:\/\/www.sps-kadan.cz\/wp-content\/uploads\/2025\/09\/Temata-vytapeni-ustni-MZ-TZB.pdf\" class=\"wp-block-file__button\" download>St\u00e1hnout<\/a><\/div>\n\n\n\n<div class=\"wp-block-file\"><a href=\"https:\/\/www.sps-kadan.cz\/wp-content\/uploads\/2025\/09\/Temata-prakticka-MZ-TZB.pdf\">Temata-prakticka-MZ-TZB<\/a><a href=\"https:\/\/www.sps-kadan.cz\/wp-content\/uploads\/2025\/09\/Temata-prakticka-MZ-TZB.pdf\" class=\"wp-block-file__button\" download>St\u00e1hnout<\/a><\/div>\n\n\n\n<h4>T\u00e9mata nepovinn\u00fdch zkou\u0161ek (pro v\u0161echny obory)<\/h4>\n\n\n\n<div class=\"wp-block-file\"><a href=\"https:\/\/www.sps-kadan.cz\/wp-content\/uploads\/2025\/09\/Temata-anglicky-jazyk-ustni-nepovinna.pdf\">Temata-anglicky-jazyk-ustni-nepovinna<\/a><a href=\"https:\/\/www.sps-kadan.cz\/wp-content\/uploads\/2025\/09\/Temata-anglicky-jazyk-ustni-nepovinna.pdf\" class=\"wp-block-file__button\" download>St\u00e1hnout<\/a><\/div>\n\n\n\n<div class=\"wp-block-file\"><a href=\"https:\/\/www.sps-kadan.cz\/wp-content\/uploads\/2025\/09\/Temata-nemecky-jazyk-ustni-nepovinna.pdf\">Temata-nemecky-jazyk-ustni-nepovinna<\/a><a href=\"https:\/\/www.sps-kadan.cz\/wp-content\/uploads\/2025\/09\/Temata-nemecky-jazyk-ustni-nepovinna.pdf\" class=\"wp-block-file__button\" download>St\u00e1hnout<\/a><\/div>\n\n\n\n<div class=\"wp-block-file\"><a href=\"https:\/\/www.sps-kadan.cz\/wp-content\/uploads\/2025\/09\/Temata-matematika-ustni-nepovinna.pdf\">Temata-matematika-ustni-nepovinna<\/a><a href=\"https:\/\/www.sps-kadan.cz\/wp-content\/uploads\/2025\/09\/Temata-matematika-ustni-nepovinna.pdf\" class=\"wp-block-file__button\" download>St\u00e1hnout<\/a><\/div>\n\n\n\n<h4><strong>Krit\u00e9ria hodnocen\u00ed profilov\u00e9 \u010d\u00e1sti maturitn\u00ed zkou\u0161ky<\/strong><\/h4>\n\n\n\n<h5>Hodnocen\u00ed profilov\u00e9 zkou\u0161ky z&nbsp;\u010desk\u00e9ho jazyka a literatury a ciz\u00edho jazyka (forma p\u00edsemn\u00e9 a \u00fastn\u00ed zkou\u0161ky)<\/h5>\n\n\n\n<p><strong>\u010cesk\u00fd jazyk:<\/strong> V\u00e1ha zn\u00e1mky za p\u00edsemnou pr\u00e1ci je 40% a za \u00fastn\u00ed zkou\u0161ku 60%. <strong>Ciz\u00ed jazyk:<\/strong> V\u00e1ha zn\u00e1mky za p\u00edsemnou pr\u00e1ci je 40% a za \u00fastn\u00ed zkou\u0161ku 60%.Pokud m\u00e1 zkou\u0161ka v\u00edce \u010d\u00e1st\u00ed, usp\u011bje \u017e\u00e1k u zkou\u0161ky profilov\u00e9 \u010d\u00e1sti pouze tehdy, pokud \u00fasp\u011b\u0161n\u011b slo\u017e\u00ed v\u0161echny jej\u00ed \u010d\u00e1sti. V&nbsp;p\u0159\u00edpad\u011b, \u017ee n\u011bkterou \u010d\u00e1st zkou\u0161ky nevykon\u00e1 \u00fasp\u011b\u0161n\u011b, opakuje pouze tu \u010d\u00e1st, ve kter\u00e9 neusp\u011bl.<\/p>\n\n\n\n<div class=\"wp-block-file\"><a href=\"https:\/\/www.sps-kadan.cz\/wp-content\/uploads\/2025\/09\/Kriteria-hodnoceni-ustni-MZ-z-CJL.pdf\">Kriteria-hodnoceni-ustni-MZ-z-CJL<\/a><a href=\"https:\/\/www.sps-kadan.cz\/wp-content\/uploads\/2025\/09\/Kriteria-hodnoceni-ustni-MZ-z-CJL.pdf\" class=\"wp-block-file__button\" download>St\u00e1hnout<\/a><\/div>\n\n\n\n<div class=\"wp-block-file\"><a href=\"https:\/\/www.sps-kadan.cz\/wp-content\/uploads\/2025\/09\/Kriteria-hodnoceni-ustni-MZ-z-CJ.pdf\" target=\"_blank\" rel=\"noreferrer noopener\">Kriteria-hodnoceni-ustni-MZ-z-CJ<\/a><a href=\"https:\/\/www.sps-kadan.cz\/wp-content\/uploads\/2025\/09\/Kriteria-hodnoceni-ustni-MZ-z-CJ.pdf\" class=\"wp-block-file__button\" download>St\u00e1hnout<\/a><\/div>\n\n\n\n<div class=\"wp-block-file\"><a href=\"https:\/\/www.sps-kadan.cz\/wp-content\/uploads\/2025\/09\/Kriteria-hodnoceni-profilove-MZ.pdf\">Kriteria-hodnoceni-profilove-MZ<\/a><a href=\"https:\/\/www.sps-kadan.cz\/wp-content\/uploads\/2025\/09\/Kriteria-hodnoceni-profilove-MZ.pdf\" class=\"wp-block-file__button\" download>St\u00e1hnout<\/a><\/div>\n\n\n\n<div class=\"wp-block-file\"><a href=\"https:\/\/www.sps-kadan.cz\/wp-content\/uploads\/2025\/09\/Kriteruia-hodnoceni-profilove-MZ-pro-zaky-s.pdf\">Kriteruia-hodnoceni-profilove-MZ-pro-zaky-s<\/a><a href=\"https:\/\/www.sps-kadan.cz\/wp-content\/uploads\/2025\/09\/Kriteruia-hodnoceni-profilove-MZ-pro-zaky-s.pdf\" class=\"wp-block-file__button\" download>St\u00e1hnout<\/a><\/div>\n\n\n\n<h4>Praktick\u00e1 zkou\u0161ka z odborn\u00fdch p\u0159edm\u011bt\u016f<\/h4>\n\n\n\n<div class=\"wp-block-file\"><a href=\"https:\/\/www.sps-kadan.cz\/wp-content\/uploads\/2025\/09\/Kriteria-hodnoceni-prakticke-MZ-BIM.pdf\">Kriteria-hodnoceni-prakticke-MZ-BIM<\/a><a href=\"https:\/\/www.sps-kadan.cz\/wp-content\/uploads\/2025\/09\/Kriteria-hodnoceni-prakticke-MZ-BIM.pdf\" class=\"wp-block-file__button\" download>St\u00e1hnout<\/a><\/div>\n\n\n\n<div class=\"wp-block-file\"><a href=\"https:\/\/www.sps-kadan.cz\/wp-content\/uploads\/2025\/09\/Kriteria-hodnoceni-prakticke-MZ-ARC.pdf\">Kriteria-hodnoceni-prakticke-MZ-ARC<\/a><a href=\"https:\/\/www.sps-kadan.cz\/wp-content\/uploads\/2025\/09\/Kriteria-hodnoceni-prakticke-MZ-ARC.pdf\" class=\"wp-block-file__button\" download>St\u00e1hnout<\/a><\/div>\n\n\n\n<div class=\"wp-block-file\"><a href=\"https:\/\/www.sps-kadan.cz\/wp-content\/uploads\/2025\/09\/Kriteria-hodnoceni-prakticke-MZ-MS.pdf\">Kriteria-hodnoceni-prakticke-MZ-MS<\/a><a href=\"https:\/\/www.sps-kadan.cz\/wp-content\/uploads\/2025\/09\/Kriteria-hodnoceni-prakticke-MZ-MS.pdf\" class=\"wp-block-file__button\" download>St\u00e1hnout<\/a><\/div>\n\n\n\n<div class=\"wp-block-file\"><a href=\"https:\/\/www.sps-kadan.cz\/wp-content\/uploads\/2025\/09\/Kriteria-hodnoceni-prakticke-MZ-TZB.pdf\">Kriteria-hodnoceni-prakticke-MZ-TZB<\/a><a href=\"https:\/\/www.sps-kadan.cz\/wp-content\/uploads\/2025\/09\/Kriteria-hodnoceni-prakticke-MZ-TZB.pdf\" class=\"wp-block-file__button\" download>St\u00e1hnout<\/a><\/div>\n\n\n\n<div class=\"wp-block-file\"><a href=\"https:\/\/www.sps-kadan.cz\/wp-content\/uploads\/2025\/09\/Kriteria-hodnoceni-prakticke-zkousky-OA.pdf\">Kriteria-hodnoceni-prakticke-zkousky-OA<\/a><a href=\"https:\/\/www.sps-kadan.cz\/wp-content\/uploads\/2025\/09\/Kriteria-hodnoceni-prakticke-zkousky-OA.pdf\" class=\"wp-block-file__button\" download>St\u00e1hnout<\/a><\/div>\n","protected":false},"excerpt":{"rendered":"<p>Podrobn\u00e9 informace k maturitn\u00ed zkou\u0161ce naleznete na str\u00e1nk\u00e1ch: https:\/\/maturita.cermat.cz\/ V\u0161eobecn\u00e9 informace k maturitn\u00edm zkou\u0161k\u00e1m Spole\u010dn\u00e1 \u010d\u00e1st &#8211; didaktick\u00e9 testy (DT) DT kon\u00e1 \u017e\u00e1k ze dvou <a class=\"more-link\" href=\"https:\/\/www.sps-kadan.cz\/?page_id=121\">Cel\u00fd \u010dl\u00e1nek  <span class=\"screen-reader-text\">  Maturitn\u00ed zkou\u0161ky<\/span><span class=\"meta-nav\">&rarr;<\/span><\/a><\/p>\n","protected":false},"author":8,"featured_media":0,"parent":0,"menu_order":0,"comment_status":"closed","ping_status":"closed","template":"","meta":[],"_links":{"self":[{"href":"https:\/\/www.sps-kadan.cz\/index.php?rest_route=\/wp\/v2\/pages\/121"}],"collection":[{"href":"https:\/\/www.sps-kadan.cz\/index.php?rest_route=\/wp\/v2\/pages"}],"about":[{"href":"https:\/\/www.sps-kadan.cz\/index.php?rest_route=\/wp\/v2\/types\/page"}],"author":[{"embeddable":true,"href":"https:\/\/www.sps-kadan.cz\/index.php?rest_route=\/wp\/v2\/users\/8"}],"replies":[{"embeddable":true,"href":"https:\/\/www.sps-kadan.cz\/index.php?rest_route=%2Fwp%2Fv2%2Fcomments&post=121"}],"version-history":[{"count":240,"href":"https:\/\/www.sps-kadan.cz\/index.php?rest_route=\/wp\/v2\/pages\/121\/revisions"}],"predecessor-version":[{"id":8924,"href":"https:\/\/www.sps-kadan.cz\/index.php?rest_route=\/wp\/v2\/pages\/121\/revisions\/8924"}],"wp:attachment":[{"href":"https:\/\/www.sps-kadan.cz\/index.php?rest_route=%2Fwp%2Fv2%2Fmedia&parent=121"}],"curies":[{"name":"wp","href":"https:\/\/api.w.org\/{rel}","templated":true}]}}