{"id":134,"date":"2015-01-13T17:42:31","date_gmt":"2015-01-13T16:42:31","guid":{"rendered":"http:\/\/www.sps-kadan.cz\/?page_id=134"},"modified":"2026-01-29T12:19:14","modified_gmt":"2026-01-29T11:19:14","slug":"prijimaci-rizeni","status":"publish","type":"page","link":"https:\/\/www.sps-kadan.cz\/?page_id=134","title":{"rendered":"P\u0159ij\u00edmac\u00ed \u0159\u00edzen\u00ed"},"content":{"rendered":"\n<h2><strong>Vyhl\u00e1\u0161en\u00ed 1. kola p\u0159ij\u00edmac\u00edho \u0159\u00edzen\u00ed do<\/strong> <strong>1. ro\u010dn\u00edku a jednotn\u00e1 krit\u00e9ria pro 1. kolo p\u0159ij\u00edmac\u00edho \u0159\u00edzen\u00ed<\/strong> <strong>pro \u0161koln\u00ed rok 2026<\/strong><\/h2>\n\n\n\n<p><strong>Obory vzd\u011bl\u00e1v\u00e1n\u00ed s maturitn\u00ed zkou\u0161kou<\/strong><\/p>\n\n\n\n<p>36-47-M\/01 Stavebnictv\u00ed  &#8211; volba zam\u011b\u0159en\u00ed od 3. ro\u010dn\u00edku  <\/p>\n\n\n\n<p><em>&#8211; Pozemn\u00ed stavitelstv\u00ed a architektura<\/em><\/p>\n\n\n\n<p><em> &#8211; BIM projektov\u00e1n\u00ed<\/em><\/p>\n\n\n\n<p>36-45-M\/01  Technick\u00e1 za\u0159\u00edzen\u00ed budov<\/p>\n\n\n\n<p>63-41-M\/02 Obchodn\u00ed akademie<\/p>\n\n\n\n<div class=\"wp-block-file\"><a href=\"https:\/\/www.sps-kadan.cz\/wp-content\/uploads\/2026\/01\/KriteriaJPZ2026.pdf\">KriteriaJPZ2026<\/a><a href=\"https:\/\/www.sps-kadan.cz\/wp-content\/uploads\/2026\/01\/KriteriaJPZ2026.pdf\" class=\"wp-block-file__button\" download>St\u00e1hnout<\/a><\/div>\n\n\n\n<p><a href=\"https:\/\/prijimacky.cermat.cz\/\">https:\/\/prijimacky.cermat.cz\/<\/a><\/p>\n\n\n\n<p><\/p>\n\n\n\n<p><\/p>\n\n\n\n<p class=\"has-text-align-left\" style=\"font-size:25px\"><strong>Vyhl\u00e1\u0161en\u00ed 1. kola p\u0159ij\u00edmac\u00edho \u0159\u00edzen\u00ed do<\/strong>                                                                      <strong>1. ro\u010dn\u00edku a jednotn\u00e1 krit\u00e9ria pro 1. kolo p\u0159ij\u00edmac\u00edho \u0159\u00edzen\u00ed<\/strong> <strong>pro \u0161koln\u00ed rok 2025<\/strong><\/p>\n\n\n\n<div class=\"wp-block-file\"><a href=\"https:\/\/www.sps-kadan.cz\/wp-content\/uploads\/2025\/01\/Prijimaci-rizeni-pro-skolni-rok-2025-2026-vyhlaseni-1.-kola-kriteria.pdf\">Prijimaci-rizeni-pro-skolni-rok-2025-2026-vyhlaseni-1.-kola-kriteria<\/a><a href=\"https:\/\/www.sps-kadan.cz\/wp-content\/uploads\/2025\/01\/Prijimaci-rizeni-pro-skolni-rok-2025-2026-vyhlaseni-1.-kola-kriteria.pdf\" class=\"wp-block-file__button\" download>St\u00e1hnout<\/a><\/div>\n\n\n\n<div class=\"wp-block-file\"><a href=\"https:\/\/www.sps-kadan.cz\/wp-content\/uploads\/2025\/01\/Ucebni-plan-Stavebnictvi.pdf\">Ucebni-plan-Stavebnictvi<\/a><a href=\"https:\/\/www.sps-kadan.cz\/wp-content\/uploads\/2025\/01\/Ucebni-plan-Stavebnictvi.pdf\" class=\"wp-block-file__button\" download>St\u00e1hnout<\/a><\/div>\n\n\n\n<div class=\"wp-block-file\"><a href=\"https:\/\/www.sps-kadan.cz\/wp-content\/uploads\/2025\/01\/Ucebni-plan-Obchodni-akademie.pdf\">Ucebni-plan-Obchodni-akademie<\/a><a href=\"https:\/\/www.sps-kadan.cz\/wp-content\/uploads\/2025\/01\/Ucebni-plan-Obchodni-akademie.pdf\" class=\"wp-block-file__button\" download>St\u00e1hnout<\/a><\/div>\n\n\n\n<div class=\"wp-block-file\"><a href=\"https:\/\/www.sps-kadan.cz\/wp-content\/uploads\/2025\/01\/Ucebni-plan-Technicka-zarizeni-budov.pdf\">Ucebni-plan-Technicka-zarizeni-budov<\/a><a href=\"https:\/\/www.sps-kadan.cz\/wp-content\/uploads\/2025\/01\/Ucebni-plan-Technicka-zarizeni-budov.pdf\" class=\"wp-block-file__button\" download>St\u00e1hnout<\/a><\/div>\n\n\n\n<div class=\"wp-block-file\"><a href=\"https:\/\/www.sps-kadan.cz\/wp-content\/uploads\/2025\/01\/Ucebni-plan-Ekonomika-a-podnikani.pdf\">Ucebni-plan-Ekonomika-a-podnikani<\/a><a href=\"https:\/\/www.sps-kadan.cz\/wp-content\/uploads\/2025\/01\/Ucebni-plan-Ekonomika-a-podnikani.pdf\" class=\"wp-block-file__button\" download>St\u00e1hnout<\/a><\/div>\n\n\n<p><\/p>\n<h3><strong>Dokumenty ke sta\u017een\u00ed a odkazy:<\/strong><\/h3>\n<p>NEVZALI M\u011a NA ST\u0158EDN\u00cd, CO M\u016e\u017dU D\u011aLAT? &#8211; <a href=\"https:\/\/www.sps-kadan.cz\/wp-content\/uploads\/2024\/04\/priloha_1351062995_2_JPZ-letak.pdf\">&nbsp;let\u00e1k,<\/a> <a href=\"https:\/\/www.sps-kadan.cz\/wp-content\/uploads\/2024\/04\/priloha_1351062995_1_JPZ-letak-UA.pdf\">&nbsp;let\u00e1k UA<\/a><\/p>\n<p><a href=\"https:\/\/prihlaskynastredni.cz\">https:\/\/prihlaskynastredni.cz<\/a><\/p>\n<p><a href=\"https:\/\/www.sps-kadan.cz\/wp-content\/uploads\/2024\/01\/Informace-pro-uchazece-o-stredni-vzdelavani-a-jejich-zz.pdf\"><em>Informace pro uchaze\u010de o st\u0159edn\u00ed vzd\u011bl\u00e1v\u00e1n\u00ed a jejich z\u00e1konn\u00e9 z\u00e1stupce<\/em><\/a><\/p>\n<p><a href=\"https:\/\/www.msmt.cz\/vzdelavani\/stredni-vzdelavani\/prijimani-na-stredni-skoly-a-konzervatore\">https:\/\/www.msmt.cz\/vzdelavani\/stredni-vzdelavani\/prijimani-na-stredni-skoly-a-konzervatore<\/a><\/p>\n<p><a href=\"https:\/\/prijimacky.cermat.cz\">https:\/\/prijimacky.cermat.cz<\/a><\/p>\n<p><a href=\"https:\/\/www.msmt.cz\/dokumenty-3\/skolsky-zakon\">https:\/\/www.msmt.cz\/dokumenty-3\/skolsky-zakon<\/a><\/p>\n<h3><strong><a href=\"https:\/\/www.sps-kadan.cz\/wp-content\/uploads\/2024\/01\/Prijimaci-kriteria.pdf\">Vyhl\u00e1\u0161en\u00ed prvn\u00edho kola p\u0159ij\u00edmac\u00edho \u0159\u00edzen\u00ed do 1. ro\u010dn\u00edku a jednotn\u00e1 krit\u00e9ria 1. kola p\u0159ij\u00edmac\u00edho \u0159\u00edzen\u00ed<\/a><\/strong><\/h3>\n<h4>Otev\u00edran\u00e9 obory:<\/h4>\n<h5><a href=\"https:\/\/www.sps-kadan.cz\/wp-content\/uploads\/2024\/01\/Profil-absolventa-POS.docx\">Stavebnictv\u00ed<\/a><\/h5>\n<h5><a href=\"https:\/\/www.sps-kadan.cz\/wp-content\/uploads\/2024\/01\/Profil-absolventa-OA.doc\">Obchodn\u00ed akademie<\/a><\/h5>\n<h5><a href=\"https:\/\/www.sps-kadan.cz\/wp-content\/uploads\/2024\/01\/Profil-absolventa-MS.doc\">Ekonomika a podnik\u00e1n\u00ed<\/a><\/h5>\n<h5><a href=\"https:\/\/www.sps-kadan.cz\/wp-content\/uploads\/2024\/01\/Profil-absolventa-TZB.doc\">Technick\u00e1 za\u0159\u00edzen\u00ed budov<\/a><\/h5>\n<p><\/p>\n<p style=\"text-align: justify;\">\n<\/p><p style=\"text-align: justify;\">\n<\/p><h5>Ilustra\u010dn\u00ed testy:<\/h5>\n<p>\u010cesk\u00fd jazyk &#8211;&nbsp;<a href=\"https:\/\/www.sps-kadan.cz\/wp-content\/uploads\/2015\/01\/CJL9_jaro_2015_DT_ilustracni.pdf\">Didaktick\u00fd test<\/a>,&nbsp;<a href=\"https:\/\/www.sps-kadan.cz\/wp-content\/uploads\/2015\/01\/IT_PO-PR_ctyrlete-obory_CJL_2015_KLIC.pdf\">Kl\u00ed\u010d \u0159e\u0161en\u00ed<\/a><\/p>\n<p>Matematika &#8211; <a href=\"https:\/\/www.sps-kadan.cz\/wp-content\/uploads\/2015\/01\/MA9_jaro_2015_DT_ilustracni.pdf\">Didaktick\u00fd test<\/a>,&nbsp;<a href=\"https:\/\/www.sps-kadan.cz\/wp-content\/uploads\/2015\/01\/IT_PO-PR_ctyrlete-obory_MA_2015_KLIC.pdf\">Kl\u00ed\u010d \u0159e\u0161en\u00ed<\/a><\/p>\n\n\n<p><\/p>\n","protected":false},"excerpt":{"rendered":"<p>Vyhl\u00e1\u0161en\u00ed 1. kola p\u0159ij\u00edmac\u00edho \u0159\u00edzen\u00ed do 1. ro\u010dn\u00edku a jednotn\u00e1 krit\u00e9ria pro 1. kolo p\u0159ij\u00edmac\u00edho \u0159\u00edzen\u00ed pro \u0161koln\u00ed rok 2026 Obory vzd\u011bl\u00e1v\u00e1n\u00ed s maturitn\u00ed zkou\u0161kou <a class=\"more-link\" href=\"https:\/\/www.sps-kadan.cz\/?page_id=134\">Cel\u00fd \u010dl\u00e1nek  <span class=\"screen-reader-text\">  P\u0159ij\u00edmac\u00ed \u0159\u00edzen\u00ed<\/span><span class=\"meta-nav\">&rarr;<\/span><\/a><\/p>\n","protected":false},"author":6,"featured_media":0,"parent":0,"menu_order":0,"comment_status":"closed","ping_status":"closed","template":"","meta":[],"_links":{"self":[{"href":"https:\/\/www.sps-kadan.cz\/index.php?rest_route=\/wp\/v2\/pages\/134"}],"collection":[{"href":"https:\/\/www.sps-kadan.cz\/index.php?rest_route=\/wp\/v2\/pages"}],"about":[{"href":"https:\/\/www.sps-kadan.cz\/index.php?rest_route=\/wp\/v2\/types\/page"}],"author":[{"embeddable":true,"href":"https:\/\/www.sps-kadan.cz\/index.php?rest_route=\/wp\/v2\/users\/6"}],"replies":[{"embeddable":true,"href":"https:\/\/www.sps-kadan.cz\/index.php?rest_route=%2Fwp%2Fv2%2Fcomments&post=134"}],"version-history":[{"count":205,"href":"https:\/\/www.sps-kadan.cz\/index.php?rest_route=\/wp\/v2\/pages\/134\/revisions"}],"predecessor-version":[{"id":9043,"href":"https:\/\/www.sps-kadan.cz\/index.php?rest_route=\/wp\/v2\/pages\/134\/revisions\/9043"}],"wp:attachment":[{"href":"https:\/\/www.sps-kadan.cz\/index.php?rest_route=%2Fwp%2Fv2%2Fmedia&parent=134"}],"curies":[{"name":"wp","href":"https:\/\/api.w.org\/{rel}","templated":true}]}}