{"id":145,"date":"2015-01-13T17:55:02","date_gmt":"2015-01-13T16:55:02","guid":{"rendered":"http:\/\/www.sps-kadan.cz\/?page_id=145"},"modified":"2024-12-11T11:06:00","modified_gmt":"2024-12-11T10:06:00","slug":"metodik-prevence","status":"publish","type":"page","link":"https:\/\/www.sps-kadan.cz\/?page_id=145","title":{"rendered":"Metodik prevence"},"content":{"rendered":"<table>\n<tbody>\n<tr>\n<td><strong>Mgr. Iva Zachov\u00e1<\/strong><\/td>\n<td><\/td>\n<\/tr>\n<tr>\n<td>Telefon:<\/td>\n<td><strong>474 343 395<\/strong><\/td>\n<\/tr>\n<tr>\n<td>E-mail:<\/td>\n<td><a href=\"mailto:zachova.i@sps-kadan.cz\">izachova@sps-kadan.cz<\/a><\/td>\n<\/tr>\n<tr>\n<td>Konzulta\u010dn\u00ed\u00a0hodiny:<\/td>\n<td>p\u00e1tek 10:25 &#8211; 10:45(ostatn\u00ed term\u00edny po dohod\u011b)<\/td>\n<\/tr>\n<\/tbody>\n<\/table>\n","protected":false},"excerpt":{"rendered":"<p>Mgr. Iva Zachov\u00e1 Telefon: 474 343 395 E-mail: izachova@sps-kadan.cz Konzulta\u010dn\u00ed\u00a0hodiny: p\u00e1tek 10:25 &#8211; 10:45(ostatn\u00ed term\u00edny po dohod\u011b)<\/p>\n","protected":false},"author":6,"featured_media":0,"parent":2395,"menu_order":0,"comment_status":"closed","ping_status":"closed","template":"","meta":[],"_links":{"self":[{"href":"https:\/\/www.sps-kadan.cz\/index.php?rest_route=\/wp\/v2\/pages\/145"}],"collection":[{"href":"https:\/\/www.sps-kadan.cz\/index.php?rest_route=\/wp\/v2\/pages"}],"about":[{"href":"https:\/\/www.sps-kadan.cz\/index.php?rest_route=\/wp\/v2\/types\/page"}],"author":[{"embeddable":true,"href":"https:\/\/www.sps-kadan.cz\/index.php?rest_route=\/wp\/v2\/users\/6"}],"replies":[{"embeddable":true,"href":"https:\/\/www.sps-kadan.cz\/index.php?rest_route=%2Fwp%2Fv2%2Fcomments&post=145"}],"version-history":[{"count":8,"href":"https:\/\/www.sps-kadan.cz\/index.php?rest_route=\/wp\/v2\/pages\/145\/revisions"}],"predecessor-version":[{"id":8283,"href":"https:\/\/www.sps-kadan.cz\/index.php?rest_route=\/wp\/v2\/pages\/145\/revisions\/8283"}],"up":[{"embeddable":true,"href":"https:\/\/www.sps-kadan.cz\/index.php?rest_route=\/wp\/v2\/pages\/2395"}],"wp:attachment":[{"href":"https:\/\/www.sps-kadan.cz\/index.php?rest_route=%2Fwp%2Fv2%2Fmedia&parent=145"}],"curies":[{"name":"wp","href":"https:\/\/api.w.org\/{rel}","templated":true}]}}