{"id":158,"date":"2015-01-13T18:16:29","date_gmt":"2015-01-13T17:16:29","guid":{"rendered":"http:\/\/www.sps-kadan.cz\/?page_id=158"},"modified":"2019-02-25T12:48:25","modified_gmt":"2019-02-25T11:48:25","slug":"mp-kontakty","status":"publish","type":"page","link":"https:\/\/www.sps-kadan.cz\/?page_id=158","title":{"rendered":"MP kontakty"},"content":{"rendered":"<h5><strong>Preventivn\u00ed spoty prezentuj\u00edc\u00ed protidrogov\u00e9 soci\u00e1ln\u00ed slu\u017eby<\/strong><\/h5>\n<p>Spoty jsou um\u00edst\u011bn\u00e9 a ve\u0159ejn\u011b p\u0159\u00edstupn\u00e9 v\u00a0elektronick\u00e9m Katalogu soci\u00e1ln\u00edch slu\u017eeb \u00dasteck\u00e9ho kraje v\u00a0z\u00e1lo\u017ece \u201eProtidrogov\u00e1 prevence\u201c. Jednotliv\u00e1 videa je mo\u017eno st\u00e1hnout pro ulo\u017een\u00ed (pod videem je uveden zp\u016fsob sta\u017een\u00ed). P\u0159\u00edstup do katalogu je n\u00e1sleduj\u00edc\u00ed: <a href=\"http:\/\/socialnisluzby.kr-ustecky.cz\/\"> http:\/\/socialnisluzby.kr-ustecky.cz\/<\/a> &#8211; na horn\u00ed li\u0161t\u011b z\u00e1lo\u017eka \u201eProtidrogov\u00e1 prevence\u201c, p\u0159\u00edm\u00fd odkaz \u2013 <a href=\"http:\/\/socialnisluzby.kr-ustecky.cz\/protidrogova-prevence\/\"> http:\/\/socialnisluzby.kr-ustecky.cz\/protidrogova-prevence\/<\/a>.<\/p>\n<p>Videa jsou zve\u0159ejn\u011bna tak\u00e9 na webov\u00e9m serveru <a href=\"http:\/\/www.youtube.com\">www.youtube.com<\/a>, dle vyhled\u00e1v\u00e1n\u00ed kl\u00ed\u010dov\u00fdch slov nebo p\u0159\u00edm\u00e9 odkazy:<\/p>\n<p><strong>Kontaktn\u00ed centra\u00a0<\/strong>https:\/\/www.youtube.com\/watch?v=FExW91MbB4Y&amp;feature=youtu.be<\/p>\n<p><strong>Odborn\u00e9 soci\u00e1ln\u00ed poradenstv\u00ed\u00a0<\/strong>https:\/\/www.youtube.com\/watch?v=crRR9Cq04DQ&amp;feature=youtu.be<\/p>\n<p><strong>Slu\u017eby n\u00e1sledn\u00e9 p\u00e9\u010de\u00a0<\/strong>https:\/\/www.youtube.com\/watch?v=_kHJCQndHTU&amp;feature=youtu.be<\/p>\n<p><strong>Terapeutick\u00e1 komunita\u00a0<\/strong>https:\/\/www.youtube.com\/watch?v=bRQK1emTcvw&amp;feature=youtu.be<\/p>\n<p><strong>Ter\u00e9nn\u00ed programy<\/strong>https:\/\/www.youtube.com\/watch?v=icyPD69vC5c&amp;feature=youtu.be<\/p>\n<p><span style=\"text-decoration: underline;\"><strong>Informace pro rodi\u010de o programu \u0161koly proti \u0161ikan\u011b<\/strong><\/span><\/p>\n<p>V\u00e1\u017een\u00ed rodi\u010de,<\/p>\n<p>i ta nejlep\u0161\u00ed \u0161kola nen\u00ed zcela imunn\u00ed proti v\u00fdskytu \u0161ikanov\u00e1n\u00ed. Proto chceme b\u00fdt p\u0159ipraveni zachytit p\u0159\u00edpadn\u00e9 ubli\u017eov\u00e1n\u00ed siln\u011bj\u0161\u00edch slab\u0161\u00edm hned v po\u010d\u00e1tku a \u00fa\u010dinn\u011b takov\u00e9 bezpr\u00e1v\u00ed zastavit. S t\u00edmto z\u00e1m\u011brem jsme vytvo\u0159ili program proti \u0161ikanov\u00e1n\u00ed. Jeho d\u016fle\u017eitou sou\u010d\u00e1st\u00ed je spolupr\u00e1ce n\u00e1s pedagog\u016f s V\u00e1mi \u2013 rodi\u010di.<\/p>\n<p>Pros\u00edme V\u00e1s proto o pomoc. Pokud m\u00e1te podez\u0159en\u00ed \u010di dokonce jistotu, \u017ee je Va\u0161emu d\u00edt\u011bti ubli\u017eov\u00e1no, bezprost\u0159edn\u011b se na n\u00e1s obra\u0165te (na t\u0159\u00eddn\u00edho u\u010ditele, \u0161koln\u00edho metodika prevence, v\u00fdchovnou poradkyni, \u0159editele \u0161koly). Vyu\u017e\u00edt lze email nebo telefonn\u00ed kontakt, kter\u00e9 jsou k dispozici na webov\u00fdch str\u00e1nk\u00e1ch \u0161koly. Va\u0161i informaci budeme br\u00e1t v\u00e1\u017en\u011b a situaci budeme odborn\u011b a bezpe\u010dn\u011b \u0159e\u0161it.<\/p>\n<p>Kada\u0148 1. 9. 2014<\/p>\n<p>D\u011bkujeme za Va\u0161i podporu.<\/p>\n<p>Ing. Jindra Zalab\u00e1kov\u00e1 \u2013\u0161koln\u00ed metodik prevence<\/p>\n<p>&nbsp;<\/p>\n<p>Sv\u00e9 dotazy ohledn\u011b \u0161ikany, drog, z\u00e1\u0161kol\u00e1ctv\u00ed a ostatn\u00edch soci\u00e1ln\u011b patologick\u00fdch jev\u016f m\u016f\u017eete pokl\u00e1dat:<\/p>\n<p><strong>PhDr. S\u00e1va Arabad\u017eiev<\/strong> \u2013 psychoterapeut, speci\u00e1ln\u00ed pedagog<\/p>\n<table border=\"0\">\n<tbody>\n<tr>\n<td>Email:<\/td>\n<td><strong><a href=\"mailto:sava@arabadziev.cz\">sava@arabadziev.cz<\/a><\/strong><strong><a title=\"S\u00e1va Arabad\u017eiev\" href=\"http:\/\/www.arabadziev.cz\/\" target=\"_blank\" rel=\"noopener noreferrer\">www.arabadziev.cz<\/a><\/strong><\/td>\n<\/tr>\n<tr>\n<td>Telefon:<\/td>\n<td><strong>736 633 595<\/strong><\/td>\n<\/tr>\n<\/tbody>\n<\/table>\n<p>Pokud chcete z\u016fstat v anonymit\u011b, v\u00e1\u0161 dotaz nemus\u00ed b\u00fdt podeps\u00e1n prav\u00fdm jm\u00e9nem, pop\u0159. si m\u016f\u017eete zvolit nov\u00fd email pouze pro komunikaci.<\/p>\n<p>&nbsp;<\/p>\n<p><strong><span style=\"text-decoration: underline;\">Webov\u00e9 str\u00e1nky a kontakty zam\u011b\u0159en\u00e9 na t\u00e9ma \u0160IKANA<\/span>:<\/strong><\/p>\n<p><strong>Webov\u00e9 str\u00e1nky s t\u00e9matikou \u0161koln\u00ed \u0161ikany a kyber\u0161ikany:<\/strong><\/p>\n<table border=\"0\">\n<tbody>\n<tr>\n<td><a title=\"\u0161ikana\" href=\"http:\/\/www.sikana.org\/\" target=\"_blank\" rel=\"noopener noreferrer\">www.sikana.org<\/a><\/td>\n<td>Spole\u010denstv\u00ed proti \u0161ikan\u011b<\/td>\n<\/tr>\n<tr>\n<td><a title=\"e-nebezpe\u010d\u00ed\" href=\"http:\/\/www.e-nebezpeci.cz\/\" target=\"_blank\" rel=\"noopener noreferrer\">www.e-nebezpeci.cz<\/a><\/td>\n<td>E-Nebezpe\u010d\u00ed pro u\u010ditele<\/td>\n<\/tr>\n<tr>\n<td><a title=\"e-nebezpe\u010d\u00ed\" href=\"http:\/\/www.ncbi.cz\/\" target=\"_blank\" rel=\"noopener noreferrer\">www.ncbi.cz<\/a><\/td>\n<td>N\u00e1rodn\u00ed centrum bezpe\u010dn\u011bj\u0161\u00edho internetu<\/td>\n<\/tr>\n<\/tbody>\n<\/table>\n<p><strong>Kontakty:<\/strong><\/p>\n<table border=\"0\">\n<tbody>\n<tr>\n<td><a title=\"Linka bezpe\u010d\u00ed\" href=\"http:\/\/www.linkabezpeci.cz\/\" target=\"_blank\" rel=\"noopener noreferrer\" class=\"broken_link\">www.linkabezpeci.cz<\/a><\/td>\n<td>\u00a0\u00a0 Sdru\u017een\u00ed Linka bezpe\u010d\u00ed<\/td>\n<\/tr>\n<tr>\n<td><a title=\"minimalizace \u0161ikany\" href=\"http:\/\/www.minimalizacesikany.cz\/\" target=\"_blank\" rel=\"noopener noreferrer\">www.minimalizacesikany.cz<\/a><\/td>\n<td>\u00a0\u00a0 Poradna webu Minimalizace \u0161ikany<\/td>\n<\/tr>\n<tr>\n<td><a title=\"internet poradna\" href=\"http:\/\/www.internetporadna.cz\/\" target=\"_blank\" rel=\"noopener noreferrer\">www.internetporadna.cz<\/a><\/td>\n<td>\u00a0\u00a0 Internet poradna<\/td>\n<\/tr>\n<tr>\n<td><a href=\"http:\/\/www.horkalinkaczi.cz\" target=\"_blank\" rel=\"noopener noreferrer\" class=\"broken_link\">www.HorkaLinkaCzi.cz<\/a><\/td>\n<td>\u00a0\u00a0 Kontaktn\u00ed centrum, kter\u00e9 p\u0159ij\u00edm\u00e1 hl\u00e1\u0161en\u00ed, t\u00fdkaj\u00edc\u00ed se nez\u00e1konn\u00e9ho a nevhodn\u00e9ho obsahu internetu<\/td>\n<\/tr>\n<tr>\n<td><a title=\"poradna e-bezpe\u010d\u00ed\" href=\"http:\/\/www.napisnam.cz\/\" target=\"_blank\" rel=\"noopener noreferrer\">www.napisnam.cz<\/a><\/td>\n<td>\u00a0\u00a0 Poradna E-Bezpeci \u2013 poradensk\u00e1 linka zam\u011b\u0159en\u00e1 na prevenci rizikov\u00e9ho chov\u00e1n\u00ed na Internetu<\/td>\n<\/tr>\n<\/tbody>\n<\/table>\n","protected":false},"excerpt":{"rendered":"<p>Preventivn\u00ed spoty prezentuj\u00edc\u00ed protidrogov\u00e9 soci\u00e1ln\u00ed slu\u017eby Spoty jsou um\u00edst\u011bn\u00e9 a ve\u0159ejn\u011b p\u0159\u00edstupn\u00e9 v\u00a0elektronick\u00e9m Katalogu soci\u00e1ln\u00edch slu\u017eeb \u00dasteck\u00e9ho kraje v\u00a0z\u00e1lo\u017ece \u201eProtidrogov\u00e1 prevence\u201c. Jednotliv\u00e1 videa je mo\u017eno <a class=\"more-link\" href=\"https:\/\/www.sps-kadan.cz\/?page_id=158\">Cel\u00fd \u010dl\u00e1nek  <span class=\"screen-reader-text\">  MP kontakty<\/span><span class=\"meta-nav\">&rarr;<\/span><\/a><\/p>\n","protected":false},"author":6,"featured_media":0,"parent":145,"menu_order":0,"comment_status":"closed","ping_status":"closed","template":"","meta":[],"_links":{"self":[{"href":"https:\/\/www.sps-kadan.cz\/index.php?rest_route=\/wp\/v2\/pages\/158"}],"collection":[{"href":"https:\/\/www.sps-kadan.cz\/index.php?rest_route=\/wp\/v2\/pages"}],"about":[{"href":"https:\/\/www.sps-kadan.cz\/index.php?rest_route=\/wp\/v2\/types\/page"}],"author":[{"embeddable":true,"href":"https:\/\/www.sps-kadan.cz\/index.php?rest_route=\/wp\/v2\/users\/6"}],"replies":[{"embeddable":true,"href":"https:\/\/www.sps-kadan.cz\/index.php?rest_route=%2Fwp%2Fv2%2Fcomments&post=158"}],"version-history":[{"count":8,"href":"https:\/\/www.sps-kadan.cz\/index.php?rest_route=\/wp\/v2\/pages\/158\/revisions"}],"predecessor-version":[{"id":5300,"href":"https:\/\/www.sps-kadan.cz\/index.php?rest_route=\/wp\/v2\/pages\/158\/revisions\/5300"}],"up":[{"embeddable":true,"href":"https:\/\/www.sps-kadan.cz\/index.php?rest_route=\/wp\/v2\/pages\/145"}],"wp:attachment":[{"href":"https:\/\/www.sps-kadan.cz\/index.php?rest_route=%2Fwp%2Fv2%2Fmedia&parent=158"}],"curies":[{"name":"wp","href":"https:\/\/api.w.org\/{rel}","templated":true}]}}