{"id":162,"date":"2015-01-13T18:21:10","date_gmt":"2015-01-13T17:21:10","guid":{"rendered":"http:\/\/www.sps-kadan.cz\/?page_id=162"},"modified":"2018-09-14T10:49:42","modified_gmt":"2018-09-14T09:49:42","slug":"mp-ohlednuti","status":"publish","type":"page","link":"https:\/\/www.sps-kadan.cz\/?page_id=162","title":{"rendered":"MP ohl\u00e9dnut\u00ed"},"content":{"rendered":"<p><a href=\"https:\/\/www.sps-kadan.cz\/wp-content\/uploads\/2015\/01\/Ohl\u00e9dnut\u00ed-za-\u0161koln\u00edm-rokem-2017-2018.docx\">Ohl\u00e9dnut\u00ed za \u0161koln\u00edm rokem 2017-2018<\/a><\/p>\n<p><a href=\"https:\/\/www.sps-kadan.cz\/wp-content\/uploads\/2015\/01\/ohl\u00e9dnut\u00ed-za-2016-2017.pdf\">Ohl\u00e9dnut\u00ed za \u0161koln\u00edm rokem 2016-2017<\/a><\/p>\n<p><a href=\"https:\/\/www.sps-kadan.cz\/wp-content\/uploads\/2015\/01\/Ohl\u00e9dnut\u00ed-za-\u0161koln\u00edm-rokem-2015-2016.pdf\">Ohl\u00e9dnut\u00ed za \u0161koln\u00edm rokem 2015-2016<\/a><\/p>\n<p><a href=\"https:\/\/www.sps-kadan.cz\/wp-content\/uploads\/2015\/01\/Ohl\u00e9dnut\u00ed-za-\u0161koln\u00edm-rokem-2014-2015-2.pdf\">Ohl\u00e9dnut\u00ed-za-\u0161koln\u00edm-rokem-2014-2015 <\/a><\/p>\n<p>&nbsp;<\/p>\n<p>&nbsp;<\/p>\n","protected":false},"excerpt":{"rendered":"<p>Ohl\u00e9dnut\u00ed za \u0161koln\u00edm rokem 2017-2018 Ohl\u00e9dnut\u00ed za \u0161koln\u00edm rokem 2016-2017 Ohl\u00e9dnut\u00ed za \u0161koln\u00edm rokem 2015-2016 Ohl\u00e9dnut\u00ed-za-\u0161koln\u00edm-rokem-2014-2015 &nbsp; &nbsp;<\/p>\n","protected":false},"author":6,"featured_media":0,"parent":145,"menu_order":0,"comment_status":"closed","ping_status":"closed","template":"","meta":[],"_links":{"self":[{"href":"https:\/\/www.sps-kadan.cz\/index.php?rest_route=\/wp\/v2\/pages\/162"}],"collection":[{"href":"https:\/\/www.sps-kadan.cz\/index.php?rest_route=\/wp\/v2\/pages"}],"about":[{"href":"https:\/\/www.sps-kadan.cz\/index.php?rest_route=\/wp\/v2\/types\/page"}],"author":[{"embeddable":true,"href":"https:\/\/www.sps-kadan.cz\/index.php?rest_route=\/wp\/v2\/users\/6"}],"replies":[{"embeddable":true,"href":"https:\/\/www.sps-kadan.cz\/index.php?rest_route=%2Fwp%2Fv2%2Fcomments&post=162"}],"version-history":[{"count":11,"href":"https:\/\/www.sps-kadan.cz\/index.php?rest_route=\/wp\/v2\/pages\/162\/revisions"}],"predecessor-version":[{"id":5161,"href":"https:\/\/www.sps-kadan.cz\/index.php?rest_route=\/wp\/v2\/pages\/162\/revisions\/5161"}],"up":[{"embeddable":true,"href":"https:\/\/www.sps-kadan.cz\/index.php?rest_route=\/wp\/v2\/pages\/145"}],"wp:attachment":[{"href":"https:\/\/www.sps-kadan.cz\/index.php?rest_route=%2Fwp%2Fv2%2Fmedia&parent=162"}],"curies":[{"name":"wp","href":"https:\/\/api.w.org\/{rel}","templated":true}]}}