{"id":166,"date":"2015-01-13T18:23:59","date_gmt":"2015-01-13T17:23:59","guid":{"rendered":"http:\/\/www.sps-kadan.cz\/?page_id=166"},"modified":"2024-12-11T11:08:19","modified_gmt":"2024-12-11T10:08:19","slug":"vychovny-poradce","status":"publish","type":"page","link":"https:\/\/www.sps-kadan.cz\/?page_id=166","title":{"rendered":"V\u00fdchovn\u00fd poradce"},"content":{"rendered":"<p><strong>Ing. Helena Krausov\u00e1<\/strong><\/p>\n<table border=\"0\">\n<tbody>\n<tr>\n<td>e-mail:<\/td>\n<td><a href=\"mailto:krausova.h@sps-kadan.cz\">hkrausova@sps-kadan.cz<\/a><\/td>\n<\/tr>\n<tr>\n<td>tel.:<\/td>\n<td><strong>474 343 394<\/strong><\/td>\n<\/tr>\n<tr>\n<td>konzulta\u010dn\u00ed hodiny:<\/td>\n<td><strong>po p\u0159edchoz\u00ed domluv\u011b<\/strong><\/td>\n<\/tr>\n<tr>\n<td>kabinet:<\/td>\n<td><strong>p\u0159\u00edzem\u00ed SB<\/strong><\/td>\n<\/tr>\n<\/tbody>\n<\/table>\n<p><span style=\"text-decoration: underline;\">P\u00e1r informac\u00ed od v\u00fdchovn\u00e9 poradkyn\u011b<\/span>:<\/p>\n<p><a title=\"V\u00fdchovn\u00fd poradce\" href=\"\/wp-content\/uploads\/2015\/01\/Vychovne_poradenstvi.pdf\" target=\"_blank\" rel=\"noopener\"><img loading=\"lazy\" src=\"\/wp-content\/uploads\/2015\/01\/\/knizka2.jpg\" alt=\"knizka2\" width=\"50\" height=\"39\" \/><\/a><\/p>\n<p><a class=\"msgbody\" title=\"info\" href=\"http:\/\/www.infoabsolvent.cz\/\" target=\"_blank\" rel=\"noopener\">www.infoabsolvent.cz<\/a><\/p>\n<p><a title=\"pro maturanty\" href=\"\/wp-content\/uploads\/2015\/01\/Odkaz_na_pruku_V.pdf\" target=\"_blank\" rel=\"noopener\">P\u0159\u00edru\u010dka pro maturanty<\/a><\/p>\n<table border=\"0\">\n<tbody>\n<tr>\n<td>Vysok\u00e9Skoly.cz<\/td>\n<td><\/td>\n<\/tr>\n<tr>\n<td><\/td>\n<td><\/td>\n<\/tr>\n<\/tbody>\n<\/table>\n<p><strong>Co port\u00e1l <a title=\"unium\" href=\"http:\/\/www.unium.cz\/\" target=\"_blank\" rel=\"noopener\" class=\"broken_link\">UNIUM<\/a> umo\u017en\u00ed \u017e\u00e1k\u016fm?<\/strong><\/p>\n<table border=\"0\">\n<tbody>\n<tr>\n<td>Zjistit, co konkr\u00e9tn\u011b se na jednotliv\u00fdch V\u0160 studuje (dokonce umo\u017e\u0148uje i prohl\u00e9dnout si z\u00e1pisky z hodin, uk\u00e1zky test\u016f, atd.). Prohl\u00e9dnout si n\u00e1zory student\u016f jednotliv\u00fdch \u0161kol na jejich fakultu a \u0161kolu (ka\u017ed\u00e1 \u0161kola i fakulta m\u00e1 svou vlastn\u00ed skupinu s diskusn\u00edmi f\u00f3ry, fotografiemi, atd.). Komunikovat se studenty V\u0160 \u00da\u010dastnit se burzy u\u010debnic.<\/td>\n<\/tr>\n<\/tbody>\n<\/table>\n","protected":false},"excerpt":{"rendered":"<p>Ing. Helena Krausov\u00e1 e-mail: hkrausova@sps-kadan.cz tel.: 474 343 394 konzulta\u010dn\u00ed hodiny: po p\u0159edchoz\u00ed domluv\u011b kabinet: p\u0159\u00edzem\u00ed SB P\u00e1r informac\u00ed od v\u00fdchovn\u00e9 poradkyn\u011b: www.infoabsolvent.cz P\u0159\u00edru\u010dka pro <a class=\"more-link\" href=\"https:\/\/www.sps-kadan.cz\/?page_id=166\">Cel\u00fd \u010dl\u00e1nek  <span class=\"screen-reader-text\">  V\u00fdchovn\u00fd poradce<\/span><span class=\"meta-nav\">&rarr;<\/span><\/a><\/p>\n","protected":false},"author":6,"featured_media":0,"parent":2395,"menu_order":0,"comment_status":"closed","ping_status":"closed","template":"","meta":[],"_links":{"self":[{"href":"https:\/\/www.sps-kadan.cz\/index.php?rest_route=\/wp\/v2\/pages\/166"}],"collection":[{"href":"https:\/\/www.sps-kadan.cz\/index.php?rest_route=\/wp\/v2\/pages"}],"about":[{"href":"https:\/\/www.sps-kadan.cz\/index.php?rest_route=\/wp\/v2\/types\/page"}],"author":[{"embeddable":true,"href":"https:\/\/www.sps-kadan.cz\/index.php?rest_route=\/wp\/v2\/users\/6"}],"replies":[{"embeddable":true,"href":"https:\/\/www.sps-kadan.cz\/index.php?rest_route=%2Fwp%2Fv2%2Fcomments&post=166"}],"version-history":[{"count":3,"href":"https:\/\/www.sps-kadan.cz\/index.php?rest_route=\/wp\/v2\/pages\/166\/revisions"}],"predecessor-version":[{"id":8284,"href":"https:\/\/www.sps-kadan.cz\/index.php?rest_route=\/wp\/v2\/pages\/166\/revisions\/8284"}],"up":[{"embeddable":true,"href":"https:\/\/www.sps-kadan.cz\/index.php?rest_route=\/wp\/v2\/pages\/2395"}],"wp:attachment":[{"href":"https:\/\/www.sps-kadan.cz\/index.php?rest_route=%2Fwp%2Fv2%2Fmedia&parent=166"}],"curies":[{"name":"wp","href":"https:\/\/api.w.org\/{rel}","templated":true}]}}