{"id":174,"date":"2015-01-13T18:29:08","date_gmt":"2015-01-13T17:29:08","guid":{"rendered":"http:\/\/www.sps-kadan.cz\/?page_id=174"},"modified":"2017-05-09T07:24:34","modified_gmt":"2017-05-09T06:24:34","slug":"souteze","status":"publish","type":"page","link":"https:\/\/www.sps-kadan.cz\/?page_id=174","title":{"rendered":"Sout\u011b\u017ee"},"content":{"rendered":"<p><a href=\"https:\/\/www.sps-kadan.cz\/wp-content\/uploads\/2015\/01\/IMG_20170426_0823151.jpg\"><img loading=\"lazy\" class=\"alignnone size-medium wp-image-4541\" src=\"https:\/\/www.sps-kadan.cz\/wp-content\/uploads\/2015\/01\/IMG_20170426_0823151-200x150.jpg\" alt=\"IMG_20170426_082315[1]\" width=\"200\" height=\"150\" srcset=\"https:\/\/www.sps-kadan.cz\/wp-content\/uploads\/2015\/01\/IMG_20170426_0823151-200x150.jpg 200w, https:\/\/www.sps-kadan.cz\/wp-content\/uploads\/2015\/01\/IMG_20170426_0823151-150x113.jpg 150w, https:\/\/www.sps-kadan.cz\/wp-content\/uploads\/2015\/01\/IMG_20170426_0823151-700x525.jpg 700w\" sizes=\"(max-width: 200px) 100vw, 200px\" \/><\/a><a href=\"https:\/\/www.sps-kadan.cz\/wp-content\/uploads\/2015\/01\/IMG_4776.jpg\"><img loading=\"lazy\" class=\"alignnone size-medium wp-image-4543\" src=\"https:\/\/www.sps-kadan.cz\/wp-content\/uploads\/2015\/01\/IMG_4776-200x150.jpg\" alt=\"IMG_4776\" width=\"200\" height=\"150\" srcset=\"https:\/\/www.sps-kadan.cz\/wp-content\/uploads\/2015\/01\/IMG_4776-200x150.jpg 200w, https:\/\/www.sps-kadan.cz\/wp-content\/uploads\/2015\/01\/IMG_4776-150x113.jpg 150w, https:\/\/www.sps-kadan.cz\/wp-content\/uploads\/2015\/01\/IMG_4776-700x525.jpg 700w\" sizes=\"(max-width: 200px) 100vw, 200px\" \/><\/a><a href=\"https:\/\/www.sps-kadan.cz\/wp-content\/uploads\/2016\/04\/Okr.k.SO\u010c30.3.16-020.jpg\"><img loading=\"lazy\" class=\"alignnone size-medium wp-image-3833\" src=\"https:\/\/www.sps-kadan.cz\/wp-content\/uploads\/2016\/04\/Okr.k.SO\u010c30.3.16-020-200x150.jpg\" alt=\"Okr.k.SO\u010c30.3.16 020\" width=\"200\" height=\"150\" srcset=\"https:\/\/www.sps-kadan.cz\/wp-content\/uploads\/2016\/04\/Okr.k.SO\u010c30.3.16-020-200x150.jpg 200w, https:\/\/www.sps-kadan.cz\/wp-content\/uploads\/2016\/04\/Okr.k.SO\u010c30.3.16-020-150x113.jpg 150w, https:\/\/www.sps-kadan.cz\/wp-content\/uploads\/2016\/04\/Okr.k.SO\u010c30.3.16-020-700x525.jpg 700w, https:\/\/www.sps-kadan.cz\/wp-content\/uploads\/2016\/04\/Okr.k.SO\u010c30.3.16-020.jpg 1000w\" sizes=\"(max-width: 200px) 100vw, 200px\" \/><\/a><a href=\"https:\/\/www.sps-kadan.cz\/wp-content\/uploads\/2016\/02\/12.2.16-024.jpg\"><img loading=\"lazy\" class=\"alignnone size-medium wp-image-3792\" src=\"https:\/\/www.sps-kadan.cz\/wp-content\/uploads\/2016\/02\/12.2.16-024-200x150.jpg\" alt=\"12.2.16 024\" width=\"200\" height=\"150\" srcset=\"https:\/\/www.sps-kadan.cz\/wp-content\/uploads\/2016\/02\/12.2.16-024-200x150.jpg 200w, https:\/\/www.sps-kadan.cz\/wp-content\/uploads\/2016\/02\/12.2.16-024-150x113.jpg 150w, https:\/\/www.sps-kadan.cz\/wp-content\/uploads\/2016\/02\/12.2.16-024-700x525.jpg 700w, https:\/\/www.sps-kadan.cz\/wp-content\/uploads\/2016\/02\/12.2.16-024.jpg 1000w\" sizes=\"(max-width: 200px) 100vw, 200px\" \/><\/a><a href=\"https:\/\/www.sps-kadan.cz\/wp-content\/uploads\/2016\/01\/logo-knih1.jpg\"><img loading=\"lazy\" class=\"alignnone size-medium wp-image-3639\" src=\"https:\/\/www.sps-kadan.cz\/wp-content\/uploads\/2016\/01\/logo-knih1-200x113.jpg\" alt=\"logo-knih1\" width=\"200\" height=\"113\" srcset=\"https:\/\/www.sps-kadan.cz\/wp-content\/uploads\/2016\/01\/logo-knih1-200x113.jpg 200w, https:\/\/www.sps-kadan.cz\/wp-content\/uploads\/2016\/01\/logo-knih1-150x84.jpg 150w, https:\/\/www.sps-kadan.cz\/wp-content\/uploads\/2016\/01\/logo-knih1-700x394.jpg 700w\" sizes=\"(max-width: 200px) 100vw, 200px\" \/><\/a><a href=\"https:\/\/www.sps-kadan.cz\/wp-content\/uploads\/2015\/11\/12184233_989402897784196_519659873904411186_o.jpg\"><img loading=\"lazy\" class=\"alignnone size-medium wp-image-3523\" src=\"https:\/\/www.sps-kadan.cz\/wp-content\/uploads\/2015\/11\/12184233_989402897784196_519659873904411186_o-200x153.jpg\" alt=\"12184233_989402897784196_519659873904411186_o\" width=\"200\" height=\"153\" srcset=\"https:\/\/www.sps-kadan.cz\/wp-content\/uploads\/2015\/11\/12184233_989402897784196_519659873904411186_o-200x153.jpg 200w, https:\/\/www.sps-kadan.cz\/wp-content\/uploads\/2015\/11\/12184233_989402897784196_519659873904411186_o-150x114.jpg 150w, https:\/\/www.sps-kadan.cz\/wp-content\/uploads\/2015\/11\/12184233_989402897784196_519659873904411186_o-700x534.jpg 700w, https:\/\/www.sps-kadan.cz\/wp-content\/uploads\/2015\/11\/12184233_989402897784196_519659873904411186_o.jpg 1000w\" sizes=\"(max-width: 200px) 100vw, 200px\" \/><\/a><a href=\"https:\/\/www.sps-kadan.cz\/wp-content\/uploads\/2015\/06\/IMG_20150623_125839_641.jpg\"><img loading=\"lazy\" class=\"alignnone size-medium wp-image-3255\" src=\"https:\/\/www.sps-kadan.cz\/wp-content\/uploads\/2015\/06\/IMG_20150623_125839_641-200x150.jpg\" alt=\"IMG_20150623_125839_641\" width=\"200\" height=\"150\" srcset=\"https:\/\/www.sps-kadan.cz\/wp-content\/uploads\/2015\/06\/IMG_20150623_125839_641-200x150.jpg 200w, https:\/\/www.sps-kadan.cz\/wp-content\/uploads\/2015\/06\/IMG_20150623_125839_641-150x113.jpg 150w, https:\/\/www.sps-kadan.cz\/wp-content\/uploads\/2015\/06\/IMG_20150623_125839_641-700x525.jpg 700w\" sizes=\"(max-width: 200px) 100vw, 200px\" \/><\/a><a href=\"https:\/\/www.sps-kadan.cz\/wp-content\/uploads\/2015\/04\/osv..jpg\"><img loading=\"lazy\" class=\"alignnone size-medium wp-image-3127\" src=\"https:\/\/www.sps-kadan.cz\/wp-content\/uploads\/2015\/04\/osv.-200x150.jpg\" alt=\"osv.\" width=\"200\" height=\"150\" srcset=\"https:\/\/www.sps-kadan.cz\/wp-content\/uploads\/2015\/04\/osv.-200x150.jpg 200w, https:\/\/www.sps-kadan.cz\/wp-content\/uploads\/2015\/04\/osv.-150x113.jpg 150w, https:\/\/www.sps-kadan.cz\/wp-content\/uploads\/2015\/04\/osv.-700x525.jpg 700w\" sizes=\"(max-width: 200px) 100vw, 200px\" \/><\/a><a href=\"https:\/\/www.sps-kadan.cz\/wp-content\/uploads\/2015\/03\/P1130064.jpg\"><img loading=\"lazy\" class=\"alignnone size-medium wp-image-3059\" src=\"https:\/\/www.sps-kadan.cz\/wp-content\/uploads\/2015\/03\/P1130064-200x150.jpg\" alt=\"P1130064\" width=\"200\" height=\"150\" srcset=\"https:\/\/www.sps-kadan.cz\/wp-content\/uploads\/2015\/03\/P1130064-200x150.jpg 200w, https:\/\/www.sps-kadan.cz\/wp-content\/uploads\/2015\/03\/P1130064-150x113.jpg 150w, https:\/\/www.sps-kadan.cz\/wp-content\/uploads\/2015\/03\/P1130064-700x525.jpg 700w, https:\/\/www.sps-kadan.cz\/wp-content\/uploads\/2015\/03\/P1130064.jpg 2048w\" sizes=\"(max-width: 200px) 100vw, 200px\" \/><\/a><a href=\"https:\/\/www.sps-kadan.cz\/wp-content\/uploads\/2015\/01\/DSC04652.jpg\"><img loading=\"lazy\" class=\"alignnone size-medium wp-image-1688\" src=\"https:\/\/www.sps-kadan.cz\/wp-content\/uploads\/2015\/01\/DSC04652-200x150.jpg\" alt=\"Pisqworki\u00e1da\" width=\"200\" height=\"150\" srcset=\"https:\/\/www.sps-kadan.cz\/wp-content\/uploads\/2015\/01\/DSC04652-200x150.jpg 200w, https:\/\/www.sps-kadan.cz\/wp-content\/uploads\/2015\/01\/DSC04652-300x225.jpg 300w, https:\/\/www.sps-kadan.cz\/wp-content\/uploads\/2015\/01\/DSC04652-700x525.jpg 700w, https:\/\/www.sps-kadan.cz\/wp-content\/uploads\/2015\/01\/DSC04652.jpg 800w\" sizes=\"(max-width: 200px) 100vw, 200px\" \/><\/a><\/p>\n<p><a href=\"https:\/\/www.sps-kadan.cz\/wp-content\/uploads\/2015\/01\/IMG_0395.jpg\"><img loading=\"lazy\" class=\"alignnone size-medium wp-image-522\" src=\"https:\/\/www.sps-kadan.cz\/wp-content\/uploads\/2015\/01\/IMG_0395-300x225.jpg\" alt=\"\u0160koln\u00ed rok 2012\/2013\" width=\"200\" height=\"150\" srcset=\"https:\/\/www.sps-kadan.cz\/wp-content\/uploads\/2015\/01\/IMG_0395-300x225.jpg 300w, https:\/\/www.sps-kadan.cz\/wp-content\/uploads\/2015\/01\/IMG_0395-700x525.jpg 700w\" sizes=\"(max-width: 200px) 100vw, 200px\" \/><\/a><a href=\"https:\/\/www.sps-kadan.cz\/wp-content\/uploads\/2015\/01\/zaci.jpg\"><img loading=\"lazy\" class=\"alignnone size-medium wp-image-386\" src=\"https:\/\/www.sps-kadan.cz\/wp-content\/uploads\/2015\/01\/zaci-245x300.jpg\" alt=\"60. v\u00fdro\u010d\u00ed a reko \u0161koly\" width=\"163\" height=\"200\" srcset=\"https:\/\/www.sps-kadan.cz\/wp-content\/uploads\/2015\/01\/zaci-245x300.jpg 245w, https:\/\/www.sps-kadan.cz\/wp-content\/uploads\/2015\/01\/zaci-572x700.jpg 572w, https:\/\/www.sps-kadan.cz\/wp-content\/uploads\/2015\/01\/zaci.jpg 600w\" sizes=\"(max-width: 163px) 100vw, 163px\" \/><\/a><\/p>\n<p><a title=\"odborn\u00e9 sout\u011b\u017ee\" href=\"\/?page_id=178\"><img class=\"alignleft\" src=\"\/wp-content\/uploads\/2015\/01\/CB_akce-300x225.jpg\" alt=\"odborn\u00e9 sout\u011b\u017ee\" width=\"300\" \/><\/a><\/p>\n<p>&nbsp;<\/p>\n<p><a title=\"sportovn\u00ed\" href=\"\/?page_id=217\"><img class=\"alignleft\" src=\"\/wp-content\/uploads\/2015\/01\/volejbal_3-300x225.jpg\" alt=\"sportovn\u00ed\" width=\"300\" \/><\/a><\/p>\n<p>&nbsp;<\/p>\n<p><a title=\"fiktivn\u00ed firmy\" href=\"\/?page_id=220\"><img class=\"alignleft\" src=\"\/wp-content\/uploads\/2015\/01\/fikt_firmy_2-300x225.jpg\" alt=\"fiktivn\u00ed firmy\" width=\"300\" \/><\/a><\/p>\n","protected":false},"excerpt":{"rendered":"<p>&nbsp; &nbsp;<\/p>\n","protected":false},"author":6,"featured_media":0,"parent":0,"menu_order":0,"comment_status":"closed","ping_status":"closed","template":"","meta":[],"_links":{"self":[{"href":"https:\/\/www.sps-kadan.cz\/index.php?rest_route=\/wp\/v2\/pages\/174"}],"collection":[{"href":"https:\/\/www.sps-kadan.cz\/index.php?rest_route=\/wp\/v2\/pages"}],"about":[{"href":"https:\/\/www.sps-kadan.cz\/index.php?rest_route=\/wp\/v2\/types\/page"}],"author":[{"embeddable":true,"href":"https:\/\/www.sps-kadan.cz\/index.php?rest_route=\/wp\/v2\/users\/6"}],"replies":[{"embeddable":true,"href":"https:\/\/www.sps-kadan.cz\/index.php?rest_route=%2Fwp%2Fv2%2Fcomments&post=174"}],"version-history":[{"count":2,"href":"https:\/\/www.sps-kadan.cz\/index.php?rest_route=\/wp\/v2\/pages\/174\/revisions"}],"predecessor-version":[{"id":4544,"href":"https:\/\/www.sps-kadan.cz\/index.php?rest_route=\/wp\/v2\/pages\/174\/revisions\/4544"}],"wp:attachment":[{"href":"https:\/\/www.sps-kadan.cz\/index.php?rest_route=%2Fwp%2Fv2%2Fmedia&parent=174"}],"curies":[{"name":"wp","href":"https:\/\/api.w.org\/{rel}","templated":true}]}}