{"id":178,"date":"2015-01-13T18:32:01","date_gmt":"2015-01-13T17:32:01","guid":{"rendered":"http:\/\/www.sps-kadan.cz\/?page_id=178"},"modified":"2015-01-30T12:02:59","modified_gmt":"2015-01-30T11:02:59","slug":"odborne-souteze","status":"publish","type":"page","link":"https:\/\/www.sps-kadan.cz\/?page_id=178","title":{"rendered":"Odborn\u00e9 sout\u011b\u017ee"},"content":{"rendered":"<ul>\n<li><a title=\"SO\u010c\" href=\"\/?page_id=182\"><strong>SO\u010c<\/strong><\/a><\/li>\n<li><a title=\"ForArch\" href=\"\/?page_id=188\"><strong>ForArch<\/strong><\/a><\/li>\n<li><a title=\"ArchiCAD\" href=\"\/?page_id=191\"><strong>ArchiCad<\/strong><\/a><\/li>\n<li><a title=\"KB Blok\" href=\"\/?page_id=193\"><strong>KB-Blok<\/strong><\/a><\/li>\n<li><a title=\"Velux\" href=\"\/?page_id=195\"><strong>Velux<\/strong><\/a><\/li>\n<li><a title=\"M\u011a\u010e\" href=\"\/?page_id=197\"><strong>M\u011b\u010f<\/strong><\/a><\/li>\n<li><a title=\"ostatn\u00ed\" href=\"\/?page_id=199\"><strong>ostatn\u00ed<\/strong><\/a><\/li>\n<\/ul>\n","protected":false},"excerpt":{"rendered":"<p>SO\u010c ForArch ArchiCad KB-Blok Velux M\u011b\u010f ostatn\u00ed<\/p>\n","protected":false},"author":6,"featured_media":0,"parent":174,"menu_order":0,"comment_status":"closed","ping_status":"closed","template":"","meta":[],"_links":{"self":[{"href":"https:\/\/www.sps-kadan.cz\/index.php?rest_route=\/wp\/v2\/pages\/178"}],"collection":[{"href":"https:\/\/www.sps-kadan.cz\/index.php?rest_route=\/wp\/v2\/pages"}],"about":[{"href":"https:\/\/www.sps-kadan.cz\/index.php?rest_route=\/wp\/v2\/types\/page"}],"author":[{"embeddable":true,"href":"https:\/\/www.sps-kadan.cz\/index.php?rest_route=\/wp\/v2\/users\/6"}],"replies":[{"embeddable":true,"href":"https:\/\/www.sps-kadan.cz\/index.php?rest_route=%2Fwp%2Fv2%2Fcomments&post=178"}],"version-history":[{"count":1,"href":"https:\/\/www.sps-kadan.cz\/index.php?rest_route=\/wp\/v2\/pages\/178\/revisions"}],"predecessor-version":[{"id":2865,"href":"https:\/\/www.sps-kadan.cz\/index.php?rest_route=\/wp\/v2\/pages\/178\/revisions\/2865"}],"up":[{"embeddable":true,"href":"https:\/\/www.sps-kadan.cz\/index.php?rest_route=\/wp\/v2\/pages\/174"}],"wp:attachment":[{"href":"https:\/\/www.sps-kadan.cz\/index.php?rest_route=%2Fwp%2Fv2%2Fmedia&parent=178"}],"curies":[{"name":"wp","href":"https:\/\/api.w.org\/{rel}","templated":true}]}}