{"id":182,"date":"2015-01-13T18:35:18","date_gmt":"2015-01-13T17:35:18","guid":{"rendered":"http:\/\/www.sps-kadan.cz\/?page_id=182"},"modified":"2020-01-10T13:38:48","modified_gmt":"2020-01-10T12:38:48","slug":"soc","status":"publish","type":"page","link":"https:\/\/www.sps-kadan.cz\/?page_id=182","title":{"rendered":"SO\u010c"},"content":{"rendered":"<header class=\"entry-header\">\n<header class=\"entry-header\">\n<h1 class=\"entry-title\">St\u0159edo\u0161kolsk\u00e1 odborn\u00e1 \u010dinnost<\/h1>\n<div class=\"entry-meta\"><span style=\"font-size: 16px; font-weight: 300;\">Dne 29. 3. 2019 prob\u011bhlo na SP\u0160S a OA Kada\u0148 okresn\u00ed kolo 41. ro\u010dn\u00edku SO\u010c.<\/span><\/div>\n<\/header>\n<div class=\"entry-content\">\n<p>Sv\u00e9 pr\u00e1ce zde p\u0159ed odbornou porotou obhajovali t\u0159i studenti:<\/p>\n<p>Martin Motl\u00edk (SP\u0160S a OA Kada\u0148), sout\u011b\u017en\u00ed obor 11 stavebnictv\u00ed, architektura a design interi\u00e9r\u016f, n\u00e1zev pr\u00e1ce: Pozn\u00e1vejme kr\u00e1lovskou Kada\u0148<br \/>\nFabi\u00e1n Bodn\u00e1r (Gymn\u00e1zium Kada\u0148), sout\u011b\u017en\u00ed obor 2 Fyzika, n\u00e1zev pr\u00e1ce: Objev nov\u00e9 prom\u011bnn\u00e9 hv\u011bzdy<br \/>\nOnd\u0159ej Klus\u00e1k (Gymn\u00e1zium Kada\u0148), sout\u011b\u017en\u00ed obor 4 Biologie, n\u00e1zev pr\u00e1ce: Alkaloidy vybran\u00fdch druh\u016f rostlin \u010deledi Asteraceae<br \/>\nV\u0161ichni t\u0159i studenti z\u00edskali za sv\u00e9 v\u00fdborn\u00e9 pr\u00e1ce a obhajoby 1. m\u00edsto ve sv\u00e9m sout\u011b\u017en\u00edm oboru a postoupili do krajsk\u00e9ho kola, kter\u00e9 se bude konat 25. 4. 2019 v \u00dast\u00ed nad Labem.<br \/>\nV\u0161em student\u016fm k jejich \u00fasp\u011bchu blahop\u0159ejeme!<\/p>\n<figure class=\"wp-block-image\"><img loading=\"lazy\" width=\"700\" height=\"525\" class=\"wp-image-5331\" src=\"https:\/\/www.sps-kadan.cz\/wp-content\/uploads\/2019\/04\/55504374_2272345989489874_9199391546519060480_n-700x525.jpg\" sizes=\"(max-width: 700px) 100vw, 700px\" srcset=\"https:\/\/www.sps-kadan.cz\/wp-content\/uploads\/2019\/04\/55504374_2272345989489874_9199391546519060480_n-700x525.jpg 700w, https:\/\/www.sps-kadan.cz\/wp-content\/uploads\/2019\/04\/55504374_2272345989489874_9199391546519060480_n-150x113.jpg 150w, https:\/\/www.sps-kadan.cz\/wp-content\/uploads\/2019\/04\/55504374_2272345989489874_9199391546519060480_n-200x150.jpg 200w, https:\/\/www.sps-kadan.cz\/wp-content\/uploads\/2019\/04\/55504374_2272345989489874_9199391546519060480_n-768x576.jpg 768w, https:\/\/www.sps-kadan.cz\/wp-content\/uploads\/2019\/04\/55504374_2272345989489874_9199391546519060480_n-785x589.jpg 785w, https:\/\/www.sps-kadan.cz\/wp-content\/uploads\/2019\/04\/55504374_2272345989489874_9199391546519060480_n.jpg 960w\" alt=\"\" \/><\/figure>\n<figure class=\"wp-block-image\"><img loading=\"lazy\" width=\"700\" height=\"525\" class=\"wp-image-5334\" src=\"https:\/\/www.sps-kadan.cz\/wp-content\/uploads\/2019\/04\/55865159_2272346036156536_6556119804699213824_o-700x525.jpg\" sizes=\"(max-width: 700px) 100vw, 700px\" srcset=\"https:\/\/www.sps-kadan.cz\/wp-content\/uploads\/2019\/04\/55865159_2272346036156536_6556119804699213824_o-700x525.jpg 700w, https:\/\/www.sps-kadan.cz\/wp-content\/uploads\/2019\/04\/55865159_2272346036156536_6556119804699213824_o-150x113.jpg 150w, https:\/\/www.sps-kadan.cz\/wp-content\/uploads\/2019\/04\/55865159_2272346036156536_6556119804699213824_o-200x150.jpg 200w, https:\/\/www.sps-kadan.cz\/wp-content\/uploads\/2019\/04\/55865159_2272346036156536_6556119804699213824_o-768x576.jpg 768w, https:\/\/www.sps-kadan.cz\/wp-content\/uploads\/2019\/04\/55865159_2272346036156536_6556119804699213824_o-785x589.jpg 785w, https:\/\/www.sps-kadan.cz\/wp-content\/uploads\/2019\/04\/55865159_2272346036156536_6556119804699213824_o-1200x900.jpg 1200w\" alt=\"\" \/><\/figure>\n<\/div>\n<header class=\"entry-header\">\n<h3 class=\"entry-title\">POSTUP NA\u0160EHO STUDENTA 2. RO\u010cN\u00cdKU DO CELOST\u00c1TN\u00cdHO KOLA SO\u010c<\/h3>\n<\/header>\n<div class=\"entry-content\">\n<p>Blahop\u0159ejeme Martinovi Motl\u00edkovi za reprezentaci na\u0161\u00ed \u0161koly v krajsk\u00e9m kole st\u0159edo\u0161kolsk\u00e9 odborn\u00e9 \u010dinnosti, kde z\u00edskal se svou prac\u00ed Pozn\u00e1vejme kr\u00e1lovskou Kada\u0148 1. m\u00edsto v oboru Tvorba u\u010debn\u00edch pom\u016fcek, didaktick\u00e1 technologie.<\/p>\n<p><a href=\"https:\/\/www.sps-kadan.cz\/wp-content\/uploads\/2018\/04\/31395228_1783101731747638_4926722281905848320_n.jpg\"><img loading=\"lazy\" class=\"alignnone size-thumbnail wp-image-4934\" src=\"https:\/\/www.sps-kadan.cz\/wp-content\/uploads\/2018\/04\/31395228_1783101731747638_4926722281905848320_n-106x150.jpg\" sizes=\"(max-width: 106px) 100vw, 106px\" srcset=\"https:\/\/www.sps-kadan.cz\/wp-content\/uploads\/2018\/04\/31395228_1783101731747638_4926722281905848320_n-106x150.jpg 106w, https:\/\/www.sps-kadan.cz\/wp-content\/uploads\/2018\/04\/31395228_1783101731747638_4926722281905848320_n-141x200.jpg 141w, https:\/\/www.sps-kadan.cz\/wp-content\/uploads\/2018\/04\/31395228_1783101731747638_4926722281905848320_n-495x700.jpg 495w, https:\/\/www.sps-kadan.cz\/wp-content\/uploads\/2018\/04\/31395228_1783101731747638_4926722281905848320_n.jpg 679w\" alt=\"31395228_1783101731747638_4926722281905848320_n\" width=\"106\" height=\"150\" \/><\/a>\u00a0<a href=\"https:\/\/www.sps-kadan.cz\/wp-content\/uploads\/2018\/04\/31460978_1783101738414304_6213448128205422592_n.jpg\"><img loading=\"lazy\" class=\"alignnone size-thumbnail wp-image-4935\" src=\"https:\/\/www.sps-kadan.cz\/wp-content\/uploads\/2018\/04\/31460978_1783101738414304_6213448128205422592_n-100x150.jpg\" sizes=\"(max-width: 100px) 100vw, 100px\" srcset=\"https:\/\/www.sps-kadan.cz\/wp-content\/uploads\/2018\/04\/31460978_1783101738414304_6213448128205422592_n-100x150.jpg 100w, https:\/\/www.sps-kadan.cz\/wp-content\/uploads\/2018\/04\/31460978_1783101738414304_6213448128205422592_n-133x200.jpg 133w, https:\/\/www.sps-kadan.cz\/wp-content\/uploads\/2018\/04\/31460978_1783101738414304_6213448128205422592_n-467x700.jpg 467w, https:\/\/www.sps-kadan.cz\/wp-content\/uploads\/2018\/04\/31460978_1783101738414304_6213448128205422592_n.jpg 640w\" alt=\"31460978_1783101738414304_6213448128205422592_n\" width=\"100\" height=\"150\" \/><\/a><\/p>\n<h3><strong>St\u0159edo\u0161kolsk\u00e1 odborn\u00e1 \u010dinnost \u2013 40.\u00a0ro\u010dn\u00edk (FL, ZA)<\/strong><\/h3>\n<p><strong>Okresn\u00ed p\u0159ehl\u00eddka SO\u010c<\/strong> \u2013 6. 4. 2018, SP\u0160S a OA Kada\u0148<\/p>\n<p>Obor &#8211; Tvorba u\u010debn\u00edch pom\u016fcek, didaktick\u00e1 technologie<\/p>\n<ol>\n<li>m\u00edsto: Martin Motl\u00edk \u201ePozn\u00e1vejme kr\u00e1lovskou Kada\u0148 \u201c<\/li>\n<\/ol>\n<p>Obor &#8211;\u00a0 Stavebnictv\u00ed<\/p>\n<ol>\n<li>m\u00edsto: Vojt\u011bch Bernas, Tom\u00e1\u0161 V\u00e1vra \u201eRevitalizace n\u00e1m\u011bst\u00ed Dr. Bene\u0161e\u201c<\/li>\n<li>m\u00edsto: Ji\u0159\u00ed Karas, Viktorie Pr\u016fchov\u00e1 \u201eRoz\u0161\u00ed\u0159en\u00ed klidov\u00fdch z\u00f3n na n\u00e1b\u0159e\u017e\u00ed Maxipsa F\u00edka\u201c<\/li>\n<\/ol>\n<p>Obor \u2013 Ochrana a tvorba \u017eivotn\u00edho prost\u0159ed\u00ed<\/p>\n<ol>\n<li>m\u00edsto: Pavel Duchek, Mat\u011bj Kopeck\u00fd, Josef Svoboda \u201eVyu\u017eit\u00ed de\u0161\u0165ov\u00e9 vody u \u00a0\u00a0\u00a0\u00a0\u00a0\u00a0\u00a0\u00a0\u00a0\u00a0\u00a0 samoobslu\u017en\u00e9 my\u010dky automobil\u016f\u201c<\/li>\n<\/ol>\n<p><strong>Krajsk\u00e1 p\u0159ehl\u00eddka SO\u010c<\/strong> \u2013 26. 4. 2018, \u00dast\u00ed nad Labem<\/p>\n<p>Obor -Tvorba u\u010debn\u00edch pom\u016fcek, didaktick\u00e1 technologie<\/p>\n<ol>\n<li>m\u00edsto: Martin Motl\u00edk \u201ePozn\u00e1vejme kr\u00e1lovskou Kada\u0148 \u201c<\/li>\n<\/ol>\n<p><strong>Celost\u00e1tn\u00ed p\u0159ehl\u00eddka SO\u010c<\/strong> \u2013 16. 6. 2018<\/p>\n<p>Obor &#8211; Tvorba u\u010debn\u00edch pom\u016fcek, didaktick\u00e1 technologie<\/p>\n<p>Martin Motl\u00edk\u00a0\u00a0\u00a0\u00a0\u00a0\u00a0\u00a0\u00a0\u00a0\u00a0\u00a0 \u201ePozn\u00e1vejme kr\u00e1lovskou Kada\u0148 \u201c<\/p>\n<\/div>\n<h3 class=\"entry-title\">39. RO\u010cN\u00cdK ST\u0158EDO\u0160KOLSK\u00c9 ODBORN\u00c9 \u010cINNOSTI<\/h3>\n<\/header>\n<div class=\"entry-content\">\n<p>12. m\u00edsto pro Martina Motl\u00edka v celost\u00e1tn\u00edm kole 39. RO\u010cN\u00cdKU ST\u0158EDO\u0160KOLSK\u00c9 ODBORN\u00c9 \u010cINNOSTI<br \/>\nO v\u00edkendu Martin Motl\u00edk (finalista krajsk\u00e9ho kola) z 1. ro\u010dn\u00edku oboru Stavebnictv\u00ed obhajoval v jihomoravsk\u00fdch Boskovic\u00edch svoji sout\u011b\u017en\u00ed pr\u00e1ci na t\u00e9ma \u201cPr\u016fvodce historickou \u010d\u00e1st\u00ed m\u011bsta Kl\u00e1\u0161terec nad Oh\u0159\u00ed\u201d. V celorepublikov\u00e9 konkurenci se um\u00edstil na 12. m\u00edst\u011b. Martina jeho pr\u00e1ce doslova nadchla, stejn\u011b jako cel\u00e1 sout\u011b\u017e. Proto u\u017e p\u0159em\u00fd\u0161l\u00ed, jak\u00e9 t\u00e9ma bude zpracov\u00e1vat v n\u00e1sleduj\u00edc\u00edm \u0161koln\u00edm roce. Moc mu fand\u00edme a blahop\u0159ejeme! D\u00edky.<\/p>\n<p><a href=\"https:\/\/www.sps-kadan.cz\/wp-content\/uploads\/2017\/06\/SO%C4%8C.png\"><img loading=\"lazy\" class=\"alignnone size-full wp-image-4589\" src=\"https:\/\/www.sps-kadan.cz\/wp-content\/uploads\/2017\/06\/SO%C4%8C.png\" sizes=\"(max-width: 454px) 100vw, 454px\" srcset=\"https:\/\/www.sps-kadan.cz\/wp-content\/uploads\/2017\/06\/SO\u010c.png 454w, https:\/\/www.sps-kadan.cz\/wp-content\/uploads\/2017\/06\/SO\u010c-101x150.png 101w, https:\/\/www.sps-kadan.cz\/wp-content\/uploads\/2017\/06\/SO\u010c-135x200.png 135w\" alt=\"SO\u010c\" width=\"454\" height=\"672\" \/><\/a><\/p>\n<\/div>\n<p><strong>St\u0159edo\u0161kolsk\u00e1 odborn\u00e1 \u010dinnost\u00a0<\/strong><\/p>\n<p>V\u00a0p\u00e1tek 24.3. se SP\u0160S a OA v\u00a0Kadani uskute\u010dnila okresn\u00ed p\u0159ehl\u00eddka 39. ro\u010dn\u00edku St\u0159edo\u0161kolsk\u00e9 odborn\u00e9 \u010dinnosti. P\u0159edstaveno zde bylo 5 prac\u00ed ze 4 obor\u016f. Pr\u00e1ce prezentovali \u017e\u00e1ci Gymn\u00e1zia Chomutov, Gymn\u00e1zia Kada\u0148, ESOZ Chomutov a SP\u0160S a OA Kada\u0148. Ob\u011b pr\u00e1ce \u017e\u00e1k\u016f kada\u0148sk\u00e9 stavebky postoupily na dubnovou krajskou p\u0159ehl\u00eddku v\u00a0\u00dast\u00ed nad Labem, zde v kategorii Stavebnictv\u00ed\u00a0 pr\u00e1ce \u201e3D tisk ve stavebnictv\u00ed\u201c Michala \u0160trose a Denisy Bauerov\u00e9 obsadila 3. m\u00edsto. Pr\u00e1ce \u201ePr\u016fvodce historickou \u010d\u00e1st\u00ed m\u011bsta Kl\u00e1\u0161terec nad Oh\u0159\u00ed\u201c Martina Motl\u00edka a Viktorije Pavli\u0161ov\u00e9 z\u00edskala 1. m\u00edsto a postup do celost\u00e1tn\u00edho fin\u00e1le. Ozdobou t\u00e9to pr\u00e1ce jsou p\u0159edev\u0161\u00edm n\u00e1dhern\u00e9 Martinovy fotografie kl\u00e1\u0161tereck\u00fdch pam\u00e1tek.<\/p>\n<p><strong>\u00a0<\/strong><strong>St\u0159edo\u0161kolsk\u00e1 odborn\u00e1 \u010dinnost\u00a0<\/strong><\/p>\n<p><strong>Okresn\u00ed kolo SO\u010c<\/strong> \u2013 30. 3. 2016, SP\u0160S a OA Kada\u0148<\/p>\n<p>Obor 11\u00a0\u00a0\u00a0\u00a0\u00a0\u00a0\u00a0\u00a0\u00a0 Stavebnictv\u00ed, architektura a design interi\u00e9r\u016f<\/p>\n<ol>\n<li>m\u00edsto: Lenka Adamov\u00e1 \u2013 Pavel Trochym\u010duk, \u201eKryrsk\u00e1 rozhledna\u201c<\/li>\n<li>m\u00edsto: David Jen\u00edk \u2013 Lenka Adamov\u00e1 \u2013 Tom\u00e1\u0161 Toman \u2013 Pavel Trochym\u010duk, \u201eMost pro Erfurt\u201c<\/li>\n<\/ol>\n<p><strong><em>\u00a0<\/em><\/strong><\/p>\n<p><strong>Krajsk\u00e9 kolo SO\u010c<\/strong> \u2013 19. 4. 2016, \u00dast\u00ed nad Labem<\/p>\n<p>obor stavebnictv\u00ed:<\/p>\n<ol start=\"4\">\n<li>m\u00edsto: Lenka Adamov\u00e1 \u2013 Pavel Trochym\u010duk, \u201eKryrsk\u00e1 rozhledna\u201c<\/li>\n<\/ol>\n<p><strong>St\u0159edo\u0161kolsk\u00e1 odborn\u00e1 \u010dinnost\u00a0 <\/strong>(Ing. L. Hrdinov\u00e1, Ing. M. Parpel)<\/p>\n<p><strong>Okresn\u00ed kolo SO\u010c<\/strong> \u2013 1. 4. 2014, SP\u0160S a OA Kada\u0148<\/p>\n<p>Obor 11\u00a0\u00a0\u00a0\u00a0\u00a0\u00a0\u00a0\u00a0\u00a0\u00a0\u00a0\u00a0\u00a0\u00a0 Stavebnictv\u00ed, architektura a design interi\u00e9r\u016f<\/p>\n<ol>\n<li>m\u00edsto David \u0160m\u00edd \u201eStudentsk\u00e9 n\u00e1m\u011bst\u00ed\u201c<\/li>\n<li>m\u00edsto Martin Graupner \u2013 Karel Koub\u00edk \u201eZelen\u00e9 st\u0159echy\u201c<\/li>\n<li>m\u00edsto Martin Graupner \u2013 David \u0160m\u00edd \u2013 Michal Weiss \u201eM\u011bstsk\u00fd mobili\u00e1\u0159\u201c<\/li>\n<li>m\u00edsto Anna Rou\u010dkov\u00e1 \u2013 Nikola Ko\u0148a\u0159\u00edkov\u00e1 \u201eZ\u00e1meck\u00fd park v\u00a0Kr\u00e1sn\u00e9m Dvo\u0159e\u201c<\/li>\n<\/ol>\n<p><strong>Krajsk\u00e9 kolo SO\u010c<\/strong> \u2013 16. 4. 2014, \u00dast\u00ed nad Labem<\/p>\n<p>Obor 11\u00a0\u00a0\u00a0\u00a0\u00a0\u00a0\u00a0\u00a0\u00a0\u00a0\u00a0\u00a0\u00a0\u00a0 Stavebnictv\u00ed, architektura a design interi\u00e9r\u016f<\/p>\n<ol>\n<li>m\u00edsto David \u0160m\u00edd \u201eStudentsk\u00e9 n\u00e1m\u011bst\u00ed\u201c<\/li>\n<li>m\u00edsto Martin Graupner \u2013 Karel Koub\u00edk \u201eZelen\u00e9 st\u0159echy<\/li>\n<li>m\u00edsto Martin Graupner \u2013 David \u0160m\u00edd \u2013 Michal Weiss \u201eM\u011bstsk\u00fd mobili\u00e1\u0159\u201c<\/li>\n<\/ol>\n<p>N Anna Rou\u010dkov\u00e1 \u2013 Nikola Ko\u0148a\u0159\u00edkov\u00e1 \u201eZ\u00e1meck\u00fd park v\u00a0Kr\u00e1sn\u00e9m Dvo\u0159e\u201c<\/p>\n<p><strong>St\u0159edo\u0161kolsk\u00e1 odborn\u00e1 \u010dinnost \u2013 (PM)<\/strong><\/p>\n<p><strong>Okresn\u00ed kolo SO\u010c<\/strong> \u2013 22. 3. 2013, SP\u0160S a OA Kada\u0148<\/p>\n<p>obor stavebnictv\u00ed:<\/p>\n<ol>\n<li>m\u00edsto M. Graupner, K. Koub\u00edk \u2013 \u201eZelen\u00e9 st\u0159echy\u201c<\/li>\n<li>m\u00edsto D. \u0160m\u00edd \u2013 \u201eMo\u017enosti model\u016f a jejich vyu\u017eit\u00ed ve stavebnictv\u00ed\u201c<\/li>\n<li>m\u00edsto D. \u0160m\u00edd, F. Peruth \u2013 \u201eSmetanova galerie modern\u00edho um\u011bn\u00ed\u201c<\/li>\n<\/ol>\n<p><strong>Krajsk\u00e1 p\u0159ehl\u00eddka SO\u010c<\/strong><\/p>\n<p>Kada\u0148\u0161t\u00ed stava\u0159i se neztratili\u00a0 ani v\u00a0leto\u0161n\u00edm ro\u010dn\u00edku St\u0159edo\u0161kolsk\u00e9 odborn\u00e9 \u010dinnosti. Po povinn\u00fdch prvn\u00edch t\u0159ech m\u00edstech v\u00a0okresn\u00edm kole, kter\u00e9 se poprv\u00e9 konalo v\u00a0nov\u00fdch prostor\u00e1ch SP\u0160S a OA v\u00a0Kadani, z\u00edskali 2.,\u00a04. a 5. m\u00edsto v\u00a0r\u00e1mci krajsk\u00e9 p\u0159ehl\u00eddky SO\u010c v\u00a0\u00dast\u00ed nad Labem.<\/p>\n<p>V\u00fdsledky\u00a0 Krajsk\u00e9 p\u0159ehl\u00eddky SO\u010c:<\/p>\n<p><b>2. m\u00edsto<\/b>: David \u0160m\u00edd: Smetanova galerie modern\u00edho um\u011bn\u00ed<\/p>\n<p><b>4. m\u00edsto<\/b>: Martin Graupner, Karel Koub\u00edk: Zelen\u00e9 st\u0159echy<\/p>\n<p><b>5.-6. m\u00edsto<\/b>: David \u0160m\u00edd, Frederick Peruth: Smetanova galerie modern\u00edho um\u011bn\u00ed<\/p>\n<div id='gallery-1' class='gallery galleryid-182 gallery-columns-2 gallery-size-medium'><figure class='gallery-item'>\n\t\t\t<div class='gallery-icon landscape'>\n\t\t\t\t<a href='https:\/\/www.sps-kadan.cz\/?attachment_id=526'><img width=\"200\" height=\"133\" src=\"https:\/\/www.sps-kadan.cz\/wp-content\/uploads\/2015\/01\/Slavnostn_veer_2485-300x200.jpg\" class=\"attachment-medium size-medium\" alt=\"\" loading=\"lazy\" aria-describedby=\"gallery-1-526\" srcset=\"https:\/\/www.sps-kadan.cz\/wp-content\/uploads\/2015\/01\/Slavnostn_veer_2485-300x200.jpg 300w, https:\/\/www.sps-kadan.cz\/wp-content\/uploads\/2015\/01\/Slavnostn_veer_2485-700x467.jpg 700w, https:\/\/www.sps-kadan.cz\/wp-content\/uploads\/2015\/01\/Slavnostn_veer_2485.jpg 1200w\" sizes=\"(max-width: 200px) 100vw, 200px\" \/><\/a>\n\t\t\t<\/div>\n\t\t\t\t<figcaption class='wp-caption-text gallery-caption' id='gallery-1-526'>\n\t\t\t\tSlavnostn\u00ed ve\u010der\n\t\t\t\t<\/figcaption><\/figure><figure class='gallery-item'>\n\t\t\t<div class='gallery-icon portrait'>\n\t\t\t\t<a href='https:\/\/www.sps-kadan.cz\/?attachment_id=527'><img width=\"135\" height=\"200\" src=\"https:\/\/www.sps-kadan.cz\/wp-content\/uploads\/2015\/01\/Slavnostn_veer_2488-202x300.jpg\" class=\"attachment-medium size-medium\" alt=\"\" loading=\"lazy\" aria-describedby=\"gallery-1-527\" srcset=\"https:\/\/www.sps-kadan.cz\/wp-content\/uploads\/2015\/01\/Slavnostn_veer_2488-202x300.jpg 202w, https:\/\/www.sps-kadan.cz\/wp-content\/uploads\/2015\/01\/Slavnostn_veer_2488-471x700.jpg 471w, https:\/\/www.sps-kadan.cz\/wp-content\/uploads\/2015\/01\/Slavnostn_veer_2488.jpg 807w\" sizes=\"(max-width: 135px) 100vw, 135px\" \/><\/a>\n\t\t\t<\/div>\n\t\t\t\t<figcaption class='wp-caption-text gallery-caption' id='gallery-1-527'>\n\t\t\t\tSlavnostn\u00ed ve\u010der\n\t\t\t\t<\/figcaption><\/figure>\n\t\t<\/div>\n\n<p><strong>St\u0159edo\u0161kolsk\u00e1 odborn\u00e1 \u010dinnost \u2013 (PM)<\/strong><\/p>\n<p><strong>Okresn\u00ed kolo SO\u010c<\/strong><\/p>\n<p>obor stavebnictv\u00ed \u2013 1. m\u00edsto \u201eDomy v\u00a0zemi, aneb kdy\u017e se z\u00a0\u010dlov\u011bka stane krtek\u201c, Luk\u00e1\u0161 Vok\u00e1lek, Hana Ml\u010dochov\u00e1, Jan Vitou\u0161<\/p>\n<p>obor historie \u2013 1. m\u00edsto \u201eSezn\u00e1men\u00ed s\u00a0\u017eidy, aneb \u017eidem po probuzen\u00ed\u201c, Hana Ml\u010dochov\u00e1<\/p>\n<p><strong>Krajsk\u00e9 kolo SO\u010c <\/strong><\/p>\n<p>obor stavebnictv\u00ed \u2013 3. m\u00edsto \u201eDomy v\u00a0zemi, aneb kdy\u017e se z\u00a0\u010dlov\u011bka stane krtek\u201c, Luk\u00e1\u0161 Vok\u00e1lek, Hana Ml\u010dochov\u00e1, Jan Vitou\u0161<\/p>\n<p>obor historie \u2013 6. m\u00edsto \u201eSezn\u00e1men\u00ed s\u00a0\u017eidy, aneb \u017eidem po probuzen\u00ed\u201c, Hana Ml\u010dochov\u00e1<\/p>\n<p><strong><span style=\"text-decoration: underline;\">St\u0159edo\u0161kolsk\u00e1 odborn\u00e1 \u010dinnost<\/span> \u2013 31.\u00a0ro\u010dn\u00edk<\/strong><\/p>\n<p><strong>V okresn\u00edm kole<\/strong> (30. 3. 2010) v Chomutov\u011b obsadil \u017e\u00e1k <strong>Lubo\u0161 Dvo\u0159\u00e1k prvn\u00ed m\u00edsto<\/strong> s\u00a0prac\u00ed \u201e<strong>P\u0159estavba gar\u00e1\u017ee a p\u0159ilehl\u00fdch komunikac\u00ed<\/strong>\u201c, <strong>druh\u00e9 m\u00edsto<\/strong> obsadili \u017e\u00e1ci <strong>Michal Nov\u00e1\u010dek, Tom\u00e1\u0161 Toth a Marie Vla\u0161icov\u00e1<\/strong>s\u00a0prac\u00ed \u201e<strong>Dal\u0161\u00ed pam\u00e1tka zachr\u00e1n\u011bna<\/strong>\u201c a na <strong>t\u0159et\u00edm m\u00edst\u011b<\/strong> se um\u00edstili <strong>Ond\u0159ej Bla\u017eek, Michal Graupner a Mat\u011bj Selinger<\/strong> s\u00a0prac\u00ed \u201eNizozemsk\u00e9 hr\u00e1ze v\u00a0boji proti mo\u0159i\u201c v\u00a0oboru \u201eStavebnictv\u00ed\u201c.<\/p>\n<p><strong>V\u00a0krajsk\u00e9 p\u0159ehl\u00eddce<\/strong> v \u00dast\u00ed\u00a0nad\u00a0Labem 5.\u00a05.\u00a02010 se um\u00edstil \u017e\u00e1k <strong>L. Dvo\u0159\u00e1k na 4. &#8211; 5.\u00a0m\u00edst\u011b<\/strong>,\u00a0 <strong>O.\u00a0Bla\u017eek, M. Graupner a M. Selinger<\/strong> na <strong>6. m\u00edst\u011b<\/strong> a <strong>M. Nov\u00e1\u010dek, T. Toth a M. Vla\u0161icov\u00e1<\/strong> na\u00a0<strong>7.\u00a0m\u00edst\u011b<\/strong>.<\/p>\n<p>V okresn\u00edm kole (1. 4. 2009) <strong>v Chomutov\u011b<\/strong> obsadili \u017e\u00e1ci \u0161koly <strong>prvn\u00ed m\u00edsto<\/strong> v oboru <strong>\u201eStavebnictv\u00ed\u201c<\/strong>.<\/p>\n<div id='gallery-2' class='gallery galleryid-182 gallery-columns-1 gallery-size-medium'><figure class='gallery-item'>\n\t\t\t<div class='gallery-icon portrait'>\n\t\t\t\t<a href='https:\/\/www.sps-kadan.cz\/?attachment_id=1680'><img width=\"150\" height=\"200\" src=\"https:\/\/www.sps-kadan.cz\/wp-content\/uploads\/2015\/01\/soc-150x200.jpg\" class=\"attachment-medium size-medium\" alt=\"\" loading=\"lazy\" srcset=\"https:\/\/www.sps-kadan.cz\/wp-content\/uploads\/2015\/01\/soc-150x200.jpg 150w, https:\/\/www.sps-kadan.cz\/wp-content\/uploads\/2015\/01\/soc-225x300.jpg 225w, https:\/\/www.sps-kadan.cz\/wp-content\/uploads\/2015\/01\/soc-525x700.jpg 525w, https:\/\/www.sps-kadan.cz\/wp-content\/uploads\/2015\/01\/soc.jpg 576w\" sizes=\"(max-width: 150px) 100vw, 150px\" \/><\/a>\n\t\t\t<\/div><\/figure>\n\t\t<\/div>\n\n<p>V krajsk\u00e9 p\u0159ehl\u00eddce <strong>v \u00dast\u00ed nad Labem 6. 5. 2008<\/strong> se um\u00edstil na <strong>2. m\u00edst\u011b<\/strong> \u2013 O<strong>. Bla\u017eek, M.\u00a0Graupner a M. Selinger<\/strong> s prac\u00ed <strong>\u201eVliv glob\u00e1ln\u00edho oteplov\u00e1n\u00ed na architekturu budoucnosti\u201c<\/strong>.<\/p>\n","protected":false},"excerpt":{"rendered":"<p>St\u0159edo\u0161kolsk\u00e1 odborn\u00e1 \u010dinnost Dne 29. 3. 2019 prob\u011bhlo na SP\u0160S a OA Kada\u0148 okresn\u00ed kolo 41. ro\u010dn\u00edku SO\u010c. Sv\u00e9 pr\u00e1ce zde p\u0159ed odbornou porotou obhajovali <a class=\"more-link\" href=\"https:\/\/www.sps-kadan.cz\/?page_id=182\">Cel\u00fd \u010dl\u00e1nek  <span class=\"screen-reader-text\">  SO\u010c<\/span><span class=\"meta-nav\">&rarr;<\/span><\/a><\/p>\n","protected":false},"author":6,"featured_media":0,"parent":178,"menu_order":0,"comment_status":"closed","ping_status":"closed","template":"","meta":[],"_links":{"self":[{"href":"https:\/\/www.sps-kadan.cz\/index.php?rest_route=\/wp\/v2\/pages\/182"}],"collection":[{"href":"https:\/\/www.sps-kadan.cz\/index.php?rest_route=\/wp\/v2\/pages"}],"about":[{"href":"https:\/\/www.sps-kadan.cz\/index.php?rest_route=\/wp\/v2\/types\/page"}],"author":[{"embeddable":true,"href":"https:\/\/www.sps-kadan.cz\/index.php?rest_route=\/wp\/v2\/users\/6"}],"replies":[{"embeddable":true,"href":"https:\/\/www.sps-kadan.cz\/index.php?rest_route=%2Fwp%2Fv2%2Fcomments&post=182"}],"version-history":[{"count":6,"href":"https:\/\/www.sps-kadan.cz\/index.php?rest_route=\/wp\/v2\/pages\/182\/revisions"}],"predecessor-version":[{"id":5767,"href":"https:\/\/www.sps-kadan.cz\/index.php?rest_route=\/wp\/v2\/pages\/182\/revisions\/5767"}],"up":[{"embeddable":true,"href":"https:\/\/www.sps-kadan.cz\/index.php?rest_route=\/wp\/v2\/pages\/178"}],"wp:attachment":[{"href":"https:\/\/www.sps-kadan.cz\/index.php?rest_route=%2Fwp%2Fv2%2Fmedia&parent=182"}],"curies":[{"name":"wp","href":"https:\/\/api.w.org\/{rel}","templated":true}]}}