{"id":193,"date":"2015-01-13T18:51:17","date_gmt":"2015-01-13T17:51:17","guid":{"rendered":"http:\/\/www.sps-kadan.cz\/?page_id=193"},"modified":"2020-01-13T09:59:09","modified_gmt":"2020-01-13T08:59:09","slug":"kb-blok","status":"publish","type":"page","link":"https:\/\/www.sps-kadan.cz\/?page_id=193","title":{"rendered":"KB Blok"},"content":{"rendered":"<p><b>Spolupr\u00e1ce s\u00a0firmou KB-BLOK Postoloprty<\/b><\/p>\n<header class=\"entry-header\">\n<h3 class=\"entry-title\">Studentsk\u00e1 sout\u011b\u017e v projektov\u00e1n\u00ed s KB-BLOK syst\u00e9mem a odborn\u00fd semin\u00e1\u0159<\/h3>\n<\/header>\n<div class=\"entry-content\">\n<p>Dne\u00a0<strong>17. 10. 2016<\/strong>\u00a0se na St\u0159edn\u00ed pr\u016fmyslov\u00e9 \u0161kole stavebn\u00ed a Obchodn\u00ed akademii, Kada\u0148, vyhla\u0161ovaly v\u00fdsledky sout\u011b\u017ee \u017e\u00e1k\u016f 3. a 4. ro\u010dn\u00edk\u016f v\u00a0navrhov\u00e1n\u00ed staveb s\u00a0pou\u017eit\u00edm v\u00fdrobk\u016f syst\u00e9mu KB-BLOK. Cel\u00e1 akce prob\u011bhla ve spolupr\u00e1ci s\u00a0firmou KB-BLOK syst\u00e9m Postoloprty. Do sout\u011b\u017ee byl p\u0159ihl\u00e1\u0161en \u017e\u00e1k 3. ro\u010dn\u00edku Josef Hajm, kter\u00fd navrhoval rodinn\u00fd d\u016fm. V\u00a0sout\u011b\u017ei z\u00edskal bodov\u00e9 hodnocen\u00ed, kter\u00e9 na\u0161\u00ed \u0161kolu um\u00edstilo na 5. m\u00edst\u011b v\u00a0t\u00e9to republikov\u00e9 sout\u011b\u017ei. Jeho pr\u00e1ce byla velmi dob\u0159e hodnocena, z\u00a0\u010deho\u017e plyne v\u00fdborn\u00e1 reprezentace na\u0161\u00ed \u0161koly. N\u00e1sledn\u011b byl vyhl\u00e1\u0161en dal\u0161\u00ed, ji\u017e 14. ro\u010dn\u00edk sout\u011b\u017ee s n\u00e1zvem t\u00e9matu ,,Navrhni d\u016fm z\u00a0KB \u2013 BLOKU\u201c. Na z\u00e1v\u011br pan\u00ed Ing. Barbora Bl\u00e1hov\u00e1 za technickou kancel\u00e1\u0159 firmy sezn\u00e1mila \u017e\u00e1ky se syst\u00e9mem KB-BLOK, jeho vyu\u017eit\u00ed p\u0159i n\u00e1vrhu staveb a uvedla n\u011bkter\u00e9 p\u0159\u00edklady pou\u017eit\u00ed v\u00a0praxi. T\u00e9to akci byli p\u0159\u00edtomni \u017e\u00e1ci 2. SM a 3. A oboru Stavebnictv\u00ed.<strong>\u00a0 \u00a0 \u00a0 \u00a0\u00a0<\/strong><a href=\"https:\/\/www.sps-kadan.cz\/wp-content\/uploads\/2016\/10\/IMG_4777.jpg\"><br \/>\n<img loading=\"lazy\" class=\"alignnone size-medium wp-image-4252\" src=\"https:\/\/www.sps-kadan.cz\/wp-content\/uploads\/2016\/10\/IMG_4777-200x150.jpg\" sizes=\"(max-width: 200px) 100vw, 200px\" srcset=\"https:\/\/www.sps-kadan.cz\/wp-content\/uploads\/2016\/10\/IMG_4777-200x150.jpg 200w, https:\/\/www.sps-kadan.cz\/wp-content\/uploads\/2016\/10\/IMG_4777-150x113.jpg 150w, https:\/\/www.sps-kadan.cz\/wp-content\/uploads\/2016\/10\/IMG_4777-700x525.jpg 700w\" alt=\"IMG_4777\" width=\"200\" height=\"150\" \/><\/a>\u00a0\u00a0<a href=\"https:\/\/www.sps-kadan.cz\/wp-content\/uploads\/2016\/10\/IMG_4786.jpg\"><img loading=\"lazy\" class=\"alignnone size-medium wp-image-4255\" src=\"https:\/\/www.sps-kadan.cz\/wp-content\/uploads\/2016\/10\/IMG_4786-200x150.jpg\" sizes=\"(max-width: 200px) 100vw, 200px\" srcset=\"https:\/\/www.sps-kadan.cz\/wp-content\/uploads\/2016\/10\/IMG_4786-200x150.jpg 200w, https:\/\/www.sps-kadan.cz\/wp-content\/uploads\/2016\/10\/IMG_4786-150x113.jpg 150w, https:\/\/www.sps-kadan.cz\/wp-content\/uploads\/2016\/10\/IMG_4786-700x525.jpg 700w\" alt=\"IMG_4786\" width=\"200\" height=\"150\" \/><\/a><\/p>\n<p><a href=\"https:\/\/www.sps-kadan.cz\/wp-content\/uploads\/2016\/10\/IMG_4779.jpg\"><img loading=\"lazy\" class=\"alignnone size-medium wp-image-4253\" src=\"https:\/\/www.sps-kadan.cz\/wp-content\/uploads\/2016\/10\/IMG_4779-184x200.jpg\" sizes=\"(max-width: 184px) 100vw, 184px\" srcset=\"https:\/\/www.sps-kadan.cz\/wp-content\/uploads\/2016\/10\/IMG_4779-184x200.jpg 184w, https:\/\/www.sps-kadan.cz\/wp-content\/uploads\/2016\/10\/IMG_4779-138x150.jpg 138w, https:\/\/www.sps-kadan.cz\/wp-content\/uploads\/2016\/10\/IMG_4779-645x700.jpg 645w\" alt=\"IMG_4779\" width=\"184\" height=\"200\" \/><\/a>\u00a0<a href=\"https:\/\/www.sps-kadan.cz\/wp-content\/uploads\/2016\/10\/IMG_4781.jpg\"><img loading=\"lazy\" class=\"alignnone size-medium wp-image-4254\" src=\"https:\/\/www.sps-kadan.cz\/wp-content\/uploads\/2016\/10\/IMG_4781-175x200.jpg\" sizes=\"(max-width: 175px) 100vw, 175px\" srcset=\"https:\/\/www.sps-kadan.cz\/wp-content\/uploads\/2016\/10\/IMG_4781-175x200.jpg 175w, https:\/\/www.sps-kadan.cz\/wp-content\/uploads\/2016\/10\/IMG_4781-131x150.jpg 131w, https:\/\/www.sps-kadan.cz\/wp-content\/uploads\/2016\/10\/IMG_4781-612x700.jpg 612w\" alt=\"IMG_4781\" width=\"175\" height=\"200\" \/><\/a><\/p>\n<\/div>\n<p><strong>KB-BLOK <\/strong>(Ing. M. Chramostov\u00e1)<\/p>\n<ol start=\"6\">\n<li>10. 2014 byly v aule SP\u0160S a OA vyhl\u00e1\u0161eny v\u00fdsledky sout\u011b\u017ee \u017e\u00e1k\u016f 3. a 4. ro\u010dn\u00edk\u016f v\u00a0navrhov\u00e1n\u00ed staveb, po\u0159\u00e1dan\u00e9 ve spolupr\u00e1ci s\u00a0firmou KB-BLOK syst\u00e9m Postoloprty ve dvou kategori\u00edch. \u017d\u00e1ci 3. ro\u010dn\u00edk\u016f \u0159e\u0161\u00ed n\u00e1vrh rodinn\u00e9ho domu. \u017d\u00e1ci 4. ro\u010dn\u00edk\u016f navrhovali ob\u010danskou stavbu dle vlastn\u00edho v\u00fdb\u011bru.<\/li>\n<\/ol>\n<p><strong>V\u00fdsledky:<\/strong>\u00a0 \u00a0\u00a0\u00a0\u00a0\u00a0 <strong>3. ro\u010dn\u00edk\u00a0 <\/strong><\/p>\n<ol>\n<li>m\u00edsto neud\u011bleno,<\/li>\n<li>m\u00edsto Martin Graupner<\/li>\n<li>m\u00edsto Michal Weiss<\/li>\n<li><strong> ro\u010dn\u00edk <\/strong><\/li>\n<li>m\u00edsto David \u0160m\u00edd<\/li>\n<\/ol>\n<p><strong>KB-BLOK <\/strong>(Ing. M. Chramostov\u00e1) &#8211; Ve \u0161koln\u00edm roce 2012\/2013 op\u011bt prob\u011bhla na SP\u0160S a OA Kada\u0148 sout\u011b\u017e v projektov\u00e1n\u00ed vyhl\u00e1\u0161en\u00e1 firmou KB-BLOK syst\u00e9m, s.r.o. pro \u017e\u00e1ky SP\u0160 stavebn\u00edch. Sout\u011b\u017ee se z\u00fa\u010dastnili \u017e\u00e1ci 3. a 4. ro\u010dn\u00edk\u016f oboru stavebnictv\u00ed. \u00dakolem bylo, jako ka\u017edoro\u010dn\u011b, navrhnout rodinn\u00fd d\u016fm nebo ob\u010danskou stavbu s vyu\u017eit\u00edm ji\u017e v\u00fd\u0161e zm\u00edn\u011bn\u00e9ho zd\u00edc\u00edho syst\u00e9mu. V\u00fdsledky:3.<span style=\"text-decoration: underline;\">\u00a0<\/span><span style=\"text-decoration-line: underline;\"><span style=\"text-decoration: underline;\">ro\u010dn\u00edk<\/span>\u00a01.\u00a0<\/span><span style=\"text-decoration: underline;\">m\u00edsto &#8211; \u00a0David \u0160m\u00edd<\/span><\/p>\n<ol start=\"4\">\n<li><span style=\"text-decoration: underline;\"> ro\u010dn\u00edk 2.<\/span>m\u00edsto &#8211; Petr Moschner, 3.m\u00edsto \u00a0&#8211; Jana Kudrn\u00e1\u010dov\u00e1, Martin Hlad\u00edk, V\u00edt\u011bzslav Dani\u0161<\/li>\n<\/ol>\n<p><b>Studentsk\u00e1 sout\u011b\u017e v projektov\u00e1n\u00ed<\/b><b><\/b><\/p>\n<p>Dne 3. 10. 2012 prob\u011bhlo u\u017e dev\u00e1t\u00e9 vyhl\u00e1\u0161en\u00ed v\u00fdsledk\u016f sout\u011b\u017ee v\u00a0projektov\u00e1n\u00ed. Pr\u00e1ce byly realizov\u00e1ny ve \u0161koln\u00edm roce 2011\/2012. S\u00a0velk\u00fdm pot\u011b\u0161en\u00edm jsme op\u011bt p\u0159iv\u00edtali na p\u016fd\u011b na\u0161\u00ed St\u0159edn\u00ed pr\u016fmyslov\u00e9 \u0161koly a Obchodn\u00ed akademie v\u00a0Kadani obchodn\u00edho z\u00e1stupce firmy KB-BLOK Postoloprty Ing. B. Freiberga, kter\u00fd je garantem t\u00e9to sout\u011b\u017ee.<\/p>\n<p>Ceny z\u00edskali za n\u00e1vrh rodinn\u00e9ho domu tito \u017e\u00e1ci 3. ro\u010dn\u00edk\u016f:\u00a0<b>1. m\u00edsto &#8211; Petr Moschner,<\/b><\/p>\n<p><b>2. m\u00edsto &#8211; Jana Kudrn\u00e1\u010dov\u00e1, 3. m\u00edsto &#8211; Martin Hlad\u00edk<\/b>. Za n\u00e1vrh ob\u010dansk\u00e9 stavby \u017e\u00e1ci 4.\u00a0ro\u010dn\u00edk\u016f:\u00a0<b>1. m\u00edsto &#8211; Hana Ml\u010dochov\u00e1, 2. m\u00edsto &#8211; Jan Vitou\u0161, 3. m\u00edsto &#8211; \u017daneta Cihl\u00e1\u0159ov\u00e1.<\/b><\/p>\n<p>Na z\u00e1v\u011br prob\u011bhl semin\u00e1\u0159 o pou\u017e\u00edv\u00e1n\u00ed v\u00fdrobk\u016f stavebn\u00edho syst\u00e9mu KB-BLOK, kter\u00fd vedl pan Ing. Ji\u0159\u00ed Jir\u00e1k. Semin\u00e1\u0159e se z\u00fa\u010dastnili \u017e\u00e1ci druh\u00fdch, t\u0159et\u00edch a \u010dtvrt\u00fdch ro\u010dn\u00edk\u016f oboru stavebnictv\u00ed.<\/p>\n<p><strong>V\u00ddZNAMN\u00c9 \u00daSP\u011aCHY STUDENT\u016e ST\u0158EDN\u00cd PR\u016eMYSLOV\u00c9 \u0160KOLY STAVEBN\u00cd A OBCHODN\u00cd AKADEMIE KADA\u0147<\/strong><\/p>\n<p>Spolupr\u00e1ce s firmou KB-BLOK Postoloprty pokra\u010duje&#8230;<\/p>\n<p>Studenti St\u0159edn\u00ed pr\u016fmyslov\u00e9 \u0161koly stavebn\u00ed a Obchodn\u00ed akademie Kada\u0148 jako ka\u017ed\u00fd rok sout\u011b\u017eili v projektov\u00e1n\u00ed s vyu\u017eit\u00edm v\u00fdrobk\u016f KB-BLOK syst\u00e9mu. V uplynul\u00e9m \u0161koln\u00edm roce 2010\/2011 to byl ji\u017e osm\u00fd ro\u010dn\u00edk, a byl i \u00fasp\u011b\u0161n\u00fd. Z\u00e1stupce firmy KB-BLOK Postoloprty pan Ing. B. Freiberg p\u0159ed vyhl\u00e1\u0161en\u00edm v\u00fdsledk\u016f sout\u011b\u017ee studenty pochv\u00e1lil za jejich vysoce profesion\u00e1ln\u00ed pr\u00e1ci. Projekty student\u016f hodnotil po odborn\u00e9 str\u00e1nce vedouc\u00ed technick\u00e9ho odd\u011blen\u00ed firmy Ing. J. Jir\u00e1k. Ten dokonce potvrdil, \u017ee nejlep\u0161\u00ed pr\u00e1ce by mohly b\u00fdt pou\u017eiteln\u00e9 pro \u00fa\u0159edn\u00ed \u00fa\u010dely. Sout\u011b\u017eilo se op\u011bt ve dvou kategori\u00edch. V prvn\u00ed kategorii studenti 3. ro\u010dn\u00edk\u016f \u0159e\u0161ili n\u00e1vrh rodinn\u00e9ho domu. Druh\u00e1 kategorie je ur\u010dena student\u016fm 4. ro\u010dn\u00edk\u016f, kte\u0159\u00ed navrhuj\u00ed ob\u010danskou stavbu dle vlastn\u00edho v\u00fdb\u011bru.<\/p>\n<p>Vyhodnocen\u00ed sout\u011b\u017ee prob\u011bhlo v aule \u0161koly 9. 9. 2011 za p\u0159\u00edtomnosti Ing. B. Freiberga a Ing. J. Jir\u00e1ka. Sou\u010dasn\u011b byl vyhl\u00e1\u0161en dal\u0161\u00ed ro\u010dn\u00edk sout\u011b\u017ee v projektov\u00e1n\u00ed s v\u00fdrobky KB-BLOK syst\u00e9mu na \u0161koln\u00ed rok 2011\/2012. Na z\u00e1v\u011br prob\u011bhl odborn\u00fd semin\u00e1\u0159 pro studenty 3. a 4. ro\u010dn\u00edk\u016f o pou\u017e\u00edv\u00e1n\u00ed t\u011bchto stavebn\u00edch prvk\u016f. Studenty v cel\u00e9m sout\u011b\u017en\u00edm obdob\u00ed vedli Ing. M. Chramostov\u00e1, Ing. J. Frlausov\u00e1 a Ing. M. Pachol\u00edk. Celou sout\u011b\u017e za\u0161t\u00edtil \u0159editel \u0161koly PaedDr. Z. Hrdina.<\/p>\n<p>V\u00fdsledky:<\/p>\n<table border=\"0\">\n<tbody>\n<tr>\n<td colspan=\"2\"><strong>1. kategorie rodinn\u00fd d\u016fm &#8211; 3. ro\u010dn\u00edk<\/strong><\/td>\n<\/tr>\n<tr>\n<td><strong>1. m\u00edsto<\/strong><\/td>\n<td><strong>Hana Ml\u010dochov\u00e1<\/strong><\/td>\n<\/tr>\n<tr>\n<td><strong>2. m\u00edsto<\/strong><\/td>\n<td><strong>Jan Vitou\u0161<\/strong><\/td>\n<\/tr>\n<tr>\n<td><strong>3. m\u00edsto<\/strong><\/td>\n<td><strong>\u017daneta Cihl\u00e1\u0159ov\u00e1<\/strong><\/td>\n<\/tr>\n<tr>\n<td><strong>2. kategorie ob\u010dansk\u00e1 stavba &#8211; 4. ro\u010dn\u00edk<\/strong><\/td>\n<td><\/td>\n<\/tr>\n<tr>\n<td><strong>1. m\u00edsto<\/strong><\/td>\n<td><strong>V\u00e1clav Ba\u017eout<\/strong><\/td>\n<\/tr>\n<tr>\n<td><strong>2. m\u00edsto<\/strong><\/td>\n<td><strong>Michal A\u0161enbrener<\/strong><\/td>\n<\/tr>\n<tr>\n<td><strong>3. m\u00edsto<\/strong><\/td>\n<td><strong>Dalibor Vopat<\/strong><\/td>\n<\/tr>\n<\/tbody>\n<\/table>\n<div id='gallery-1' class='gallery galleryid-193 gallery-columns-2 gallery-size-medium'><figure class='gallery-item'>\n\t\t\t<div class='gallery-icon landscape'>\n\t\t\t\t<a href='https:\/\/www.sps-kadan.cz\/?attachment_id=1618'><img width=\"200\" height=\"150\" src=\"https:\/\/www.sps-kadan.cz\/wp-content\/uploads\/2015\/01\/pred_vyhlasenim-200x150.jpg\" class=\"attachment-medium size-medium\" alt=\"\" loading=\"lazy\" srcset=\"https:\/\/www.sps-kadan.cz\/wp-content\/uploads\/2015\/01\/pred_vyhlasenim-200x150.jpg 200w, https:\/\/www.sps-kadan.cz\/wp-content\/uploads\/2015\/01\/pred_vyhlasenim-300x225.jpg 300w, https:\/\/www.sps-kadan.cz\/wp-content\/uploads\/2015\/01\/pred_vyhlasenim-700x525.jpg 700w, https:\/\/www.sps-kadan.cz\/wp-content\/uploads\/2015\/01\/pred_vyhlasenim.jpg 800w\" sizes=\"(max-width: 200px) 100vw, 200px\" \/><\/a>\n\t\t\t<\/div><\/figure><figure class='gallery-item'>\n\t\t\t<div class='gallery-icon landscape'>\n\t\t\t\t<a href='https:\/\/www.sps-kadan.cz\/?attachment_id=1619'><img width=\"200\" height=\"150\" src=\"https:\/\/www.sps-kadan.cz\/wp-content\/uploads\/2015\/01\/Bazout-200x150.jpg\" class=\"attachment-medium size-medium\" alt=\"\" loading=\"lazy\" srcset=\"https:\/\/www.sps-kadan.cz\/wp-content\/uploads\/2015\/01\/Bazout-200x150.jpg 200w, https:\/\/www.sps-kadan.cz\/wp-content\/uploads\/2015\/01\/Bazout-300x225.jpg 300w, https:\/\/www.sps-kadan.cz\/wp-content\/uploads\/2015\/01\/Bazout-700x525.jpg 700w, https:\/\/www.sps-kadan.cz\/wp-content\/uploads\/2015\/01\/Bazout.jpg 800w\" sizes=\"(max-width: 200px) 100vw, 200px\" \/><\/a>\n\t\t\t<\/div><\/figure><figure class='gallery-item'>\n\t\t\t<div class='gallery-icon landscape'>\n\t\t\t\t<a href='https:\/\/www.sps-kadan.cz\/?attachment_id=1622'><img width=\"200\" height=\"150\" src=\"https:\/\/www.sps-kadan.cz\/wp-content\/uploads\/2015\/01\/3A2-200x150.jpg\" class=\"attachment-medium size-medium\" alt=\"\" loading=\"lazy\" srcset=\"https:\/\/www.sps-kadan.cz\/wp-content\/uploads\/2015\/01\/3A2-200x150.jpg 200w, https:\/\/www.sps-kadan.cz\/wp-content\/uploads\/2015\/01\/3A2-300x225.jpg 300w, https:\/\/www.sps-kadan.cz\/wp-content\/uploads\/2015\/01\/3A2-700x525.jpg 700w, https:\/\/www.sps-kadan.cz\/wp-content\/uploads\/2015\/01\/3A2.jpg 800w\" sizes=\"(max-width: 200px) 100vw, 200px\" \/><\/a>\n\t\t\t<\/div><\/figure><figure class='gallery-item'>\n\t\t\t<div class='gallery-icon landscape'>\n\t\t\t\t<a href='https:\/\/www.sps-kadan.cz\/?attachment_id=1620'><img width=\"200\" height=\"150\" src=\"https:\/\/www.sps-kadan.cz\/wp-content\/uploads\/2015\/01\/predani_3A-200x150.jpg\" class=\"attachment-medium size-medium\" alt=\"\" loading=\"lazy\" srcset=\"https:\/\/www.sps-kadan.cz\/wp-content\/uploads\/2015\/01\/predani_3A-200x150.jpg 200w, https:\/\/www.sps-kadan.cz\/wp-content\/uploads\/2015\/01\/predani_3A-300x225.jpg 300w, https:\/\/www.sps-kadan.cz\/wp-content\/uploads\/2015\/01\/predani_3A-700x525.jpg 700w, https:\/\/www.sps-kadan.cz\/wp-content\/uploads\/2015\/01\/predani_3A.jpg 800w\" sizes=\"(max-width: 200px) 100vw, 200px\" \/><\/a>\n\t\t\t<\/div><\/figure>\n\t\t<\/div>\n\n","protected":false},"excerpt":{"rendered":"<p>Spolupr\u00e1ce s\u00a0firmou KB-BLOK Postoloprty Studentsk\u00e1 sout\u011b\u017e v projektov\u00e1n\u00ed s KB-BLOK syst\u00e9mem a odborn\u00fd semin\u00e1\u0159 Dne\u00a017. 10. 2016\u00a0se na St\u0159edn\u00ed pr\u016fmyslov\u00e9 \u0161kole stavebn\u00ed a Obchodn\u00ed akademii, <a class=\"more-link\" href=\"https:\/\/www.sps-kadan.cz\/?page_id=193\">Cel\u00fd \u010dl\u00e1nek  <span class=\"screen-reader-text\">  KB Blok<\/span><span class=\"meta-nav\">&rarr;<\/span><\/a><\/p>\n","protected":false},"author":6,"featured_media":0,"parent":178,"menu_order":0,"comment_status":"closed","ping_status":"closed","template":"","meta":[],"_links":{"self":[{"href":"https:\/\/www.sps-kadan.cz\/index.php?rest_route=\/wp\/v2\/pages\/193"}],"collection":[{"href":"https:\/\/www.sps-kadan.cz\/index.php?rest_route=\/wp\/v2\/pages"}],"about":[{"href":"https:\/\/www.sps-kadan.cz\/index.php?rest_route=\/wp\/v2\/types\/page"}],"author":[{"embeddable":true,"href":"https:\/\/www.sps-kadan.cz\/index.php?rest_route=\/wp\/v2\/users\/6"}],"replies":[{"embeddable":true,"href":"https:\/\/www.sps-kadan.cz\/index.php?rest_route=%2Fwp%2Fv2%2Fcomments&post=193"}],"version-history":[{"count":3,"href":"https:\/\/www.sps-kadan.cz\/index.php?rest_route=\/wp\/v2\/pages\/193\/revisions"}],"predecessor-version":[{"id":5778,"href":"https:\/\/www.sps-kadan.cz\/index.php?rest_route=\/wp\/v2\/pages\/193\/revisions\/5778"}],"up":[{"embeddable":true,"href":"https:\/\/www.sps-kadan.cz\/index.php?rest_route=\/wp\/v2\/pages\/178"}],"wp:attachment":[{"href":"https:\/\/www.sps-kadan.cz\/index.php?rest_route=%2Fwp%2Fv2%2Fmedia&parent=193"}],"curies":[{"name":"wp","href":"https:\/\/api.w.org\/{rel}","templated":true}]}}