{"id":197,"date":"2015-01-13T18:52:44","date_gmt":"2015-01-13T17:52:44","guid":{"rendered":"http:\/\/www.sps-kadan.cz\/?page_id=197"},"modified":"2017-04-27T11:40:20","modified_gmt":"2017-04-27T10:40:20","slug":"med","status":"publish","type":"page","link":"https:\/\/www.sps-kadan.cz\/?page_id=197","title":{"rendered":"M\u011a\u010e"},"content":{"rendered":"<p>Celost\u00e1tn\u00ed sout\u011b\u017e <strong>M\u011a\u010e 2015<\/strong> pro \u017e\u00e1ky SO\u0160 a SOU (Ing. S. Ke\u0159kov\u00e1)<\/p>\n<p>Sout\u011b\u017e po\u0159\u00e1dala S\u0160 polytechnick\u00e1, Brno, J\u00edlov\u00e1\u00a036g z\u00a0pov\u011b\u0159en\u00ed CTI \u010cR a St\u0159ediska m\u011bdi. C\u00edlem sout\u011b\u017ee bylo vytvo\u0159it a\u00a0prohloubit znalosti o\u00a0m\u011bdi a\u00a0mo\u017enosti vyu\u017eit\u00ed m\u011bdi a\u00a0v\u00fdrobk\u016f z\u00a0m\u011bdi v\u00a0technick\u00fdch za\u0159\u00edzen\u00edch budov.<\/p>\n<p>Sout\u011b\u017e prob\u011bhla na internetov\u00fdch str\u00e1nk\u00e1ch. Z\u00fa\u010dastnili se\u00a0studenti ze\u00a04. D. V\u00a0po\u0159ad\u00ed \u0161kol skon\u010dila SP\u0160 stavebn\u00ed a\u00a0OA, Kada\u0148 na 7.\u00a0m\u00edst\u011b.<\/p>\n<p>Celost\u00e1tn\u00ed sout\u011b\u017e <strong>M\u011a\u010e 2009<\/strong> pro \u017e\u00e1ky SO\u0160 a SOU (HA)<\/p>\n<p>Sout\u011b\u017e po\u0159\u00e1dala S\u0160 polytechnick\u00e1, Brno, J\u00edlov\u00e1 36g z pov\u011b\u0159en\u00ed CTI \u010cR a HCPC Budape\u0161\u0165. C\u00edlem sout\u011b\u017ee bylo vytvo\u0159it a prohloubit znalosti o m\u011bdi a mo\u017enosti vyu\u017eit\u00ed m\u011bdi a v\u00fdrobk\u016f z\u00a0m\u011bdi v technick\u00fdch za\u0159\u00edzen\u00edch budov.<\/p>\n<p>Sout\u011b\u017e prob\u011bhla na internetov\u00fdch str\u00e1nk\u00e1ch. Z\u00fa\u010dastnili se studenti ze <strong>4.D<\/strong>. V po\u0159ad\u00ed \u0161kol skon\u010dila SP\u0160 stavebn\u00ed a OA, Kada\u0148 na <strong>4. m\u00edst\u011b<\/strong>.<\/p>\n<div id='gallery-1' class='gallery galleryid-197 gallery-columns-1 gallery-size-medium'><figure class='gallery-item'>\n\t\t\t<div class='gallery-icon portrait'>\n\t\t\t\t<a href='https:\/\/www.sps-kadan.cz\/?attachment_id=1651'><img width=\"170\" height=\"200\" src=\"https:\/\/www.sps-kadan.cz\/wp-content\/uploads\/2015\/01\/ac-170x200.jpg\" class=\"attachment-medium size-medium\" alt=\"\" loading=\"lazy\" srcset=\"https:\/\/www.sps-kadan.cz\/wp-content\/uploads\/2015\/01\/ac-170x200.jpg 170w, https:\/\/www.sps-kadan.cz\/wp-content\/uploads\/2015\/01\/ac-255x300.jpg 255w, https:\/\/www.sps-kadan.cz\/wp-content\/uploads\/2015\/01\/ac-594x700.jpg 594w, https:\/\/www.sps-kadan.cz\/wp-content\/uploads\/2015\/01\/ac.jpg 600w\" sizes=\"(max-width: 170px) 100vw, 170px\" \/><\/a>\n\t\t\t<\/div><\/figure>\n\t\t<\/div>\n\n","protected":false},"excerpt":{"rendered":"<p>Celost\u00e1tn\u00ed sout\u011b\u017e M\u011a\u010e 2015 pro \u017e\u00e1ky SO\u0160 a SOU (Ing. S. Ke\u0159kov\u00e1) Sout\u011b\u017e po\u0159\u00e1dala S\u0160 polytechnick\u00e1, Brno, J\u00edlov\u00e1\u00a036g z\u00a0pov\u011b\u0159en\u00ed CTI \u010cR a St\u0159ediska m\u011bdi. C\u00edlem <a class=\"more-link\" href=\"https:\/\/www.sps-kadan.cz\/?page_id=197\">Cel\u00fd \u010dl\u00e1nek  <span class=\"screen-reader-text\">  M\u011a\u010e<\/span><span class=\"meta-nav\">&rarr;<\/span><\/a><\/p>\n","protected":false},"author":6,"featured_media":0,"parent":178,"menu_order":0,"comment_status":"closed","ping_status":"closed","template":"","meta":[],"_links":{"self":[{"href":"https:\/\/www.sps-kadan.cz\/index.php?rest_route=\/wp\/v2\/pages\/197"}],"collection":[{"href":"https:\/\/www.sps-kadan.cz\/index.php?rest_route=\/wp\/v2\/pages"}],"about":[{"href":"https:\/\/www.sps-kadan.cz\/index.php?rest_route=\/wp\/v2\/types\/page"}],"author":[{"embeddable":true,"href":"https:\/\/www.sps-kadan.cz\/index.php?rest_route=\/wp\/v2\/users\/6"}],"replies":[{"embeddable":true,"href":"https:\/\/www.sps-kadan.cz\/index.php?rest_route=%2Fwp%2Fv2%2Fcomments&post=197"}],"version-history":[{"count":3,"href":"https:\/\/www.sps-kadan.cz\/index.php?rest_route=\/wp\/v2\/pages\/197\/revisions"}],"predecessor-version":[{"id":4502,"href":"https:\/\/www.sps-kadan.cz\/index.php?rest_route=\/wp\/v2\/pages\/197\/revisions\/4502"}],"up":[{"embeddable":true,"href":"https:\/\/www.sps-kadan.cz\/index.php?rest_route=\/wp\/v2\/pages\/178"}],"wp:attachment":[{"href":"https:\/\/www.sps-kadan.cz\/index.php?rest_route=%2Fwp%2Fv2%2Fmedia&parent=197"}],"curies":[{"name":"wp","href":"https:\/\/api.w.org\/{rel}","templated":true}]}}