{"id":227,"date":"2015-01-13T19:18:19","date_gmt":"2015-01-13T18:18:19","guid":{"rendered":"http:\/\/www.sps-kadan.cz\/?page_id=227"},"modified":"2016-03-07T07:47:39","modified_gmt":"2016-03-07T06:47:39","slug":"napsali-o-nas","status":"publish","type":"page","link":"https:\/\/www.sps-kadan.cz\/?page_id=227","title":{"rendered":"Napsali o n\u00e1s"},"content":{"rendered":"<p><a href=\"https:\/\/www.sps-kadan.cz\/wp-content\/uploads\/2015\/01\/Chomutovsk\u00fd-den\u00edk.pdf\">Rektor \u010cVUT \u201eTi nejlep\u0161\u00ed studenti p\u0159ich\u00e1zej\u00ed z Kadan\u011b\u201c\u00a0<\/a>(Chomutovsk\u00fd den\u00edk)<\/p>\n<p><a href=\"https:\/\/www.sps-kadan.cz\/wp-content\/uploads\/2015\/01\/N\u00e1stup-1.pdf\">Stavebka je partnerskou \u0161kolou \u010cVUT\u00a0<\/a><em>(N\u00e1stup)<\/em><\/p>\n<p><a href=\"https:\/\/www.sps-kadan.cz\/wp-content\/uploads\/2016\/03\/Tiskov\u00e1-zpr\u00e1va.pdf\">St\u0159edn\u00ed pr\u016fmyslov\u00e1 \u0161kola stavebn\u00ed v Kadani se stala partnerskou st\u0159edn\u00ed univerzitn\u00ed \u0161kolou \u010cVUT v Praze\u00a0<\/a>\u00a0<em>(Tiskov\u00e1 zpr\u00e1va \u010cVUT v Praze)<\/em><\/p>\n<p><a href=\"https:\/\/www.sps-kadan.cz\/wp-content\/uploads\/2015\/01\/N\u00e1stup.pdf\">Rektor pochv\u00e1lil kada\u0148skou \u201estavebku\u201c<em>\u00a0<\/em><\/a><em>(N\u00e1stup)<\/em><\/p>\n<p><a href=\"https:\/\/www.sps-kadan.cz\/wp-content\/uploads\/2015\/01\/Hejtman-Buben\u00ed\u010dek-jednal-s-rektorem-\u010cVUT-o-podpo\u0159e-\u0161kolstv\u00ed.pdf\">Hejtman Buben\u00ed\u010dek jednal s rektorem \u010cVUT o podpo\u0159e \u0161kolstv\u00ed<\/a>\u00a0<em>(www.kr-ustecky.cz)<\/em><\/p>\n<p><a href=\"https:\/\/www.sps-kadan.cz\/wp-content\/uploads\/2015\/01\/Den-stavitelstv\u00ed-a-architektury.pdf\">Den stavitelstv\u00ed a architektury<\/a>\u00a0<em>(N\u00e1stup)<\/em><\/p>\n<p><a href=\"https:\/\/www.sps-kadan.cz\/wp-content\/uploads\/2015\/01\/Den-stavitelstv\u00ed-a-architektury-2015-na-SP\u0160S-a-OA-v-Kadani.pdf\">Den stavitelstv\u00ed a architektury 2015 na SP\u0160S a OA v Kadani<\/a>\u00a0<em>(Chomutovsk\u00fd den\u00edk)<\/em><\/p>\n<p><a href=\"https:\/\/www.sps-kadan.cz\/wp-content\/uploads\/2015\/01\/Kada\u0148sk\u00e1-pr\u016fmyslovka-bude-univerzitn\u00ed-st\u0159edn\u00ed-\u0161kolou.pdf\">Kada\u0148sk\u00e1 pr\u016fmyslovka bude univerzitn\u00ed st\u0159edn\u00ed \u0161kolou<\/a>\u00a0<em>(Kada\u0148sk\u00e9 noviny)<\/em><\/p>\n<p>Studenti \u010dtou a p\u00ed\u0161\u00ed noviny i <a title=\"Jak budeme \u017e\u00edt v roce 2050\" href=\"\/wp-content\/uploads\/2015\/01\/mlcochova.jpg\" target=\"_blank\">\u010dtvr\u0165\u00e1ci<\/a>. <em>(MF Dnes)<\/em><\/p>\n<p>Uctili jsme pam\u00e1tku Miroslava \u010cesala <a title=\"turnaj ve volejbale\" href=\"\/wp-content\/uploads\/2015\/01\/turnaj_2_12.jpg\" target=\"_blank\">v\u00fdhrou<\/a>. <em>(Kada\u0148sk\u00e9 noviny)<\/em><\/p>\n<p>U\u010ditel\u00e9 slavili 60. v\u00fdro\u010d\u00ed <a title=\"turnaj ve volejbale\" href=\"\/wp-content\/uploads\/2015\/01\/turnaj_1_12.jpg\" target=\"_blank\">sportem<\/a>. <em>(den\u00edk)<\/em><\/p>\n<p>Stavebka <a title=\"Alej na Kamenn\u00e9m Vrchu\" href=\"\/wp-content\/uploads\/2015\/01\/strom_roku.jpg\" target=\"_blank\">hlasovala<\/a> o strom roku. (<em>Chomutovsk\u00fd den\u00edk<\/em>)<\/p>\n<p>Ofici\u00e1ln\u011b p\u0159ed\u00e1na <a title=\"reko\" href=\"\/wp-content\/uploads\/2015\/01\/predani_nastup.jpg\" target=\"_blank\">zrekunstroovan\u00e1<\/a> \u0161kola. (<em>N\u00e1stup<\/em>)<\/p>\n<p>Rekonstrukce \u0161koly je ofici\u00e1ln\u011b <a title=\"reko\" href=\"\/wp-content\/uploads\/2015\/01\/predani_cvDenik.jpg\" target=\"_blank\">ukon\u010dena<\/a>. (<em>Chomutovsk\u00fd den\u00edk<\/em>)<\/p>\n<p>N\u00e1\u0161 \u0161koln\u00edk je <a title=\"Per\u0161tejnsk\u00fd sek\u00e1\u010d\" href=\"\/wp-content\/uploads\/2015\/01\/skolnik.jpeg\" target=\"_blank\">PER\u0160TEJNSK\u00dd SEK\u00c1\u010c<\/a>!!! <em>(N\u00e1stup)<\/em><\/p>\n<p>Jan Ch\u00e1ra a druh\u00e9 m\u00edsto v poezii &#8211; <a title=\"Ryt\u00ed\u0159, \u010f\u00e1bel a sv\u011bdom\u00ed\" href=\"\/wp-content\/uploads\/2015\/01\/chara_nastup_4.8.jpeg\" target=\"_blank\">Ryt\u00ed\u0159, \u010f\u00e1bel a sv\u011bdom\u00ed<\/a>. <em>(N\u00e1stup)<\/em><\/p>\n<p>Jan Ch\u00e1ra z\u00edskal prvn\u00ed m\u00edsto v kategorii pr\u00f3za &#8211; <a title=\"O Janovi\" href=\"\/wp-content\/uploads\/2015\/01\/chara_nastup_28.7.jpeg\" target=\"_blank\">O Janovi<\/a>. <em>(N\u00e1stup)<\/em><\/p>\n<p><a title=\"slu\u010dov\u00e1n\u00ed \u0161kol\" href=\"\/wp-content\/uploads\/2015\/01\/slouceni.jpeg\" target=\"_blank\">Slou\u010d\u00ed<\/a> se na\u0161e \u0161kola s dal\u0161\u00edmi?<\/p>\n<p>\u017d\u00e1ci t\u0159\u00eddy 2.A <a title=\"exkurze\" href=\"\/wp-content\/uploads\/2015\/01\/exkurze2A.jpeg\" target=\"_blank\">zav\u00edtali<\/a> do firmy KB-BLOK Postoloprty. (<em>Chomutovsk\u00fd den\u00edk<\/em>)<\/p>\n<p>Slavili jsme <a title=\"v\u00edt\u011bzstv\u00ed\" href=\"\/wp-content\/uploads\/2015\/01\/vitezstvi.jpeg\" target=\"_blank\">v\u00edt\u011bzstv\u00ed<\/a>. (<em>N\u00e1stup<\/em>)<\/p>\n<p>St\u00e1tn\u00ed <a title=\"st\u00e1tn\u00ed maturity\" href=\"\/wp-content\/uploads\/2015\/01\/maturita_statni.jpeg\" target=\"_blank\">maturity<\/a> u n\u00e1s na \u0161kole. (<em>Kada\u0148sk\u00e9 noviny<\/em>)<\/p>\n<p>Postavili jsme nov\u00e9 <a title=\"n\u00e1dra\u017e\u00ed z lepenky\" href=\"\/wp-content\/uploads\/2015\/01\/nadrazi.jpeg\" target=\"_blank\">n\u00e1dra\u017e\u00ed<\/a> &#8211; z lepenky. (<em>N\u00e1stup<\/em>)<\/p>\n<p>Jsou zka\u017een\u00ed a d\u00e1l budou &#8211; studenti \u010dtou a <a title=\"studenti pisou noviny\" href=\"\/wp-content\/uploads\/2015\/01\/pisou_chara2.jpeg\" target=\"_blank\">p\u00ed\u0161\u00ed<\/a> noviny. (<em>MF Dnes<\/em>)<\/p>\n<p>Na\u0161e <a title=\"Ekoschool\" href=\"\/wp-content\/uploads\/2015\/01\/ekoschool.jpeg\" target=\"_blank\">Ekoschool<\/a> se um\u00edstila na <a title=\"\u0161koln\u00ed firma\" href=\"\/wp-content\/uploads\/2015\/01\/skolni_firma.jpeg\" target=\"_blank\">druh\u00e9m<\/a> m\u00edst\u011b. <em>(Chomutovsk\u00fd den\u00edk; N\u00e1stup)<\/em><\/p>\n<p>Sedm state\u010dn\u00fdch z <a title=\"Sedm state\u010dn\u00fdch\" href=\"\/wp-content\/uploads\/2015\/01\/sedm.jpeg\" target=\"_blank\">\u010cVUT<\/a> p\u0159ijelo uk\u00e1zat kr\u00e1sy vysoko\u0161kolsk\u00e9ho studia \u017e\u00e1k\u016fm na\u0161\u00ed st\u0159edn\u00ed \u0161koly. <em>(Kada\u0148sk\u00e9 noviny)<\/em><\/p>\n<p>Sedm\u00fd ro\u010dn\u00edk <a title=\"Projektov\u00e1n\u00ed s KB-BLOK\" href=\"\/wp-content\/uploads\/2015\/01\/projektovani.jpg\" target=\"_blank\">sout\u011b\u017ee<\/a> v projektov\u00e1n\u00ed s firmou KB-BLOK. <em>(Kada\u0148sk\u00e9 noviny)<\/em><\/p>\n<p>Za pozn\u00e1n\u00edm do <a title=\"Pralinky, pivo, krajka\" href=\"\/wp-content\/uploads\/2015\/01\/pralinky.jpeg\" target=\"_blank\">Belgie<\/a> p\u0159es Lucembursko. <em>(Chomutovsk\u00fd den\u00edk)<\/em><\/p>\n<p>T\u0159et\u00ed ro\u010dn\u00edk celo\u0161koln\u00ed <a title=\"Mami, tati, ...\" href=\"\/wp-content\/uploads\/2015\/01\/mamitatico.jpg\" target=\"_blank\">sout\u011b\u017ee<\/a> o soci\u00e1ln\u011b-patologick\u00fdch jevech. <em>(Kada\u0148sk\u00e9 noviny)<br \/>\n<\/em><\/p>\n<p>Prezident \u010cSSI &#8211; <a title=\"maturita 2009\/10\" href=\"\/wp-content\/uploads\/2015\/01\/o_nas_maturita-.jpg\" target=\"_blank\">Ing. S. Z\u00eddek<\/a> na stavebn\u00ed pr\u016fmyslovce v Kadani.<\/p>\n<p><a title=\"maturitn\u00ed vysv\u011bd\u010den\u00ed 2009\/10\" href=\"\/wp-content\/uploads\/2015\/01\/maturita2.jpg\" target=\"_blank\">P\u0159ed\u00e1v\u00e1n\u00ed<\/a> maturitn\u00edho vysv\u011bd\u010den\u00ed v kostele St\u011bt\u00ed sv. Jana K\u0159titele.<\/p>\n<p>\u0160kola nad\u00e1le proch\u00e1z\u00ed velkou <a title=\"Rekonstrukce \u0161koly\" href=\"\/wp-content\/uploads\/2015\/01\/rekonstrukce.jpg\" target=\"_blank\">rekonstrukc\u00ed<\/a>, t\u00edm stavebka z\u00edsk\u00e1 nov\u00e9 u\u010debny a <a title=\"posilovna \u0161koly\" href=\"\/wp-content\/uploads\/2015\/01\/posilovna2.jpg\" target=\"_blank\">posilovnu<\/a>. <em>(MF Dnes)<\/em><\/p>\n<p>\u017d\u00e1ci se z\u00fa\u010dastnili <a title=\"hokejbal proti drog\u00e1m\" href=\"\/wp-content\/uploads\/2015\/01\/sport.jpg\" target=\"_blank\">hokejbalu<\/a> po\u0159\u00e1dan\u00e9ho proti drog\u00e1m.<\/p>\n<p>Exkurze na <a title=\"\u0161kol\u00e1ci na stavebku\" href=\"\/wp-content\/uploads\/2015\/01\/skolaci.jpg\" target=\"_blank\">\u0161kolu<\/a> i stavbu.<\/p>\n<p>P\u0159edn\u00e1\u0161ka o po\u017e\u00e1rn\u00ed <a title=\"po\u017e\u00e1rn\u00ed bezpe\u010dnost staveb\" href=\"\/wp-content\/uploads\/2015\/01\/bezpecnost.jpg\" target=\"_blank\">bezpe\u010dnosti<\/a> staveb.<\/p>\n<p><a title=\"veletrh studentsk\u00fdch firem\" href=\"\/wp-content\/uploads\/2015\/01\/oa.jpg\" target=\"_blank\"> Veletrh<\/a> studentsk\u00fdch firem.<\/p>\n<p><a title=\"stadion z lepenky\" href=\"\/wp-content\/uploads\/2015\/01\/stadion.jpg\" target=\"_blank\">Majer\u010d\u00edk\u016fv<\/a> stadion z lepenky. <em>(MF Dnes)<\/em><\/p>\n<p>\u017d\u00e1ci stavebn\u00ed \u0161koly r\u00e1di <a title=\"sout\u011b\u017e\u00edc\u00ed \u017e\u00e1ci \u0161koly\" href=\"\/wp-content\/uploads\/2015\/01\/souteze.jpg\" target=\"_blank\">sout\u011b\u017e\u00ed<\/a>. <em>(MF Dnes)<\/em><\/p>\n<p>Studenti \u010dtou a <a title=\"MF Dnes\" href=\"\/wp-content\/uploads\/2015\/01\/pisou.jpg\" target=\"_blank\">p\u00ed\u0161i<\/a> noviny, hlavn\u011b MF Dnes. <em>(MF Dnes)<\/em><\/p>\n<p>\u017d\u00e1ci i u\u010ditel\u00e9 spole\u010dn\u011b <a title=\"za pozn\u00e1n\u00edm\" href=\"\/wp-content\/uploads\/2015\/01\/cestovani.jpg\" target=\"_blank\">cestuj\u00ed<\/a> za pozn\u00e1n\u00edm.<\/p>\n<p>Na\u0161\u00ed \u017e\u00e1kyn\u00ed je <a title=\"Miss Kadan\u011b 2009\" href=\"\/wp-content\/uploads\/2015\/01\/miss.jpg\" target=\"_blank\">MISS<\/a> 2009 Kadan\u011b:)<\/p>\n","protected":false},"excerpt":{"rendered":"<p>Rektor \u010cVUT \u201eTi nejlep\u0161\u00ed studenti p\u0159ich\u00e1zej\u00ed z Kadan\u011b\u201c\u00a0(Chomutovsk\u00fd den\u00edk) Stavebka je partnerskou \u0161kolou \u010cVUT\u00a0(N\u00e1stup) St\u0159edn\u00ed pr\u016fmyslov\u00e1 \u0161kola stavebn\u00ed v Kadani se stala partnerskou st\u0159edn\u00ed univerzitn\u00ed <a class=\"more-link\" href=\"https:\/\/www.sps-kadan.cz\/?page_id=227\">Cel\u00fd \u010dl\u00e1nek  <span class=\"screen-reader-text\">  Napsali o n\u00e1s<\/span><span class=\"meta-nav\">&rarr;<\/span><\/a><\/p>\n","protected":false},"author":6,"featured_media":0,"parent":0,"menu_order":0,"comment_status":"closed","ping_status":"closed","template":"","meta":[],"_links":{"self":[{"href":"https:\/\/www.sps-kadan.cz\/index.php?rest_route=\/wp\/v2\/pages\/227"}],"collection":[{"href":"https:\/\/www.sps-kadan.cz\/index.php?rest_route=\/wp\/v2\/pages"}],"about":[{"href":"https:\/\/www.sps-kadan.cz\/index.php?rest_route=\/wp\/v2\/types\/page"}],"author":[{"embeddable":true,"href":"https:\/\/www.sps-kadan.cz\/index.php?rest_route=\/wp\/v2\/users\/6"}],"replies":[{"embeddable":true,"href":"https:\/\/www.sps-kadan.cz\/index.php?rest_route=%2Fwp%2Fv2%2Fcomments&post=227"}],"version-history":[{"count":11,"href":"https:\/\/www.sps-kadan.cz\/index.php?rest_route=\/wp\/v2\/pages\/227\/revisions"}],"predecessor-version":[{"id":3822,"href":"https:\/\/www.sps-kadan.cz\/index.php?rest_route=\/wp\/v2\/pages\/227\/revisions\/3822"}],"wp:attachment":[{"href":"https:\/\/www.sps-kadan.cz\/index.php?rest_route=%2Fwp%2Fv2%2Fmedia&parent=227"}],"curies":[{"name":"wp","href":"https:\/\/api.w.org\/{rel}","templated":true}]}}