{"id":232,"date":"2015-01-13T19:20:32","date_gmt":"2015-01-13T18:20:32","guid":{"rendered":"http:\/\/www.sps-kadan.cz\/?page_id=232"},"modified":"2025-09-12T09:11:50","modified_gmt":"2025-09-12T08:11:50","slug":"archiv","status":"publish","type":"page","link":"https:\/\/www.sps-kadan.cz\/?page_id=232","title":{"rendered":"Projekty"},"content":{"rendered":"<p>\u00a0<\/p>\n<ul>\n<li><a title=\"Dotykov\u00e1 za\u0159\u00edzen\u00ed ve v\u00fduce\" href=\"\/?page_id=1760\">Dotykov\u00e1 za\u0159\u00edzen\u00ed ve v\u00fduce<\/a><\/li>\n<li><a title=\"P\u0159\u00edrodov\u011bdn\u00e9 a technick\u00e9 vzd\u011bl\u00e1v\u00e1n\u00ed\" href=\"\/?page_id=2659\">P\u0159\u00edrodov\u011bdn\u00e9 a technick\u00e9 vzd\u011bl\u00e1v\u00e1n\u00ed<\/a><\/li>\n<li><a title=\"Centrum praktick\u00e9ho ekonomick\u00e9ho vzd\u011bl\u00e1v\u00e1n\u00ed v \u00dasteck\u00e9m kraji\" href=\"https:\/\/www.sps-kadan.cz\/?p=2036\">Centrum praktick\u00e9ho ekonomick\u00e9ho vzd\u011bl\u00e1v\u00e1n\u00ed v \u00dasteck\u00e9m kraji<\/a><\/li>\n<li><a title=\"EU pen\u00edze \u0161kol\u00e1m\" href=\"\/?page_id=2667\">EU pen\u00edze \u0161kol\u00e1m<\/a><\/li>\n<li><a href=\"https:\/\/www.sps-kadan.cz\/wp-content\/uploads\/2015\/01\/WWW-\u0161koly.pdf\">V\u00fdzva \u010d. 56 &#8211; SP\u0160S a OA Kada\u0148<\/a><\/li>\n<li><a title=\"Ostatn\u00ed projekty\" href=\"\/?page_id=2387\">Ostatn\u00ed projekty<\/a><\/li>\n<li><a href=\"https:\/\/www.sps-kadan.cz\/wp-content\/uploads\/2018\/03\/\u010cl\u00e1nek-\u0160ablony-pro-S\u0160-a-VO\u0160-I-1.pdf\">\u0160ablony pro S\u0160 a VO\u0160 I<\/a><\/li>\n<li><a href=\"https:\/\/www.sps-kadan.cz\/wp-content\/uploads\/2022\/04\/Sablony-pro-SS-a-VOS-II-.docx\">\u0160ablony pro S\u0160 a VO\u0160 II<\/a><\/li>\n<li><a href=\"https:\/\/www.sps-kadan.cz\/wp-content\/uploads\/2022\/03\/Doucovani-zaku-skol.pdf\">Dou\u010dov\u00e1n\u00ed \u017e\u00e1k\u016f \u0161kol<\/a><\/li>\n<li>\n<p><a href=\"https:\/\/www.sps-kadan.cz\/wp-content\/uploads\/2023\/06\/Sablony_pro-SS_a_VOS_I_OP_JAK.docx\">\u0160ablony pro S\u0160 a VO\u0160 I OP JAK<\/a><\/p>\n<\/li>\n<li><a href=\"https:\/\/www.sps-kadan.cz\/wp-content\/uploads\/2024\/03\/Stavebni-upravy-modernizace-a-vybaveni-odbornych-uceben-SPSS-a-OA-Kadan.pdf\">Stavebn\u00ed \u00fapravy, modernizace a vybaven\u00ed odborn\u00fdch u\u010deben SP\u0160S a OA Kada\u0148<\/a><\/li>\n<li><a href=\"https:\/\/www.sps-kadan.cz\/wp-content\/uploads\/2025\/09\/Sablony_pro-SS_a_VOS_II_OP_JAK.jpg.pdf\">\u0160ablony pro S\u0160 a VO\u0160 II OP JAK<\/a><\/li>\n<\/ul>\n<p>\u00a0<\/p>\n\n\n<p> <\/p>\n","protected":false},"excerpt":{"rendered":"<p>\u00a0 Dotykov\u00e1 za\u0159\u00edzen\u00ed ve v\u00fduce P\u0159\u00edrodov\u011bdn\u00e9 a technick\u00e9 vzd\u011bl\u00e1v\u00e1n\u00ed Centrum praktick\u00e9ho ekonomick\u00e9ho vzd\u011bl\u00e1v\u00e1n\u00ed v \u00dasteck\u00e9m kraji EU pen\u00edze \u0161kol\u00e1m V\u00fdzva \u010d. 56 &#8211; SP\u0160S a <a class=\"more-link\" href=\"https:\/\/www.sps-kadan.cz\/?page_id=232\">Cel\u00fd \u010dl\u00e1nek  <span class=\"screen-reader-text\">  Projekty<\/span><span class=\"meta-nav\">&rarr;<\/span><\/a><\/p>\n","protected":false},"author":6,"featured_media":0,"parent":0,"menu_order":0,"comment_status":"closed","ping_status":"closed","template":"","meta":[],"_links":{"self":[{"href":"https:\/\/www.sps-kadan.cz\/index.php?rest_route=\/wp\/v2\/pages\/232"}],"collection":[{"href":"https:\/\/www.sps-kadan.cz\/index.php?rest_route=\/wp\/v2\/pages"}],"about":[{"href":"https:\/\/www.sps-kadan.cz\/index.php?rest_route=\/wp\/v2\/types\/page"}],"author":[{"embeddable":true,"href":"https:\/\/www.sps-kadan.cz\/index.php?rest_route=\/wp\/v2\/users\/6"}],"replies":[{"embeddable":true,"href":"https:\/\/www.sps-kadan.cz\/index.php?rest_route=%2Fwp%2Fv2%2Fcomments&post=232"}],"version-history":[{"count":22,"href":"https:\/\/www.sps-kadan.cz\/index.php?rest_route=\/wp\/v2\/pages\/232\/revisions"}],"predecessor-version":[{"id":8712,"href":"https:\/\/www.sps-kadan.cz\/index.php?rest_route=\/wp\/v2\/pages\/232\/revisions\/8712"}],"wp:attachment":[{"href":"https:\/\/www.sps-kadan.cz\/index.php?rest_route=%2Fwp%2Fv2%2Fmedia&parent=232"}],"curies":[{"name":"wp","href":"https:\/\/api.w.org\/{rel}","templated":true}]}}