{"id":2659,"date":"2015-01-29T11:14:01","date_gmt":"2015-01-29T10:14:01","guid":{"rendered":"http:\/\/www.sps-kadan.cz\/?page_id=2659"},"modified":"2019-02-25T12:48:25","modified_gmt":"2019-02-25T11:48:25","slug":"prirodovedne-a-technicke-vzdelavani","status":"publish","type":"page","link":"https:\/\/www.sps-kadan.cz\/?page_id=2659","title":{"rendered":"P\u0159\u00edrodov\u011bdn\u00e9 a technick\u00e9 vzd\u011bl\u00e1v\u00e1n\u00ed"},"content":{"rendered":"<p><a href=\"https:\/\/www.sps-kadan.cz\/wp-content\/uploads\/2015\/01\/PUBL-Exkurze-do-IQ-Landia-11.-6.-15.pdf\">Exkurze do IQ Landia 11. 6. 15<\/a><\/p>\n<p><a href=\"https:\/\/www.sps-kadan.cz\/wp-content\/uploads\/2015\/01\/Exkurze-do-IQ-Landia-10.-6.-15.pdf\">Exkurze do IQ Landia 10. 6. 15<\/a><\/p>\n<p><a href=\"https:\/\/www.sps-kadan.cz\/wp-content\/uploads\/2015\/01\/Exkurze-do-Techmanie-Plzen-4.-6.-15.pdf\">Exkurze do Techmanie Plzen 4. 6. 15<\/a><\/p>\n<p><a href=\"https:\/\/www.sps-kadan.cz\/wp-content\/uploads\/2015\/01\/Exkurze-do-Techmanie-Plzen-3.-6.-15.pdf\">Exkurze do Techmanie Plzen 3. 6. 15<\/a><\/p>\n<p><a href=\"https:\/\/www.sps-kadan.cz\/wp-content\/uploads\/2015\/01\/Projektov\u00fd-den-29.-5.-15.pdf\">Projektov\u00fd den 29. 5. 15<\/a><\/p>\n<p>CELOKRAJSK\u00c1 KONFERENCE<br \/>\npo\u0159\u00e1dan\u00e1 v r\u00e1mci projektu \u201eP\u0159\u00edrodov\u011bdn\u00e9 a technick\u00e9 vzd\u011bl\u00e1v\u00e1n\u00ed \u00dasteck\u00e9ho kraje\u201c \u00a0s reg. \u010d. CZ.1.07\/1.1.00\/44.0005<\/p>\n<p><a href=\"https:\/\/www.sps-kadan.cz\/wp-content\/uploads\/2015\/01\/DSCN1823.jpg\"><img loading=\"lazy\" class=\"alignnone size-medium wp-image-3200\" src=\"https:\/\/www.sps-kadan.cz\/wp-content\/uploads\/2015\/01\/DSCN1823-200x150.jpg\" alt=\"DSCN1823\" width=\"200\" height=\"150\" srcset=\"https:\/\/www.sps-kadan.cz\/wp-content\/uploads\/2015\/01\/DSCN1823-200x150.jpg 200w, https:\/\/www.sps-kadan.cz\/wp-content\/uploads\/2015\/01\/DSCN1823-150x113.jpg 150w, https:\/\/www.sps-kadan.cz\/wp-content\/uploads\/2015\/01\/DSCN1823-700x525.jpg 700w\" sizes=\"(max-width: 200px) 100vw, 200px\" \/><\/a> <a href=\"https:\/\/www.sps-kadan.cz\/wp-content\/uploads\/2015\/01\/DSCN1810.jpg\"><img loading=\"lazy\" class=\"alignnone size-medium wp-image-3198\" src=\"https:\/\/www.sps-kadan.cz\/wp-content\/uploads\/2015\/01\/DSCN1810-200x150.jpg\" alt=\"DSCN1810\" width=\"200\" height=\"150\" srcset=\"https:\/\/www.sps-kadan.cz\/wp-content\/uploads\/2015\/01\/DSCN1810-200x150.jpg 200w, https:\/\/www.sps-kadan.cz\/wp-content\/uploads\/2015\/01\/DSCN1810-150x113.jpg 150w, https:\/\/www.sps-kadan.cz\/wp-content\/uploads\/2015\/01\/DSCN1810-700x525.jpg 700w\" sizes=\"(max-width: 200px) 100vw, 200px\" \/><\/a> <a href=\"https:\/\/www.sps-kadan.cz\/wp-content\/uploads\/2015\/01\/DSCN1805.jpg\"><img loading=\"lazy\" class=\"alignnone size-medium wp-image-3197\" src=\"https:\/\/www.sps-kadan.cz\/wp-content\/uploads\/2015\/01\/DSCN1805-200x150.jpg\" alt=\"DSCN1805\" width=\"200\" height=\"150\" srcset=\"https:\/\/www.sps-kadan.cz\/wp-content\/uploads\/2015\/01\/DSCN1805-200x150.jpg 200w, https:\/\/www.sps-kadan.cz\/wp-content\/uploads\/2015\/01\/DSCN1805-150x113.jpg 150w, https:\/\/www.sps-kadan.cz\/wp-content\/uploads\/2015\/01\/DSCN1805-700x525.jpg 700w\" sizes=\"(max-width: 200px) 100vw, 200px\" \/><\/a> <a href=\"https:\/\/www.sps-kadan.cz\/wp-content\/uploads\/2015\/01\/DSCN1804.jpg\"><img loading=\"lazy\" class=\"alignnone size-medium wp-image-3196\" src=\"https:\/\/www.sps-kadan.cz\/wp-content\/uploads\/2015\/01\/DSCN1804-200x150.jpg\" alt=\"DSCN1804\" width=\"200\" height=\"150\" srcset=\"https:\/\/www.sps-kadan.cz\/wp-content\/uploads\/2015\/01\/DSCN1804-200x150.jpg 200w, https:\/\/www.sps-kadan.cz\/wp-content\/uploads\/2015\/01\/DSCN1804-150x113.jpg 150w, https:\/\/www.sps-kadan.cz\/wp-content\/uploads\/2015\/01\/DSCN1804-700x525.jpg 700w\" sizes=\"(max-width: 200px) 100vw, 200px\" \/><\/a> <a href=\"https:\/\/www.sps-kadan.cz\/wp-content\/uploads\/2015\/01\/DSCN1803.jpg\"><img loading=\"lazy\" class=\"alignnone size-medium wp-image-3195\" src=\"https:\/\/www.sps-kadan.cz\/wp-content\/uploads\/2015\/01\/DSCN1803-200x150.jpg\" alt=\"DSCN1803\" width=\"200\" height=\"150\" srcset=\"https:\/\/www.sps-kadan.cz\/wp-content\/uploads\/2015\/01\/DSCN1803-200x150.jpg 200w, https:\/\/www.sps-kadan.cz\/wp-content\/uploads\/2015\/01\/DSCN1803-150x113.jpg 150w, https:\/\/www.sps-kadan.cz\/wp-content\/uploads\/2015\/01\/DSCN1803-700x525.jpg 700w\" sizes=\"(max-width: 200px) 100vw, 200px\" \/><\/a> <a href=\"https:\/\/www.sps-kadan.cz\/wp-content\/uploads\/2015\/01\/Banner_3.jpg\"><img loading=\"lazy\" class=\"alignnone size-medium wp-image-3194\" src=\"https:\/\/www.sps-kadan.cz\/wp-content\/uploads\/2015\/01\/Banner_3-85x200.jpg\" alt=\"Banner_3\" width=\"85\" height=\"200\" srcset=\"https:\/\/www.sps-kadan.cz\/wp-content\/uploads\/2015\/01\/Banner_3-85x200.jpg 85w, https:\/\/www.sps-kadan.cz\/wp-content\/uploads\/2015\/01\/Banner_3-64x150.jpg 64w, https:\/\/www.sps-kadan.cz\/wp-content\/uploads\/2015\/01\/Banner_3-298x700.jpg 298w, https:\/\/www.sps-kadan.cz\/wp-content\/uploads\/2015\/01\/Banner_3.jpg 850w\" sizes=\"(max-width: 85px) 100vw, 85px\" \/><\/a> <a href=\"https:\/\/www.sps-kadan.cz\/wp-content\/uploads\/2015\/01\/Banner_1.jpg\"><img loading=\"lazy\" class=\"alignnone size-medium wp-image-3193\" src=\"https:\/\/www.sps-kadan.cz\/wp-content\/uploads\/2015\/01\/Banner_1-85x200.jpg\" alt=\"Banner_1\" width=\"85\" height=\"200\" srcset=\"https:\/\/www.sps-kadan.cz\/wp-content\/uploads\/2015\/01\/Banner_1-85x200.jpg 85w, https:\/\/www.sps-kadan.cz\/wp-content\/uploads\/2015\/01\/Banner_1-64x150.jpg 64w, https:\/\/www.sps-kadan.cz\/wp-content\/uploads\/2015\/01\/Banner_1-298x700.jpg 298w, https:\/\/www.sps-kadan.cz\/wp-content\/uploads\/2015\/01\/Banner_1.jpg 850w\" sizes=\"(max-width: 85px) 100vw, 85px\" \/><\/a><\/p>\n<p><a href=\"https:\/\/www.sps-kadan.cz\/wp-content\/uploads\/2015\/01\/Projektov\u00fd-den-22.-5.-15.pdf\">Projektov\u00fd den 22. 5. 15<\/a><\/p>\n<p><a href=\"https:\/\/www.sps-kadan.cz\/wp-content\/uploads\/2015\/01\/Exkurze-do-KB-BLOK-21.-5.-15.pdf\">Exkurze do KB BLOK 21. 5. 15<\/a><\/p>\n<p><a href=\"https:\/\/www.sps-kadan.cz\/wp-content\/uploads\/2015\/01\/Projektov\u00fd-den-21.-5.-15.pdf\">Projektov\u00fd den 21. 5. 15<\/a><\/p>\n<p><a href=\"https:\/\/www.sps-kadan.cz\/wp-content\/uploads\/2015\/01\/Exkurze-do-Techmanie-Plzen-13.-5.-15.pdf\">Exkurze do Techmanie Plzen 13. 5. 15<\/a><\/p>\n<p><a href=\"https:\/\/www.sps-kadan.cz\/wp-content\/uploads\/2015\/01\/Projektov\u00fd-den-13.-5.-15.pdf\">Projektov\u00fd den 13. 5. 15<\/a><\/p>\n<p><a href=\"https:\/\/www.sps-kadan.cz\/wp-content\/uploads\/2015\/01\/Exkurze-do-Techmanie-Plzen-12.-5.-15.pdf\">Exkurze do Techmanie Plzen 12. 5. 15<\/a><\/p>\n<p><a href=\"https:\/\/www.sps-kadan.cz\/wp-content\/uploads\/2015\/01\/Projektov\u00fd-den-11.-5.-15.pdf\">Projektov\u00fd den 11. 5. 15<\/a><\/p>\n<p><a href=\"https:\/\/www.sps-kadan.cz\/wp-content\/uploads\/2015\/01\/Exkurze-do-KB-BLOK-7.-5.-15.pdf\">Exkurze do KB BLOK 7. 5. 15<\/a><\/p>\n<p><a href=\"https:\/\/www.sps-kadan.cz\/wp-content\/uploads\/2015\/01\/Projektov\u00fd-den-6.-5.-15.pdf\">Projektov\u00fd den 6. 5. 15<\/a><\/p>\n<p><a href=\"https:\/\/www.sps-kadan.cz\/wp-content\/uploads\/2015\/01\/Exkurze-PREFA-6.-5.-15.pdf\">Exkurze PREFA 6. 5. 15<\/a><\/p>\n<p><a href=\"https:\/\/www.sps-kadan.cz\/wp-content\/uploads\/2015\/01\/Exkurze-do-Prefy-5.-5.-15.pdf\">Exkurze do Prefy 5. 5. 15<\/a><\/p>\n<p><a href=\"https:\/\/www.sps-kadan.cz\/wp-content\/uploads\/2015\/01\/Exkurze-do-LETI\u0160T\u011a-27.-4.-15.pdf\">Exkurze do LETI\u0160T\u011a 27. 4. 15<\/a><\/p>\n<p><a href=\"https:\/\/www.sps-kadan.cz\/wp-content\/uploads\/2015\/01\/Exkurze-do-KB-BLOK-23.-4.-15.pdf\">Exkurze do KB BLOK 23. 4. 15<\/a><\/p>\n<p><a href=\"https:\/\/www.sps-kadan.cz\/wp-content\/uploads\/2015\/01\/Exkurze-do-SG-22.-4.-15.pdf\">Exkurze do SG 22. 4. 15<\/a><\/p>\n<p><a href=\"https:\/\/www.sps-kadan.cz\/wp-content\/uploads\/2015\/01\/Exkurze-do-IQ-Landia-21.-4.-15.pdf\">Exkurze do IQ Landia 21. 4. 15<\/a><\/p>\n<p><a href=\"https:\/\/www.sps-kadan.cz\/wp-content\/uploads\/2015\/01\/Exkurze-do-KB-BLOK-16.-4.-15-Z\u0160-Kryry.pdf\">Exkurze do KB BLOK 16. 4. 15 &#8211; Z\u0160 Kryry<\/a><\/p>\n<p><a href=\"https:\/\/www.sps-kadan.cz\/wp-content\/uploads\/2015\/01\/Exkurze-do-SG-15.-4.-15.pdf\">Exkurze do SG 15. 4. 15<\/a><\/p>\n<p><a href=\"https:\/\/www.sps-kadan.cz\/wp-content\/uploads\/2015\/01\/Projektov\u00fd-den-15.-4.-15-Kada\u0148-\u0160koln\u00ed.pdf\">Projektov\u00fd den 15. 4. 15 Kada\u0148, \u0160koln\u00ed<\/a><\/p>\n<p><a href=\"https:\/\/www.sps-kadan.cz\/wp-content\/uploads\/2015\/01\/Projektov\u00fd-den-8.-4.-15-Jirkov.pdf\">Projektov\u00fd den 8. 4. 15 Jirkov<\/a><\/p>\n<p><a href=\"https:\/\/www.sps-kadan.cz\/wp-content\/uploads\/2015\/01\/Projektov\u00fd-den-PD-25.-3.-15-\u017datec-Komensk\u00e9ho-alej.pdf\">Projektov\u00fd den \u00a025. 3. 15 \u017datec, Komensk\u00e9ho alej<\/a><\/p>\n<p><a href=\"https:\/\/www.sps-kadan.cz\/wp-content\/uploads\/2015\/01\/Exkurze-do-ETU-24.-3.-15.pdf\">Exkurze do ETU 24. 3. 15<\/a><\/p>\n<p><a href=\"https:\/\/www.sps-kadan.cz\/wp-content\/uploads\/2015\/01\/Exkurze-do-SILNICE-GROUP-23.-3.-15.pdf\">Exkurze do SILNICE GROUP 23. 3. 15<\/a><\/p>\n<p><a href=\"https:\/\/www.sps-kadan.cz\/wp-content\/uploads\/2015\/01\/Exkurze-do-ETU-19.-3.-15.pdf\">Exkurze do ETU 19. 3. 15<\/a><\/p>\n<p><a href=\"https:\/\/www.sps-kadan.cz\/wp-content\/uploads\/2015\/01\/Projektov\u00fd-den-18.-3.-15-Chomutov-Kada\u0148sk\u00e1.pdf\">Projektov\u00fd den 18. 3. 15 Chomutov, Kada\u0148sk\u00e1<\/a><\/p>\n<p><a href=\"https:\/\/www.sps-kadan.cz\/wp-content\/uploads\/2015\/01\/Exkurze-do-SG-18.-3.-15.pdf\">Exkurze do SG 18. 3. 15<\/a><\/p>\n<p><a href=\"https:\/\/www.sps-kadan.cz\/wp-content\/uploads\/2015\/01\/Exkurze-do-ETU-11.-3.-15.pdf\">Exkurze do ETU 11. 3. 15<\/a><\/p>\n<p><a href=\"https:\/\/www.sps-kadan.cz\/wp-content\/uploads\/2015\/01\/Projektov\u00fd-den-11.-3.-15-\u017datec-n\u00e1m.-28.-\u0159\u00edjna1.pdf\">Projektov\u00fd den 11. 3. 15 \u017datec, n\u00e1m. 28. \u0159\u00edjna<\/a><\/p>\n<p><a href=\"https:\/\/www.sps-kadan.cz\/wp-content\/uploads\/2015\/01\/KB-BLOK-besedy-11.-3.-15.pdf\">KB BLOK besedy 11. 3. 15<\/a><\/p>\n<p><a href=\"https:\/\/www.sps-kadan.cz\/wp-content\/uploads\/2015\/01\/Projektov\u00fd-den-4.-3.-15-Kov\u00e1\u0159sk\u00e1.pdf\">Projektov\u00fd den 4. 3. 15 Kov\u00e1\u0159sk\u00e1<\/a><\/p>\n<p><a href=\"https:\/\/www.sps-kadan.cz\/wp-content\/uploads\/2015\/01\/Exkurze-do-ETU-3.-3.-15.pdf\">Exkurze do ETU 3. 3. 15<\/a><\/p>\n<p><a href=\"https:\/\/www.sps-kadan.cz\/wp-content\/uploads\/2015\/01\/CELORO\u010cN\u00cd-PRAVIDELN\u011a-SE-OPAKUJ\u00cdC\u00cd-VOLNO\u010cASOV\u00c9-AKTIVITY.pdf\">CELORO\u010cN\u00cd PRAVIDELN\u011a SE OPAKUJ\u00cdC\u00cd VOLNO\u010cASOV\u00c9 AKTIVITY<\/a><\/p>\n<p><a href=\"https:\/\/www.sps-kadan.cz\/wp-content\/uploads\/2015\/01\/PUBL-Exkurze-do-IQ-Landia-26.-2.-15.pdf\">Exkurze do IQ Landia 26. 2. 15<\/a><\/p>\n<p><a href=\"https:\/\/www.sps-kadan.cz\/wp-content\/uploads\/2015\/01\/Projektov\u00fd-den-25.-2.-15-Z\u0160-\u0160koln\u00ed-Kl\u00e1\u0161terec-nad-Oh\u0159\u00ed.pdf\">Projektov\u00fd den 25. 2. 15 Z\u0160 \u0160koln\u00ed, Kl\u00e1\u0161terec nad Oh\u0159\u00ed<\/a><\/p>\n<p><a href=\"https:\/\/www.sps-kadan.cz\/wp-content\/uploads\/2015\/01\/Projektov\u00fd-den-18.-2.-2015-Z\u0160-\u0160koln\u00ed-Kl\u00e1\u0161terec-nad-Oh\u0159\u00ed.pdf\">Projektov\u00fd den 18. 2. 2015 Z\u0160 \u0160koln\u00ed, Kl\u00e1\u0161terec nad Oh\u0159\u00ed<\/a><\/p>\n<p><a href=\"https:\/\/www.sps-kadan.cz\/wp-content\/uploads\/2015\/01\/Exkurze-Leti\u0161t\u011b-17.-2.-15.pdf\">Exkurze Leti\u0161t\u011b 17. 2. 15<\/a><\/p>\n<p><a href=\"https:\/\/www.sps-kadan.cz\/wp-content\/uploads\/2015\/01\/Projektov\u00fd-den-4.-2.-15-Z\u0160-Zahradn\u00ed-Chomutov.pdf\">Projektov\u00fd den 4. 2. 15 Z\u0160 Zahradn\u00ed, Chomutov<\/a><\/p>\n<p><a href=\"https:\/\/www.sps-kadan.cz\/wp-content\/uploads\/2015\/01\/ETU-besedy.pdf\">ETU besedy<\/a><\/p>\n<p><a href=\"https:\/\/www.sps-kadan.cz\/wp-content\/uploads\/2015\/01\/Projektov\u00fd-den-Z\u0160-Vejprty.pdf\">Projektov\u00fd den Z\u0160 Vejprty<\/a><\/p>\n<p><a href=\"https:\/\/www.sps-kadan.cz\/wp-content\/uploads\/2015\/01\/SILNICE-GROUP-besedy.pdf\">SILNICE GROUP besedy<\/a><\/p>\n<p><a href=\"https:\/\/www.sps-kadan.cz\/wp-content\/uploads\/2015\/01\/Projektov\u00fd-den-21.-1.-15-Z\u0160-Kada\u0148-Na-Podles\u00ed.pdf\">Projektov\u00fd den 21. 1. 15 Z\u0160 Kada\u0148, Na Podles\u00ed<\/a><\/p>\n<p><a href=\"https:\/\/www.sps-kadan.cz\/wp-content\/uploads\/2015\/01\/Exkurze-do-IQ-Landia-20.-1.-15.pdf\">Exkurze do IQ Landia 20. 1. 15<\/a><\/p>\n<p><a href=\"https:\/\/www.sps-kadan.cz\/wp-content\/uploads\/2015\/01\/Exkurze-do-Prefy-16.-1.-15.pdf\">Exkurze do Prefy 16. 1. 15<\/a><\/p>\n<p><a href=\"https:\/\/www.sps-kadan.cz\/wp-content\/uploads\/2015\/01\/Exkurze-do-Techmanie-14.-1.-15.pdf\">Exkurze do Techmanie 14. 1. 15<\/a><\/p>\n<p><a href=\"https:\/\/www.sps-kadan.cz\/wp-content\/uploads\/2015\/01\/Exkurze-do-Prefy-9.-1.-15.pdf\">Exkurze do Prefy 9. 1. 15<\/a><\/p>\n<p><a href=\"https:\/\/www.sps-kadan.cz\/wp-content\/uploads\/2015\/01\/Exkurze-do-IQ-Landia-8.-1.-15.pdf\">Exkurze do IQ Landia 8. 1. 15<\/a><\/p>\n<p><a href=\"https:\/\/www.sps-kadan.cz\/wp-content\/uploads\/2015\/01\/Exkurze-do-Techmanie-Plzen-11.-12.-14.pdf\">Exkurze do Techmanie Plzen 11. 12. 14<\/a><\/p>\n<p><a href=\"https:\/\/www.sps-kadan.cz\/wp-content\/uploads\/2015\/01\/Exkurze-do-Techmanie-Plzen-10.-12.-14.pdf\">Exkurze do Techmanie Plzen 10. 12. 14<\/a><\/p>\n<p><a href=\"https:\/\/www.sps-kadan.cz\/wp-content\/uploads\/2015\/01\/Exkurze-do-IQ-Landia-4.-12.-14.pdf\">Exkurze do IQ Landia 4. 12. 14<\/a><\/p>\n<p><a href=\"https:\/\/www.sps-kadan.cz\/wp-content\/uploads\/2015\/01\/Exkurze-do-Techmanie-Plzen-26.-11.-14.pdf\">Exkurze do Techmanie Plzen 26. 11. 14<\/a><\/p>\n<p><a href=\"https:\/\/www.sps-kadan.cz\/wp-content\/uploads\/2015\/01\/Exkurze-do-Techmanie-Plzen-20.-11.-14.pdf\">Exkurze do Techmanie Plzen 20. 11. 14<\/a><\/p>\n<p><a href=\"https:\/\/www.sps-kadan.cz\/wp-content\/uploads\/2015\/01\/Prefa-besedy.pdf\">Prefa besedy<\/a><\/p>\n<p><a href=\"\/wp-content\/uploads\/2015\/01\/letk_Kada.pdf\" target=\"_blank\" rel=\"noopener noreferrer\">P\u0159\u00edrodov\u011bdn\u00ed a technick\u00e9 vzd\u011bl\u00e1v\u00e1n\u00ed v \u00dasteck\u00e9m kraji<\/a><\/p>\n<p><a href=\"\/wp-content\/uploads\/2015\/01\/patvuk.pdf\" target=\"_blank\" rel=\"noopener noreferrer\"><img loading=\"lazy\" class=\"aligncenter size-medium wp-image-1771\" src=\"\/wp-content\/uploads\/2015\/01\/partner_13_copy-300x246.png\" alt=\"partner_13_copy\" width=\"300\" height=\"246\" srcset=\"https:\/\/www.sps-kadan.cz\/wp-content\/uploads\/2015\/01\/partner_13_copy-300x246.png 300w, https:\/\/www.sps-kadan.cz\/wp-content\/uploads\/2015\/01\/partner_13_copy-200x164.png 200w, https:\/\/www.sps-kadan.cz\/wp-content\/uploads\/2015\/01\/partner_13_copy.png 420w\" sizes=\"(max-width: 300px) 100vw, 300px\" \/><\/a><\/p>\n<p>&nbsp;<\/p>\n<p>Projekt: \u201eP\u0159\u00edrodov\u011bdn\u00e9 a technick\u00e9 vzd\u011bl\u00e1v\u00e1n\u00ed \u00dasteck\u00e9ho kraje\u201c<br \/>\nrealizuje \u00dasteck\u00fd kraj ve spolupr\u00e1ci se 14 partnersk\u00fdmi st\u0159edn\u00edmi \u0161kolami<\/p>\n<p><b>Projekt<\/b><b>: \u201eP\u0159\u00edrodov\u011bdn\u00e9 a technick\u00e9 vzd\u011bl\u00e1v\u00e1n\u00ed \u00dasteck\u00e9ho kraje\u201c<\/b><br \/>\nrealizuje <b>\u00dasteck\u00fd kraj<\/b> ve spolupr\u00e1ci se\u00a014 partnersk\u00fdmi st\u0159edn\u00edmi \u0161kolami<b><\/b><\/p>\n<p>&nbsp;<\/p>\n<p>D\u00edky evropsk\u00fdm dotac\u00edm vznikla v\u00a0na\u0161\u00ed \u0161kole modern\u00ed u\u010debna a laborato\u0159 pro v\u00fduku stavebnictv\u00ed.<\/p>\n<div id='gallery-1' class='gallery galleryid-2659 gallery-columns-1 gallery-size-large'><figure class='gallery-item'>\n\t\t\t<div class='gallery-icon landscape'>\n\t\t\t\t<a href='https:\/\/www.sps-kadan.cz\/?attachment_id=2026'><img width=\"257\" height=\"152\" src=\"https:\/\/www.sps-kadan.cz\/wp-content\/uploads\/2015\/01\/logo1.png\" class=\"attachment-large size-large\" alt=\"\" loading=\"lazy\" srcset=\"https:\/\/www.sps-kadan.cz\/wp-content\/uploads\/2015\/01\/logo1.png 257w, https:\/\/www.sps-kadan.cz\/wp-content\/uploads\/2015\/01\/logo1-150x89.png 150w, https:\/\/www.sps-kadan.cz\/wp-content\/uploads\/2015\/01\/logo1-200x118.png 200w\" sizes=\"(max-width: 257px) 100vw, 257px\" \/><\/a>\n\t\t\t<\/div><\/figure>\n\t\t<\/div>\n\n<p>&nbsp;<\/p>\n<p>V\u00a0t\u011bchto \u00a0modern\u00edch prostor\u00e1ch jsou po\u0159\u00e1d\u00e1ny krou\u017eky a uk\u00e1zkov\u00e9 dny pro \u017e\u00e1ky z\u00e1kladn\u00edch i\u00a0st\u0159edn\u00edch \u0161kol. Jak\u00fdkoli \u017e\u00e1k, kter\u00fd je zap\u00e1len\u00fd, nebo alespo\u0148 zv\u011bdav\u00fd na dan\u00fd obor, se m\u016f\u017ee z\u00fa\u010dastnit nab\u00edzen\u00fdch aktivit, kter\u00e9 prob\u00edhaj\u00ed. Pro \u017e\u00e1ky jsou tak\u00e9 po\u0159\u00e1d\u00e1ny exkurze do muze\u00ed, firem i\u00a0do IQ parku v\u00a0Liberci a Techm\u00e1nie v\u00a0Plzni.<\/p>\n<div id='gallery-2' class='gallery galleryid-2659 gallery-columns-2 gallery-size-large'><figure class='gallery-item'>\n\t\t\t<div class='gallery-icon landscape'>\n\t\t\t\t<a href='https:\/\/www.sps-kadan.cz\/?attachment_id=2029'><img width=\"530\" height=\"397\" src=\"https:\/\/www.sps-kadan.cz\/wp-content\/uploads\/2014\/12\/foto.jpg\" class=\"attachment-large size-large\" alt=\"\" loading=\"lazy\" srcset=\"https:\/\/www.sps-kadan.cz\/wp-content\/uploads\/2014\/12\/foto.jpg 536w, https:\/\/www.sps-kadan.cz\/wp-content\/uploads\/2014\/12\/foto-150x112.jpg 150w, https:\/\/www.sps-kadan.cz\/wp-content\/uploads\/2014\/12\/foto-200x150.jpg 200w\" sizes=\"(max-width: 530px) 100vw, 530px\" \/><\/a>\n\t\t\t<\/div><\/figure><figure class='gallery-item'>\n\t\t\t<div class='gallery-icon landscape'>\n\t\t\t\t<a href='https:\/\/www.sps-kadan.cz\/?attachment_id=2030'><img width=\"530\" height=\"398\" src=\"https:\/\/www.sps-kadan.cz\/wp-content\/uploads\/2014\/12\/foto_2.jpg\" class=\"attachment-large size-large\" alt=\"\" loading=\"lazy\" srcset=\"https:\/\/www.sps-kadan.cz\/wp-content\/uploads\/2014\/12\/foto_2.jpg 532w, https:\/\/www.sps-kadan.cz\/wp-content\/uploads\/2014\/12\/foto_2-150x113.jpg 150w, https:\/\/www.sps-kadan.cz\/wp-content\/uploads\/2014\/12\/foto_2-200x150.jpg 200w\" sizes=\"(max-width: 530px) 100vw, 530px\" \/><\/a>\n\t\t\t<\/div><\/figure>\n\t\t<\/div>\n\n<p>Druhou c\u00edlovou skupinou jsou samotn\u00ed u\u010ditel\u00e9 z\u00e1kladn\u00edch i st\u0159edn\u00edch \u0161kol v\u00a0kraji. \u00dakolem projektu je podpora v\u00fduky v\u00a0oblasti p\u0159\u00edrodov\u011bdy a techniky. U\u010ditel\u00e9 se mohou \u00fa\u010dastnit vz\u00e1jemn\u00fdch odborn\u00fdch diskuz\u00ed, p\u0159ed\u00e1vat si sv\u00e1 nabyt\u00e1 know how a sd\u00edlet p\u0159\u00edpadn\u00e9 novinky. Dozv\u00ed se o nov\u00fdch u\u010debn\u00edch pom\u016fck\u00e1ch i\u00a0vzd\u011bl\u00e1vac\u00edch materi\u00e1lech vyroben\u00fdch v r\u00e1mci jin\u00fdch projekt\u016f. D\u00e1le budou pro u\u010ditele zaji\u0161t\u011bny semin\u00e1\u0159e, workshopy a kurzy, kter\u00e9 budou m\u00edt za \u00fakol zopakovat \u010di prohloubit jejich dosavadn\u00ed znalosti a zku\u0161enosti v\u00a0dan\u00fdch oborech.<\/p>\n<p><b><i>\u00dasteck\u00fd kraj nab\u00edz\u00ed bezplatn\u00e9 zaji\u0161t\u011bn\u00ed a realizaci exkurz\u00ed pro \u017e\u00e1ky z\u00e1kladn\u00edch i\u00a0st\u0159edn\u00edch \u0161kol, \u00fa\u010dast u\u010ditel\u016fm na jednotliv\u00fdch akc\u00edch a zprost\u0159edkov\u00e1n\u00ed n\u00e1v\u0161t\u011bv \u017e\u00e1k\u016fm i u\u010ditel\u016fm v\u00a0modern\u00edch u\u010debn\u00e1ch.<\/i><\/b><\/p>\n<p><b><i>V\u00a0p\u0159\u00edpad\u011b, \u017ee se chcete o projektu dozv\u011bd\u011bt v\u00edce, nav\u0161tivte webov\u00e9 str\u00e1nky projektu: <\/i><\/b><a href=\"http:\/\/www.kr-ustecky.cz\/vismo\/osnova.asp?id_org=450018&amp;id_osnovy=200513&amp;p1=200513\" target=\"_blank\" rel=\"noopener noreferrer\" class=\"broken_link\">http:\/\/www.kr-ustecky.cz\/<\/a> (z\u00e1lo\u017eka Rozvoj kraje\/Projekty\/P\u0159\u00edrodov\u011bdn\u00e9 a\u00a0technick\u00e9 vzd\u011bl\u00e1v\u00e1n\u00ed \u00dasteck\u00e9ho kraje)<\/p>\n<p><b><i>Facebook: <\/i><\/b>https:\/\/www.facebook.com\/projekt.ipo<\/p>\n<p><img loading=\"lazy\" class=\"aligncenter wp-image-1781 size-medium\" src=\"\/wp-content\/uploads\/2015\/01\/logo_1-300x82.png\" alt=\"logo_1\" width=\"200\" height=\"55\" srcset=\"https:\/\/www.sps-kadan.cz\/wp-content\/uploads\/2015\/01\/logo_1-300x82.png 300w, https:\/\/www.sps-kadan.cz\/wp-content\/uploads\/2015\/01\/logo_1-200x54.png 200w, https:\/\/www.sps-kadan.cz\/wp-content\/uploads\/2015\/01\/logo_1-700x190.png 700w, https:\/\/www.sps-kadan.cz\/wp-content\/uploads\/2015\/01\/logo_1.png 1048w\" sizes=\"(max-width: 200px) 100vw, 200px\" \/><\/p>\n","protected":false},"excerpt":{"rendered":"<p>Exkurze do IQ Landia 11. 6. 15 Exkurze do IQ Landia 10. 6. 15 Exkurze do Techmanie Plzen 4. 6. 15 Exkurze do Techmanie Plzen <a class=\"more-link\" href=\"https:\/\/www.sps-kadan.cz\/?page_id=2659\">Cel\u00fd \u010dl\u00e1nek  <span class=\"screen-reader-text\">  P\u0159\u00edrodov\u011bdn\u00e9 a technick\u00e9 vzd\u011bl\u00e1v\u00e1n\u00ed<\/span><span class=\"meta-nav\">&rarr;<\/span><\/a><\/p>\n","protected":false},"author":6,"featured_media":0,"parent":232,"menu_order":0,"comment_status":"closed","ping_status":"closed","template":"","meta":[],"_links":{"self":[{"href":"https:\/\/www.sps-kadan.cz\/index.php?rest_route=\/wp\/v2\/pages\/2659"}],"collection":[{"href":"https:\/\/www.sps-kadan.cz\/index.php?rest_route=\/wp\/v2\/pages"}],"about":[{"href":"https:\/\/www.sps-kadan.cz\/index.php?rest_route=\/wp\/v2\/types\/page"}],"author":[{"embeddable":true,"href":"https:\/\/www.sps-kadan.cz\/index.php?rest_route=\/wp\/v2\/users\/6"}],"replies":[{"embeddable":true,"href":"https:\/\/www.sps-kadan.cz\/index.php?rest_route=%2Fwp%2Fv2%2Fcomments&post=2659"}],"version-history":[{"count":43,"href":"https:\/\/www.sps-kadan.cz\/index.php?rest_route=\/wp\/v2\/pages\/2659\/revisions"}],"predecessor-version":[{"id":5287,"href":"https:\/\/www.sps-kadan.cz\/index.php?rest_route=\/wp\/v2\/pages\/2659\/revisions\/5287"}],"up":[{"embeddable":true,"href":"https:\/\/www.sps-kadan.cz\/index.php?rest_route=\/wp\/v2\/pages\/232"}],"wp:attachment":[{"href":"https:\/\/www.sps-kadan.cz\/index.php?rest_route=%2Fwp%2Fv2%2Fmedia&parent=2659"}],"curies":[{"name":"wp","href":"https:\/\/api.w.org\/{rel}","templated":true}]}}