{"id":3681,"date":"2016-02-09T10:23:14","date_gmt":"2016-02-09T09:23:14","guid":{"rendered":"http:\/\/www.sps-kadan.cz\/?page_id=3681"},"modified":"2016-09-15T06:18:06","modified_gmt":"2016-09-15T05:18:06","slug":"studentske-namesti","status":"publish","type":"page","link":"https:\/\/www.sps-kadan.cz\/?page_id=3681","title":{"rendered":"Studentsk\u00e9 n\u00e1m\u011bst\u00ed"},"content":{"rendered":"<p><a href=\"https:\/\/www.sps-kadan.cz\/wp-content\/uploads\/2016\/02\/\u010cl\u00e1nek-\u010d.-24.pdf\">Kada\u0148 otev\u0159ela n\u00e1m\u011bst\u00ed. Autor? M\u00edstn\u00ed st\u0159edo\u0161kol\u00e1k (MF Dnes)<\/a><\/p>\n<p><a href=\"https:\/\/www.sps-kadan.cz\/wp-content\/uploads\/2016\/02\/\u010cl\u00e1nek-\u010d.-23.pdf\">V devaten\u00e1cti navrhl n\u00e1m\u011bst\u00ed (5 plus 2)<\/a><\/p>\n<p><a href=\"https:\/\/www.sps-kadan.cz\/wp-content\/uploads\/2016\/02\/\u010cl\u00e1nek-\u010d.-22.pdf\">Kada\u0148 se pochlub\u00ed nov\u00fdmi archeologick\u00fdmi n\u00e1lezy (Chomutovsk\u00fd den\u00edk)<\/a><\/p>\n<p><a href=\"https:\/\/www.sps-kadan.cz\/wp-content\/uploads\/2016\/02\/\u010cl\u00e1nek-\u010d.-21.pdf\">V Kadani poodhal\u00ed kus nov\u011b objeven\u00e9 historie (Chomutovsk\u00fd den\u00edk)<\/a><\/p>\n<p><a href=\"https:\/\/www.sps-kadan.cz\/wp-content\/uploads\/2016\/02\/\u010cl\u00e1nek-\u010d.-20.pdf\">Kada\u0148 otev\u0159ela n\u00e1m\u011bst\u00ed, kter\u00e9 vymyslel zdej\u0161\u00ed devaten\u00e1ctilet\u00fd student (www.idnes.cz)<\/a><\/p>\n<p><a href=\"https:\/\/www.sps-kadan.cz\/wp-content\/uploads\/2016\/02\/\u010cl\u00e1nek-\u010d.-19.pdf\">N\u00e1vrh studenta o\u017eivil n\u00e1m\u011bst\u00ed v Kadani (Pr\u00e1vo)<\/a><\/p>\n<p><a href=\"https:\/\/www.sps-kadan.cz\/wp-content\/uploads\/2016\/02\/\u010cl\u00e1nek-\u010d.-18.pdf\">Nov\u00e9 Studentsk\u00e9 n\u00e1m\u011bst\u00ed se \u201evylupuje\u201c (Chomutovsk\u00fd den\u00edk)<\/a><\/p>\n<p><a href=\"https:\/\/www.sps-kadan.cz\/wp-content\/uploads\/2016\/02\/\u010cl\u00e1nek-\u010d.-17.pdf\">Padac\u00ed most, p\u0159\u00edkop, v\u011b\u017eov\u00e1 br\u00e1na\u2026 (Chomutovsk\u00fd den\u00edk)<\/a><\/p>\n<p><a href=\"https:\/\/www.sps-kadan.cz\/wp-content\/uploads\/2016\/02\/\u010cl\u00e1nek-\u010d.-16.pdf\">Nov\u00e9 n\u00e1m\u011bst\u00ed o\u017eivilo prostor po b\u00fdval\u00e9 tr\u017enici (N\u00e1stup)<\/a><\/p>\n<p><a href=\"https:\/\/www.sps-kadan.cz\/wp-content\/uploads\/2016\/02\/\u010cl\u00e1nek-\u010d.-15.pdf\">Student na \u201esv\u00e9m\u201c n\u00e1m\u011bst\u00ed (Chomutovsk\u00fd den\u00edk)<\/a><\/p>\n<p><a href=\"https:\/\/www.sps-kadan.cz\/wp-content\/uploads\/2016\/02\/\u010cl\u00e1nek-\u010d.-14.pdf\">Nov\u00e1 galerie na Studentsk\u00e9m n\u00e1m\u011bst\u00ed (Kada\u0148sk\u00e9 noviny)<\/a><\/p>\n<p><a href=\"https:\/\/www.sps-kadan.cz\/wp-content\/uploads\/2016\/02\/\u010cl\u00e1nek-\u010d.-13.pdf\">V Kadani za\u010dala p\u0159ej\u00edmka Studentsk\u00e9ho n\u00e1m\u011bst\u00ed (N\u00e1stup)<\/a><\/p>\n<p><a href=\"https:\/\/www.sps-kadan.cz\/wp-content\/uploads\/2016\/02\/\u010cl\u00e1nek-\u010d.-12-.pdf\">V\u00fdstavba Studentsk\u00e9ho n\u00e1m\u011bst\u00ed bude m\u00edt zpo\u017ed\u011bn\u00ed (N\u00e1stup)<\/a><\/p>\n<p><a href=\"https:\/\/www.sps-kadan.cz\/wp-content\/uploads\/2016\/02\/\u010dl\u00e1nek-\u010d.-11.pdf\">Kada\u0148: Archeology zaj\u00edmal hn\u016fj star\u00fd stovky let a z\u00e1klady novov\u011bk\u00fdch dom\u016f (Chomutovsk\u00fd den\u00edk)<\/a><\/p>\n<p><a href=\"https:\/\/www.sps-kadan.cz\/wp-content\/uploads\/2016\/02\/\u010cl\u00e1nek-\u010d.-10.docx\">V Kadani objevili d\u011blost\u0159eleckou ba\u0161tu i z\u00e1klady domu ze 13. stolet\u00ed (www.idnes.cz)<\/a><\/p>\n<p><a href=\"https:\/\/www.sps-kadan.cz\/wp-content\/uploads\/2016\/02\/\u010cl\u00e1nek-\u010d.-9.pdf\">Studentsk\u00e9 n\u00e1m\u011bst\u00ed bude i ofici\u00e1ln\u011b (Kada\u0148sk\u00e9 noviny)<\/a><\/p>\n<p><a href=\"https:\/\/www.sps-kadan.cz\/wp-content\/uploads\/2016\/02\/\u010cl\u00e1nek-\u010d.-8.pdf\">Socha c\u00edsa\u0159e \u201ematuranta\u201c za\u017eehla vzru\u0161enou diskuzi. Co si mysl\u00edte vy? (Chomutovsk\u00fd den\u00edk)<\/a><\/p>\n<p><a href=\"https:\/\/www.sps-kadan.cz\/wp-content\/uploads\/2016\/02\/\u010cl\u00e1nek-\u010d.7.pdf\">Jak se bude jmenovat? (Kada\u0148sk\u00e9 noviny)<\/a><\/p>\n<p><a href=\"https:\/\/www.sps-kadan.cz\/wp-content\/uploads\/2016\/02\/\u010cl\u00e1nek-1.pdf\">Kada\u0148 vybrala zhotovitele Studentsk\u00e9ho n\u00e1m\u011bst\u00ed (Chomutovsk\u00fd den\u00edk)<\/a><\/p>\n<p><a href=\"https:\/\/www.sps-kadan.cz\/wp-content\/uploads\/2016\/02\/\u010cl\u00e1nek-2.pdf\">Stavba za\u010dala (N\u00e1stup)<\/a><\/p>\n<p><a href=\"https:\/\/www.sps-kadan.cz\/wp-content\/uploads\/2016\/02\/\u010cl\u00e1nek-3.pdf\">Z c\u00edsa\u0159e Josefa bude maturant (N\u00e1stup)<\/a><\/p>\n<p><a href=\"https:\/\/www.sps-kadan.cz\/wp-content\/uploads\/2016\/02\/\u010cl\u00e1nek-4.pdf\">Z c\u00edsa\u0159e Josefa II. bude \u201eMaturant\u201c (Kada\u0148sk\u00e9 noviny)<\/a><\/p>\n<p><a href=\"https:\/\/www.sps-kadan.cz\/wp-content\/uploads\/2016\/02\/\u010cl\u00e1nek-5.pdf\">V centru Kadan\u011b vykopali ze zem\u011b st\u0159\u00edbrn\u00e9 mince (Chomutovsk\u00fd den\u00edk)<\/a><\/p>\n<p><a href=\"https:\/\/www.sps-kadan.cz\/wp-content\/uploads\/2016\/02\/\u010cl\u00e1nek-\u010d.6.pdf\">Odv\u00e1\u017en\u00e1 socha na n\u00e1m\u011bst\u00ed: C\u00edsa\u0159 jako maturant! (Chomutovsk\u00fd den\u00edk)<\/a><\/p>\n<p>&nbsp;<\/p>\n","protected":false},"excerpt":{"rendered":"<p>Kada\u0148 otev\u0159ela n\u00e1m\u011bst\u00ed. Autor? M\u00edstn\u00ed st\u0159edo\u0161kol\u00e1k (MF Dnes) V devaten\u00e1cti navrhl n\u00e1m\u011bst\u00ed (5 plus 2) Kada\u0148 se pochlub\u00ed nov\u00fdmi archeologick\u00fdmi n\u00e1lezy (Chomutovsk\u00fd den\u00edk) V Kadani <a class=\"more-link\" href=\"https:\/\/www.sps-kadan.cz\/?page_id=3681\">Cel\u00fd \u010dl\u00e1nek  <span class=\"screen-reader-text\">  Studentsk\u00e9 n\u00e1m\u011bst\u00ed<\/span><span class=\"meta-nav\">&rarr;<\/span><\/a><\/p>\n","protected":false},"author":6,"featured_media":0,"parent":0,"menu_order":0,"comment_status":"closed","ping_status":"closed","template":"","meta":[],"_links":{"self":[{"href":"https:\/\/www.sps-kadan.cz\/index.php?rest_route=\/wp\/v2\/pages\/3681"}],"collection":[{"href":"https:\/\/www.sps-kadan.cz\/index.php?rest_route=\/wp\/v2\/pages"}],"about":[{"href":"https:\/\/www.sps-kadan.cz\/index.php?rest_route=\/wp\/v2\/types\/page"}],"author":[{"embeddable":true,"href":"https:\/\/www.sps-kadan.cz\/index.php?rest_route=\/wp\/v2\/users\/6"}],"replies":[{"embeddable":true,"href":"https:\/\/www.sps-kadan.cz\/index.php?rest_route=%2Fwp%2Fv2%2Fcomments&post=3681"}],"version-history":[{"count":14,"href":"https:\/\/www.sps-kadan.cz\/index.php?rest_route=\/wp\/v2\/pages\/3681\/revisions"}],"predecessor-version":[{"id":4135,"href":"https:\/\/www.sps-kadan.cz\/index.php?rest_route=\/wp\/v2\/pages\/3681\/revisions\/4135"}],"wp:attachment":[{"href":"https:\/\/www.sps-kadan.cz\/index.php?rest_route=%2Fwp%2Fv2%2Fmedia&parent=3681"}],"curies":[{"name":"wp","href":"https:\/\/api.w.org\/{rel}","templated":true}]}}