{"id":38,"date":"2015-01-13T14:25:59","date_gmt":"2015-01-13T13:25:59","guid":{"rendered":"http:\/\/www.sps-kadan.cz\/?page_id=38"},"modified":"2025-02-09T15:23:08","modified_gmt":"2025-02-09T14:23:08","slug":"historie","status":"publish","type":"page","link":"https:\/\/www.sps-kadan.cz\/?page_id=38","title":{"rendered":"Historie"},"content":{"rendered":"<p><strong>Vy\u0161\u0161\u00ed pr\u016fmyslov\u00e1 \u0161kola stavebn\u00ed<\/strong> byla z\u0159\u00edzena dne <strong>1. z\u00e1\u0159\u00ed 1951<\/strong> v Kadani \u2013 m\u011bst\u011b se starobylou kulturou sahaj\u00edc\u00ed a\u017e do 13. stolet\u00ed p\u0159ed na\u0161\u00edm letopo\u010dtem \u2013 na m\u00edst\u011b zru\u0161en\u00e9ho zdej\u0161\u00edho gymn\u00e1zia, jeho\u017e budovu p\u0159evzala. Vznik nov\u00e9 \u0161koly zap\u0159\u00ed\u010dinila nesporn\u011b poloha Kadan\u011b, nebo\u0165 se s n\u00ed po\u010d\u00edtalo jako s centrem hn\u011bdouheln\u00e9ho rev\u00edru a tyto z\u00e1m\u011bry pak z\u0159ejm\u011b vedly k my\u0161lence existence nov\u00e9 st\u0159edn\u00ed \u0161koly v tomto m\u011bst\u011b. Prvn\u00edm \u0159editelem se stal u\u010ditel gymn\u00e1zia <strong>Karel \u017du\u010dek<\/strong>.<\/p>\n<p>Studium na \u0161kole zah\u00e1jily <strong>dv\u011b t\u0159\u00eddy<\/strong> prvn\u00edho ro\u010dn\u00edku stavebn\u00edho zam\u011b\u0159en\u00ed. A\u010dkoliv zpo\u010d\u00e1tku nebylo zam\u011b\u0159en\u00ed \u0161koly zcela jasn\u00e9 (o nejasnosti sv\u011bd\u010d\u00ed nejen vzpom\u00ednky prvn\u00edch student\u016f, ale i n\u011bkter\u00e9 p\u00edsemnosti, v nich\u017e se objevuje i zm\u00ednka o VP\u0160 keramick\u00e9), za\u010dala se \u0161kola pozd\u011bji jednozna\u010dn\u011b profilovat jako \u0161kola stavebn\u00ed.<\/p>\n<p>Bl\u00edzkost hn\u011bdouheln\u00fdch dol\u016f a mo\u017en\u00e1 i dol\u016f uranov\u00fdch v J\u00e1chymov\u011b a mohutn\u011b se rozv\u00edjej\u00edc\u00ed t\u011b\u017eba vedly k tomu, \u017ee ji\u017e v roce 1954 se n\u00e1zev \u0161koly zm\u011bnil na Pr\u016fmyslov\u00e1 \u0161kola hornick\u00e1 v Kadani.<\/p>\n<p>V polovin\u011b 50. let se v\u00e1\u017en\u011b uva\u017eovalo o vybudov\u00e1n\u00ed nov\u00e9 budovy pr\u016fmyslov\u00e9 \u0161koly. St\u00e1vaj\u00edc\u00ed \u0161koln\u00ed budova nevyhovovala p\u0159edev\u0161\u00edm v\u00fduce odborn\u00fdch p\u0159edm\u011bt\u016f. Chyb\u011bly \u0159\u00e1dn\u00e9 laborato\u0159e, r\u00fdsovny, prostory pro kabinety. \u0160koln\u00ed budova vykazovala zn\u00e1mky zna\u010dn\u00e9 zch\u00e1tralosti. Pro budovu nov\u00e9 pr\u016fmyslov\u00e9 \u0161koly byl vybr\u00e1n prostor dne\u0161n\u00ed ulice Pion\u00fdr\u016f pod Svat\u00fdm vrchem, zat\u00edmco st\u00e1vaj\u00edc\u00ed \u0161koln\u00ed budova se m\u011bla prom\u011bnit na domov ml\u00e1de\u017ee. Sou\u010d\u00e1st\u00ed nov\u00e9ho are\u00e1lu m\u011bly b\u00fdt i byty pro u\u010ditele. Nicm\u00e9n\u011b ani p\u00e1dn\u00e9 argumenty tehdej\u0161\u00edch kada\u0148sk\u00fdch \u010dinitel\u016f o v\u00fdjime\u010dnosti kada\u0148sk\u00e9 pr\u016fmyslov\u00e9 \u0161koly nevedly ke zd\u00e1rn\u00e9mu dokon\u010den\u00ed projektu.<\/p>\n<p>Av\u0161ak v 70. letech vlivem p\u0159\u00edlivu nov\u00e9ho obyvatelstva do regionu, kter\u00e9 na\u0161lo zam\u011bstn\u00e1n\u00ed v prudce se rozv\u00edjej\u00edc\u00edm energetick\u00e9m pr\u016fmyslu, se po\u010dty \u017e\u00e1k\u016f v\u00fdrazn\u011b zv\u00fd\u0161ily. Rostouc\u00ed pot\u0159eba nov\u00fdch u\u010deben vedla nakonec ke schv\u00e1len\u00ed a n\u00e1sledn\u00e9 realizaci stavby tzv. nov\u00e9 budovy, kter\u00e1 byla p\u0159istav\u011bna k budov\u011b st\u00e1vaj\u00edc\u00ed v letech 1975 a\u017e 1978. Sou\u010d\u00e1st\u00ed t\u00e9to nov\u00e9 stavby se stala i nov\u00e1 t\u011blocvi\u010dna.<\/p>\n<p>V\u00e1\u017en\u00fdm probl\u00e9mem bylo i ubytov\u00e1n\u00ed student\u016f, kte\u0159\u00ed za vzd\u011bl\u00e1n\u00edm cestovali ze vzd\u00e1len\u011bj\u0161\u00edch m\u00edst. Z po\u010d\u00e1tku byli ubytov\u00e1ni p\u0159\u00edmo v budov\u011b \u0161koly, pozd\u011bji se na intern\u00e1t p\u0159em\u011bnil tehdej\u0161\u00ed hotel Svoboda na n\u00e1m\u011bst\u00ed. Tento intern\u00e1t v\u0161ak neposkytoval student\u016fm dostate\u010dnou kapacitu.<\/p>\n<p>Nastal\u00fdm probl\u00e9mem v dob\u011b 50. let byla stabilita profesorsk\u00e9ho sboru. Citeln\u00fd byl nedostatek intern\u00edch u\u010ditel\u016f odborn\u00fdch p\u0159edm\u011bt\u016f \u2013 p\u0159edev\u0161\u00edm stavebn\u00edch in\u017een\u00fdr\u016f. Ostatn\u00ed u\u010ditel\u00e9, kte\u0159\u00ed mnohdy p\u0159ich\u00e1zeli nedobrovoln\u011b, str\u00e1vili na \u0161kole rok \u010di dva a sna\u017eili se o sv\u016fj rychl\u00fd n\u00e1vrat do vnitrozem\u00ed.<\/p>\n<div id='gallery-1' class='gallery galleryid-38 gallery-columns-1 gallery-size-large'><figure class='gallery-item'>\n\t\t\t<div class='gallery-icon landscape'>\n\t\t\t\t<a href='https:\/\/www.sps-kadan.cz\/?attachment_id=341'><img width=\"530\" height=\"352\" src=\"https:\/\/www.sps-kadan.cz\/wp-content\/uploads\/2015\/01\/skola-700x465.jpg\" class=\"attachment-large size-large\" alt=\"\" loading=\"lazy\" srcset=\"https:\/\/www.sps-kadan.cz\/wp-content\/uploads\/2015\/01\/skola-700x465.jpg 700w, https:\/\/www.sps-kadan.cz\/wp-content\/uploads\/2015\/01\/skola-300x199.jpg 300w, https:\/\/www.sps-kadan.cz\/wp-content\/uploads\/2015\/01\/skola.jpg 800w\" sizes=\"(max-width: 530px) 100vw, 530px\" \/><\/a>\n\t\t\t<\/div><\/figure>\n\t\t<\/div>\n\n<p>Jak je ji\u017e patrn\u00e9 z v\u00fd\u0161e uveden\u00e9ho, m\u011bnil se \u010dasto pod vlivem r\u016fzn\u00fdch ud\u00e1lost\u00ed n\u00e1zev \u0161koly. nejinak tomu bylo tak\u00e9 roku 1957 (p\u0159esn\u011bji 1. 9.), kdy op\u011bt ministerstvo \u0161kolstv\u00ed m\u011bn\u00ed n\u00e1zev \u0161koly, tentokr\u00e1t na Pr\u016fmyslovou \u0161kolu stavebn\u00ed.<\/p>\n<p>Po\u010d\u00e1tkem 60. let pro\u017e\u00edv\u00e1 \u0161kola dal\u0161\u00ed zm\u011bny. \u0158\u00edzen\u00ed p\u0159ech\u00e1z\u00ed z KNV v Karlov\u00fdch Varech na KNV v \u00dast\u00ed nad Labem. Op\u011bt se m\u011bn\u00ed n\u00e1zev, nyn\u00ed na St\u0159edn\u00ed pr\u016fmyslovou \u0161kolu stavebn\u00ed. K 1. 9. 1964 m\u011bla ji\u017e SP\u0160S 10 t\u0159\u00edd denn\u00edho maturitn\u00edho studia, 6 t\u0159\u00edd ve\u010dern\u00edho studia a 1 t\u0159\u00eddu extern\u00edch student\u016f. Pedagogick\u00fd sbor sice st\u00e1le nepat\u0159il k nejstabiln\u011bj\u0161\u00edm, ale ji\u017e zde byla pom\u011brn\u011b po\u010detn\u00e1 skupina kantor\u016f, pro kter\u00e9 nebyla Kada\u0148 ciz\u00edm m\u011bstem, ale m\u00edstem, kde spolu s prac\u00ed na\u0161li i sv\u016fj nov\u00fd domov. Jen nam\u00e1tkou uvedu jm\u00e9na Bebr, Chmel\u00edk, Kresl, Kapl, Cejnar, Vopat\u2026<\/p>\n<p>\u0160kola se i p\u0159es v\u0161echny p\u0159ek\u00e1\u017eky rozv\u00edjela d\u00e1l. V roce 1978 byl na SP\u0160 z\u0159\u00edzen d\u00edky rostouc\u00edmu z\u00e1jmu dal\u0161\u00ed nov\u00fd studijn\u00ed obor nazvan\u00fd Technick\u00e1 za\u0159\u00edzen\u00ed budov. V 80. letech p\u0159ekro\u010dil po\u010det student\u016f denn\u00edho studia \u010d\u00edslo p\u011bt set a vedle 17 t\u0159\u00edd denn\u00edho studia prob\u00edhalo na \u0161kole do konce 80. let i studium d\u00e1lkov\u00e9 a ve\u010dern\u00ed. Studovali zde i \u017e\u00e1ci z rozvojov\u00fdch zem\u00ed Afriky a Asie.<\/p>\n<p>Po zm\u011bn\u011b spole\u010densk\u00fdch pom\u011br\u016f roku 1989 pro\u0161la \u0161kola nelehk\u00fdm obdob\u00edm. \u0158ada u\u010ditel\u016f &#8211; p\u0159edev\u0161\u00edm odborn\u00fdch p\u0159edm\u011bt\u016f, kte\u0159\u00ed v pr\u016fb\u011bhu roku 1991 ze \u0161koly ode\u0161li, se dok\u00e1zala uplatnit mimo \u0161kolstv\u00ed, z \u0159ady z nich se stali \u00fasp\u011b\u0161n\u00ed podnikatel\u00e9 ve stavebnictv\u00ed a projektanti, mnoz\u00ed se uplatnili ve ve\u0159ejn\u00fdch funkc\u00edch \u010di st\u00e1tn\u00ed spr\u00e1v\u011b. \u0160kola se tak op\u011bt musela pot\u00fdkat s probl\u00e9mem stabiln\u00edho u\u010ditelsk\u00e9ho sboru. Vy\u0159e\u0161en\u00edm nejen tohoto probl\u00e9mu byl od 1.4. 1992 na z\u00e1klad\u011b v\u00fdsledku konkurzn\u00edho \u0159\u00edzen\u00ed pov\u011b\u0159en PaedDr. Zden\u011bk Hrdina.\u00a0 1. 8. 2024 se novou \u0159editelkou \u0161koly stala Ing. Zde\u0148ka Sob\u011bslavov\u00e1.<\/p>\n<p>Po zm\u011bn\u011b spole\u010densk\u00fdch pom\u011br\u016f (1989 \u2013 1992) se projevil klesaj\u00edc\u00ed z\u00e1jem absolvent\u016f z\u00e1kladn\u00edch \u0161kol o technick\u00e9 obory, co\u017e se nevyhnulo ani stava\u0159in\u011b. V\u00fdchodiskem se stala zm\u011bna struktury studijn\u00edch obor\u016f. Prob\u00edhaj\u00edc\u00ed zm\u011bny ve stavebnictv\u00ed si vynutily pot\u0159ebu v\u00e9st absolventy k z\u00edsk\u00e1n\u00ed hlub\u0161\u00edch znalost\u00ed z oblasti ekonomiky a podnik\u00e1n\u00ed. K 1.9.1993 byl otev\u0159en prvn\u00ed ro\u010dn\u00edk \u010dty\u0159let\u00e9ho studijn\u00edho oboru Obchodn\u00ed akademie. O rok pozd\u011bji byl na na\u0161\u00ed \u0161kole z\u0159\u00edzen \u010dty\u0159let\u00fd studijn\u00ed obor Management ve stavebnictv\u00ed, zam\u011b\u0159en\u00ed asistent podnikatele. Zm\u011bny se odrazily i v nov\u00e9m n\u00e1zvu \u0161koly. \u0160kola od roku 1993 nesla n\u00e1zev St\u0159edn\u00ed odborn\u00e1 \u0161kola Kada\u0148.<\/p>\n<p>V souvislosti se zm\u011bnou z\u0159izovatele v roce 2001 do\u0161lo k zat\u00edm posledn\u00ed zm\u011bn\u011b n\u00e1zvu na St\u0159edn\u00ed pr\u016fmyslov\u00e1 \u0161kola stavebn\u00ed a Obchodn\u00ed akademie, Kada\u0148, Komensk\u00e9ho 562, p\u0159\u00edsp\u011bvkov\u00e1 organizace.<\/p>\n<p>V roce 1996 se \u0161kola stala \u010dlenem Asociace st\u0159edn\u00edch pr\u016fmyslov\u00fdch \u0161kol.<\/p>\n<div id='gallery-2' class='gallery galleryid-38 gallery-columns-1 gallery-size-large'><figure class='gallery-item'>\n\t\t\t<div class='gallery-icon landscape'>\n\t\t\t\t<a href='https:\/\/www.sps-kadan.cz\/?attachment_id=343'><img width=\"530\" height=\"330\" src=\"https:\/\/www.sps-kadan.cz\/wp-content\/uploads\/2015\/01\/skola_2-700x436.jpg\" class=\"attachment-large size-large\" alt=\"\" loading=\"lazy\" srcset=\"https:\/\/www.sps-kadan.cz\/wp-content\/uploads\/2015\/01\/skola_2-700x436.jpg 700w, https:\/\/www.sps-kadan.cz\/wp-content\/uploads\/2015\/01\/skola_2-300x187.jpg 300w, https:\/\/www.sps-kadan.cz\/wp-content\/uploads\/2015\/01\/skola_2.jpg 800w\" sizes=\"(max-width: 530px) 100vw, 530px\" \/><\/a>\n\t\t\t<\/div><\/figure>\n\t\t<\/div>\n\n","protected":false},"excerpt":{"rendered":"<p>Vy\u0161\u0161\u00ed pr\u016fmyslov\u00e1 \u0161kola stavebn\u00ed byla z\u0159\u00edzena dne 1. z\u00e1\u0159\u00ed 1951 v Kadani \u2013 m\u011bst\u011b se starobylou kulturou sahaj\u00edc\u00ed a\u017e do 13. stolet\u00ed p\u0159ed na\u0161\u00edm letopo\u010dtem <a class=\"more-link\" href=\"https:\/\/www.sps-kadan.cz\/?page_id=38\">Cel\u00fd \u010dl\u00e1nek  <span class=\"screen-reader-text\">  Historie<\/span><span class=\"meta-nav\">&rarr;<\/span><\/a><\/p>\n","protected":false},"author":6,"featured_media":0,"parent":2415,"menu_order":0,"comment_status":"closed","ping_status":"closed","template":"","meta":[],"_links":{"self":[{"href":"https:\/\/www.sps-kadan.cz\/index.php?rest_route=\/wp\/v2\/pages\/38"}],"collection":[{"href":"https:\/\/www.sps-kadan.cz\/index.php?rest_route=\/wp\/v2\/pages"}],"about":[{"href":"https:\/\/www.sps-kadan.cz\/index.php?rest_route=\/wp\/v2\/types\/page"}],"author":[{"embeddable":true,"href":"https:\/\/www.sps-kadan.cz\/index.php?rest_route=\/wp\/v2\/users\/6"}],"replies":[{"embeddable":true,"href":"https:\/\/www.sps-kadan.cz\/index.php?rest_route=%2Fwp%2Fv2%2Fcomments&post=38"}],"version-history":[{"count":2,"href":"https:\/\/www.sps-kadan.cz\/index.php?rest_route=\/wp\/v2\/pages\/38\/revisions"}],"predecessor-version":[{"id":8403,"href":"https:\/\/www.sps-kadan.cz\/index.php?rest_route=\/wp\/v2\/pages\/38\/revisions\/8403"}],"up":[{"embeddable":true,"href":"https:\/\/www.sps-kadan.cz\/index.php?rest_route=\/wp\/v2\/pages\/2415"}],"wp:attachment":[{"href":"https:\/\/www.sps-kadan.cz\/index.php?rest_route=%2Fwp%2Fv2%2Fmedia&parent=38"}],"curies":[{"name":"wp","href":"https:\/\/api.w.org\/{rel}","templated":true}]}}