{"id":3985,"date":"2016-09-02T08:38:34","date_gmt":"2016-09-02T07:38:34","guid":{"rendered":"http:\/\/www.sps-kadan.cz\/?page_id=3985"},"modified":"2016-12-09T07:23:06","modified_gmt":"2016-12-09T06:23:06","slug":"65-vyroci-skoly","status":"publish","type":"page","link":"https:\/\/www.sps-kadan.cz\/?page_id=3985","title":{"rendered":"65. v\u00fdro\u010d\u00ed \u0161koly"},"content":{"rendered":"<p><a href=\"https:\/\/www.sps-kadan.cz\/wp-content\/uploads\/2016\/09\/N\u00e1stup-1.pdf\">Stavebka v r\u00e1mci oslav ocenila studenty (N\u00e1stup)<\/a><\/p>\n<p><a href=\"https:\/\/www.sps-kadan.cz\/wp-content\/uploads\/2016\/09\/Chomutovsk\u00fd-den\u00edk.pdf\">Kada\u0148sk\u00e1 \u201epr\u016fmyslovka\u201c oslavila 65 let (Chomutovsk\u00fd den\u00edk)<\/a><\/p>\n<p><a href=\"https:\/\/www.sps-kadan.cz\/wp-content\/uploads\/2016\/09\/Kada\u0148sk\u00e9-noviny-24.11..pdf\">Pozv\u00e1nka na oslavy 65. v\u00fdro\u010d\u00ed zalo\u017een\u00ed stavebky v Kadani (Kada\u0148sk\u00e9 noviny)<\/a><\/p>\n<p><a href=\"https:\/\/www.sps-kadan.cz\/wp-content\/uploads\/2016\/09\/N\u00e1stup1.pdf\">Stavebn\u00ed pr\u016fmyslovka v Kadani letos slav\u00ed 65. v\u00fdro\u010d\u00ed sv\u00e9ho zalo\u017een\u00ed (N\u00e1stup)<\/a><\/p>\n<p><a href=\"https:\/\/www.sps-kadan.cz\/wp-content\/uploads\/2016\/10\/Kada\u0148sk\u00e9-noviny.pdf\">Stavebn\u00ed \u0161kola slav\u00ed 65. v\u00fdro\u010d\u00ed (Kada\u0148sk\u00e9 noviny)<\/a><\/p>\n<p><a href=\"https:\/\/www.sps-kadan.cz\/wp-content\/uploads\/2016\/09\/N\u00e1stup.pdf\">Kada\u0148sk\u00e1 stavebka slav\u00ed (N\u00e1stup)<\/a><\/p>\n<p><a href=\"https:\/\/www.sps-kadan.cz\/wp-content\/uploads\/2016\/09\/\u010cl\u00e1nek.pdf\">Kada\u0148sk\u00e1 stavebn\u00ed pr\u016fmyslovka slav\u00ed 65. v\u00fdro\u010d\u00ed vzniku (Chomutovsk\u00fd den\u00edk)<\/a><\/p>\n<p><strong>Fotografie z\u00a0oslav 65. v\u00fdro\u010d\u00ed zalo\u017een\u00ed \u0161koly na www. kadanskenoviny.cz <\/strong><\/p>\n<p><strong>\u00a0<\/strong>Odkaz:<\/p>\n<p><a href=\"http:\/\/www.kadanskenoviny.cz\/za-i.html\">http:\/\/www.kadanskenoviny.cz\/za-i.html<\/a><\/p>\n<p><strong>Tiskov\u00e1 zpr\u00e1va na www.kr-ustecky.cz: Kada\u0148sk\u00e1 stavebn\u00ed pr\u016fmyslovka slav\u00ed 65. v\u00fdro\u010d\u00ed vzniku<\/strong><\/p>\n<p>Odkaz:<\/p>\n<p><a href=\"http:\/\/www.kr-ustecky.cz\/kadanska-stavebni-prumyslovka-slavi-65-vyroci-vzniku\/d-1705830\/p1=204698\" class=\"broken_link\">http:\/\/www.kr-ustecky.cz\/kadanska-stavebni-prumyslovka-slavi-65-vyroci-vzniku\/d-1705830\/p1=204698<\/a><\/p>\n<p>&nbsp;<\/p>\n<p><strong>Report\u00e1\u017e z\u00a0oslav 65. v\u00fdro\u010d\u00ed zalo\u017een\u00ed \u0161koly na <a href=\"http:\/\/www.e-chomutovsko.cz\">www.e-chomutovsko.cz<\/a> <\/strong><\/p>\n<p>Odkaz :<\/p>\n<p><a href=\"http:\/\/www.e-chomutovsko.cz\/zpravodajstvi\/5749-video-ocenovana-stavebni-prumyslovka-v-usteckem-kraji-slavila-65-vyroci\" class=\"broken_link\">http:\/\/www.e-chomutovsko.cz\/zpravodajstvi\/5749-video-ocenovana-stavebni-prumyslovka-v-usteckem-kraji-slavila-65-vyroci<\/a><\/p>\n<p><a href=\"https:\/\/www.sps-kadan.cz\/wp-content\/uploads\/2016\/09\/Pam\u011btn\u00ed-list.pdf\">Pam\u011btn\u00ed list<\/a><\/p>\n<p><a href=\"https:\/\/www.sps-kadan.cz\/wp-content\/uploads\/2016\/09\/\u010cl\u00e1nek-\u010d.01.pdf\">65. v\u00fdro\u010d\u00ed stavebn\u00ed pr\u016fmyslovky (Kada\u0148sk\u00e9 noviny)<\/a><\/p>\n<p><a href=\"https:\/\/www.sps-kadan.cz\/wp-content\/uploads\/2016\/09\/Pozv\u00e1nka-65.pdf\">Pozv\u00e1nka 65. v\u00fdro\u010d\u00ed \u0161koly<\/a><\/p>\n","protected":false},"excerpt":{"rendered":"<p>Stavebka v r\u00e1mci oslav ocenila studenty (N\u00e1stup) Kada\u0148sk\u00e1 \u201epr\u016fmyslovka\u201c oslavila 65 let (Chomutovsk\u00fd den\u00edk) Pozv\u00e1nka na oslavy 65. v\u00fdro\u010d\u00ed zalo\u017een\u00ed stavebky v Kadani (Kada\u0148sk\u00e9 noviny) <a class=\"more-link\" href=\"https:\/\/www.sps-kadan.cz\/?page_id=3985\">Cel\u00fd \u010dl\u00e1nek  <span class=\"screen-reader-text\">  65. v\u00fdro\u010d\u00ed \u0161koly<\/span><span class=\"meta-nav\">&rarr;<\/span><\/a><\/p>\n","protected":false},"author":6,"featured_media":0,"parent":0,"menu_order":0,"comment_status":"closed","ping_status":"closed","template":"","meta":[],"_links":{"self":[{"href":"https:\/\/www.sps-kadan.cz\/index.php?rest_route=\/wp\/v2\/pages\/3985"}],"collection":[{"href":"https:\/\/www.sps-kadan.cz\/index.php?rest_route=\/wp\/v2\/pages"}],"about":[{"href":"https:\/\/www.sps-kadan.cz\/index.php?rest_route=\/wp\/v2\/types\/page"}],"author":[{"embeddable":true,"href":"https:\/\/www.sps-kadan.cz\/index.php?rest_route=\/wp\/v2\/users\/6"}],"replies":[{"embeddable":true,"href":"https:\/\/www.sps-kadan.cz\/index.php?rest_route=%2Fwp%2Fv2%2Fcomments&post=3985"}],"version-history":[{"count":11,"href":"https:\/\/www.sps-kadan.cz\/index.php?rest_route=\/wp\/v2\/pages\/3985\/revisions"}],"predecessor-version":[{"id":4349,"href":"https:\/\/www.sps-kadan.cz\/index.php?rest_route=\/wp\/v2\/pages\/3985\/revisions\/4349"}],"wp:attachment":[{"href":"https:\/\/www.sps-kadan.cz\/index.php?rest_route=%2Fwp%2Fv2%2Fmedia&parent=3985"}],"curies":[{"name":"wp","href":"https:\/\/api.w.org\/{rel}","templated":true}]}}