{"id":434,"date":"2015-01-15T19:24:47","date_gmt":"2015-01-15T18:24:47","guid":{"rendered":"http:\/\/www.sps-kadan.cz\/?page_id=434"},"modified":"2015-02-09T18:21:09","modified_gmt":"2015-02-09T17:21:09","slug":"skolni-rok-20132014","status":"publish","type":"page","link":"https:\/\/www.sps-kadan.cz\/?page_id=434","title":{"rendered":"\u0160koln\u00ed rok 2013\/2014"},"content":{"rendered":"<p>\u017d\u00e1ci 2. a\u017e 4. ro\u010dn\u00edk\u016f stavebn\u00edch obor\u016f SP\u0160S a OA Kada\u0148 nav\u0161t\u00edvili dne 19. 9. 2013 mezin\u00e1rodn\u00ed stavebn\u00ed veletrh FOR ARCH v\u00a0Praze. Tato v\u00fdstava ka\u017edoro\u010dn\u011b p\u0159in\u00e1\u0161\u00ed prezentace novinek z mnoha obor\u016f spojen\u00fdch se stavebnictv\u00edm, sv\u00e9 zastoupen\u00ed na veletrhu maj\u00ed p\u0159edn\u00ed v\u00fdrobci, dodavatel\u00e9, \u0159emesln\u00edci, ale tak\u00e9 investo\u0159i, develope\u0159i a z\u00e1stupci dal\u0161\u00edch obor\u016f souvisej\u00edc\u00edch se stavebnictv\u00edm. Z\u00edskan\u00e9 poznatky a informace mohou \u017e\u00e1ci uplatnit jak p\u0159i sv\u00e9m studiu, tak i po jeho ukon\u010den\u00ed v\u00a0budouc\u00edm\u00a0praktick\u00e9m \u017eivot\u011b. Veletrhu vyu\u017eili n\u011bkter\u00e9 firmy tak\u00e9 k\u00a0tomu, aby p\u0159edali ceny a ocen\u011bn\u00ed \u017e\u00e1k\u016fm stavebn\u00edch \u0161kol, kte\u0159\u00ed usp\u011bli v\u00a0sout\u011b\u017e\u00edch, kter\u00e9 v\u00a0pr\u016fb\u011bhu \u0161koln\u00edho roku po\u0159\u00e1daj\u00ed. P\u0159i t\u00e9to p\u0159\u00edle\u017eitosti byla na\u0161emu \u017e\u00e1kovi Davidu \u0160m\u00eddovi p\u0159ed\u00e1na cena a diplom za 3. m\u00edsto v\u00a0celost\u00e1tn\u00edm kole studentsk\u00e9 sout\u011b\u017ee XELLA o nejlep\u0161\u00ed\u00a0<strong>projekt rodinn\u00e9ho nebo bytov\u00e9ho domu s vyu\u017eit\u00edm syst\u00e9mu YTONG.<\/strong><b>\u00a0<\/b><\/p>\n<div id='gallery-1' class='gallery galleryid-434 gallery-columns-1 gallery-size-large'><figure class='gallery-item'>\n\t\t\t<div class='gallery-icon landscape'>\n\t\t\t\t<a href='https:\/\/www.sps-kadan.cz\/?attachment_id=578'><img width=\"530\" height=\"460\" src=\"https:\/\/www.sps-kadan.cz\/wp-content\/uploads\/2015\/01\/IMG_1283-700x607.jpg\" class=\"attachment-large size-large\" alt=\"\" loading=\"lazy\" aria-describedby=\"gallery-1-578\" srcset=\"https:\/\/www.sps-kadan.cz\/wp-content\/uploads\/2015\/01\/IMG_1283-700x607.jpg 700w, https:\/\/www.sps-kadan.cz\/wp-content\/uploads\/2015\/01\/IMG_1283-300x260.jpg 300w, https:\/\/www.sps-kadan.cz\/wp-content\/uploads\/2015\/01\/IMG_1283-200x174.jpg 200w\" sizes=\"(max-width: 530px) 100vw, 530px\" \/><\/a>\n\t\t\t<\/div>\n\t\t\t\t<figcaption class='wp-caption-text gallery-caption' id='gallery-1-578'>\n\t\t\t\tForArch 2010\n\t\t\t\t<\/figcaption><\/figure>\n\t\t<\/div>\n\n<p><strong>\u010cesko-n\u011bmeck\u00fd \u0159emesln\u00fd kemp v\u00a0kl\u00e1\u0161te\u0159e ve m\u011bst\u011b Osek<\/strong><\/p>\n<p>Ve dnech 9. a\u017e 13. z\u00e1\u0159\u00ed 2013 se \u0161est \u017e\u00e1k\u016f\u00a0 t\u0159\u00eddy\u00a03. A St\u0159edn\u00ed pr\u016fmyslov\u00e9 \u0161koly stavebn\u00ed a Obchodn\u00ed akademie Kada\u0148 zapojilo spolu s\u00a0n\u011bmeck\u00fdmi kolegy v\u00a0r\u00e1mci \u010cesko-n\u011bmeck\u00e9ho \u0159emesln\u00e9ho kempu do dal\u0161\u00edch rekonstrukc\u00ed a oprav are\u00e1lu cisterci\u00e1ck\u00e9ho kl\u00e1\u0161tera v\u00a0 m\u011bst\u011b Osek.<\/p>\n<p>B\u011bhem t\u00fddne vy\u010distili zahradn\u00ed baz\u00e9nek od n\u00e1nosu p\u00edsku a bahna, zrekonstruovali m\u016fstek p\u0159es barokn\u00ed \u010disti\u010dku vody, postavili z\u00eddky kolem \u0161achet k\u00a0odvod\u0148ovac\u00edm trubk\u00e1m, obrousili a nat\u0159eli postele a v\u00a0neposledn\u00ed \u0159ad\u011b opravili rozbit\u00e9 lavi\u010dky z\u00a0tam\u011bj\u0161\u00ed zahrady.<\/p>\n<p>Ve voln\u00e9m \u010dase grilovali, hr\u00e1li spole\u010densk\u00e9 hry a sb\u00edrali houby. Ka\u017ed\u00fd den sice pr\u0161elo, ale n\u00e1lada byla v\u00fdborn\u00e1 a pr\u00e1ce \u0161la v\u0161em od ruky.<\/p>\n<p align=\"right\">Vojt\u011bch Pej\u0161a\u00a03. A<\/p>\n<p><div id='gallery-2' class='gallery galleryid-434 gallery-columns-1 gallery-size-medium'><figure class='gallery-item'>\n\t\t\t<div class='gallery-icon portrait'>\n\t\t\t\t<a href='https:\/\/www.sps-kadan.cz\/?attachment_id=579'><img width=\"149\" height=\"200\" src=\"https:\/\/www.sps-kadan.cz\/wp-content\/uploads\/2015\/01\/2013-09-09_16.14.51_copy-149x200.jpg\" class=\"attachment-medium size-medium\" alt=\"\" loading=\"lazy\" srcset=\"https:\/\/www.sps-kadan.cz\/wp-content\/uploads\/2015\/01\/2013-09-09_16.14.51_copy-149x200.jpg 149w, https:\/\/www.sps-kadan.cz\/wp-content\/uploads\/2015\/01\/2013-09-09_16.14.51_copy-224x300.jpg 224w, https:\/\/www.sps-kadan.cz\/wp-content\/uploads\/2015\/01\/2013-09-09_16.14.51_copy-523x700.jpg 523w, https:\/\/www.sps-kadan.cz\/wp-content\/uploads\/2015\/01\/2013-09-09_16.14.51_copy.jpg 1936w\" sizes=\"(max-width: 149px) 100vw, 149px\" \/><\/a>\n\t\t\t<\/div><\/figure>\n\t\t<\/div>\n<br \/>\n<strong>\u017d\u00e1ci SP\u0160S na v\u00fdstav\u011b FOR ARCH<\/strong><\/p>\n","protected":false},"excerpt":{"rendered":"<p>\u017d\u00e1ci 2. a\u017e 4. ro\u010dn\u00edk\u016f stavebn\u00edch obor\u016f SP\u0160S a OA Kada\u0148 nav\u0161t\u00edvili dne 19. 9. 2013 mezin\u00e1rodn\u00ed stavebn\u00ed veletrh FOR ARCH v\u00a0Praze. Tato v\u00fdstava ka\u017edoro\u010dn\u011b <a class=\"more-link\" href=\"https:\/\/www.sps-kadan.cz\/?page_id=434\">Cel\u00fd \u010dl\u00e1nek  <span class=\"screen-reader-text\">  \u0160koln\u00ed rok 2013\/2014<\/span><span class=\"meta-nav\">&rarr;<\/span><\/a><\/p>\n","protected":false},"author":6,"featured_media":0,"parent":118,"menu_order":0,"comment_status":"closed","ping_status":"closed","template":"","meta":[],"_links":{"self":[{"href":"https:\/\/www.sps-kadan.cz\/index.php?rest_route=\/wp\/v2\/pages\/434"}],"collection":[{"href":"https:\/\/www.sps-kadan.cz\/index.php?rest_route=\/wp\/v2\/pages"}],"about":[{"href":"https:\/\/www.sps-kadan.cz\/index.php?rest_route=\/wp\/v2\/types\/page"}],"author":[{"embeddable":true,"href":"https:\/\/www.sps-kadan.cz\/index.php?rest_route=\/wp\/v2\/users\/6"}],"replies":[{"embeddable":true,"href":"https:\/\/www.sps-kadan.cz\/index.php?rest_route=%2Fwp%2Fv2%2Fcomments&post=434"}],"version-history":[{"count":0,"href":"https:\/\/www.sps-kadan.cz\/index.php?rest_route=\/wp\/v2\/pages\/434\/revisions"}],"up":[{"embeddable":true,"href":"https:\/\/www.sps-kadan.cz\/index.php?rest_route=\/wp\/v2\/pages\/118"}],"wp:attachment":[{"href":"https:\/\/www.sps-kadan.cz\/index.php?rest_route=%2Fwp%2Fv2%2Fmedia&parent=434"}],"curies":[{"name":"wp","href":"https:\/\/api.w.org\/{rel}","templated":true}]}}