{"id":6173,"date":"2020-11-05T11:06:34","date_gmt":"2020-11-05T10:06:34","guid":{"rendered":"http:\/\/www.sps-kadan.cz\/?page_id=6173"},"modified":"2020-11-05T11:10:59","modified_gmt":"2020-11-05T10:10:59","slug":"prohlaseni-o-pristupnosti-webovych-stranek","status":"publish","type":"page","link":"https:\/\/www.sps-kadan.cz\/?page_id=6173","title":{"rendered":"Prohl\u00e1\u0161en\u00ed o p\u0159\u00edstupnosti webov\u00fdch str\u00e1nek"},"content":{"rendered":"\n<p>SP\u0160S a OA Kada\u0148 se zavazuje ke zp\u0159\u00edstupn\u011bn\u00ed sv\u00fdch webov\u00fdch str\u00e1nek v souladu se z\u00e1konem \u010d. 99\/2019 Sb., o p\u0159\u00edstupnosti internetov\u00fdch str\u00e1nek a mobiln\u00edch aplikac\u00ed a o zm\u011bn\u011b z\u00e1kona \u010d. 365\/2000 Sb., o informa\u010dn\u00edch syst\u00e9mech ve\u0159ejn\u00e9 spr\u00e1vy a o zm\u011bn\u011b n\u011bkter\u00fdch dal\u0161\u00edch z\u00e1kon\u016f, ve zn\u011bn\u00ed pozd\u011bj\u0161\u00edch p\u0159edpis\u016f, kter\u00fd prov\u00e1d\u00ed sm\u011brnici Evropsk\u00e9ho parlamentu a Rady (EU) 2016\/2102. <\/p>\n\n\n\n<p>Toto prohl\u00e1\u0161en\u00ed o p\u0159\u00edstupnosti se vztahuje na webov\u00e9 str\u00e1nky na adrese www.sps-kadan.cz <\/p>\n\n\n\n<p>Toto prohl\u00e1\u0161en\u00ed bylo vypracov\u00e1no dle skute\u010dn\u00e9ho hodnocen\u00ed souladu internetov\u00fdch str\u00e1nek s po\u017eadavky sm\u011brnice (EU) 2016\/2102, a to na z\u00e1klad\u011b vlastn\u00edho posouzen\u00ed. <\/p>\n\n\n\n<p>Pokud u\u017eivatel zaznamen\u00e1 jak\u00fdkoli probl\u00e9m spojen\u00fd s p\u0159\u00edstupnost\u00ed webu (ovl\u00e1d\u00e1n\u00ed, \u010ditelnost, zobrazov\u00e1n\u00ed, srozumitelnost apod.), nech\u0165 sv\u00e9 podn\u011bty za\u0161le na email vaic.j@sps-kadan.cz. <\/p>\n\n\n\n<p>V p\u0159\u00edpad\u011b neuspokojen\u00ed Va\u0161ich podn\u011bt\u016f, p\u0159ipom\u00ednek a po\u017eadavk\u016f kontaktujte p\u0159\u00edslu\u0161n\u00fd org\u00e1n pro prosazov\u00e1n\u00ed pr\u00e1va: Ministerstvo vnitra \u010cR, odbor eGovernmentu, n\u00e1m\u011bst\u00ed Hrdin\u016f 1634\/3, 140 21, Praha 4, e-mail: &nbsp;pristupnost@mvcr.cz. <\/p>\n\n\n\n<h4><strong>Informace prezentovan\u00e9 v jin\u00fdch form\u00e1tech<\/strong><\/h4>\n\n\n\n<p>Na tomto webu jsou n\u011bkter\u00e9 informace dostupn\u00e9 v jin\u00e9 ne\u017e textov\u00e9 \u010di hypertextov\u00e9 podob\u011b. U odkaz\u016f vedouc\u00edch na tyto soubory je tato skute\u010dnost uvedena ozna\u010den\u00edm PDF \u010di DOCX. <\/p>\n\n\n\n<p>PDF &#8211; pro tento form\u00e1t je voln\u011b ke sta\u017een\u00ed prohl\u00ed\u017ee\u010d Adobe Acrobat Reader, dnes lze ji\u017e tyto dokumenty \u010d\u00edst i v internetov\u00e9m prohl\u00ed\u017ee\u010di Microsoft Edge. <\/p>\n\n\n\n<p>DOCX \u2013 lze pou\u017e\u00edt bezplatnou variantu programu LibreOffice.<\/p>\n","protected":false},"excerpt":{"rendered":"<p>SP\u0160S a OA Kada\u0148 se zavazuje ke zp\u0159\u00edstupn\u011bn\u00ed sv\u00fdch webov\u00fdch str\u00e1nek v souladu se z\u00e1konem \u010d. 99\/2019 Sb., o p\u0159\u00edstupnosti internetov\u00fdch str\u00e1nek a mobiln\u00edch aplikac\u00ed <a class=\"more-link\" href=\"https:\/\/www.sps-kadan.cz\/?page_id=6173\">Cel\u00fd \u010dl\u00e1nek  <span class=\"screen-reader-text\">  Prohl\u00e1\u0161en\u00ed o p\u0159\u00edstupnosti webov\u00fdch str\u00e1nek<\/span><span class=\"meta-nav\">&rarr;<\/span><\/a><\/p>\n","protected":false},"author":6,"featured_media":0,"parent":0,"menu_order":0,"comment_status":"closed","ping_status":"closed","template":"","meta":[],"_links":{"self":[{"href":"https:\/\/www.sps-kadan.cz\/index.php?rest_route=\/wp\/v2\/pages\/6173"}],"collection":[{"href":"https:\/\/www.sps-kadan.cz\/index.php?rest_route=\/wp\/v2\/pages"}],"about":[{"href":"https:\/\/www.sps-kadan.cz\/index.php?rest_route=\/wp\/v2\/types\/page"}],"author":[{"embeddable":true,"href":"https:\/\/www.sps-kadan.cz\/index.php?rest_route=\/wp\/v2\/users\/6"}],"replies":[{"embeddable":true,"href":"https:\/\/www.sps-kadan.cz\/index.php?rest_route=%2Fwp%2Fv2%2Fcomments&post=6173"}],"version-history":[{"count":3,"href":"https:\/\/www.sps-kadan.cz\/index.php?rest_route=\/wp\/v2\/pages\/6173\/revisions"}],"predecessor-version":[{"id":6177,"href":"https:\/\/www.sps-kadan.cz\/index.php?rest_route=\/wp\/v2\/pages\/6173\/revisions\/6177"}],"wp:attachment":[{"href":"https:\/\/www.sps-kadan.cz\/index.php?rest_route=%2Fwp%2Fv2%2Fmedia&parent=6173"}],"curies":[{"name":"wp","href":"https:\/\/api.w.org\/{rel}","templated":true}]}}