{"id":6268,"date":"2021-02-01T10:39:52","date_gmt":"2021-02-01T09:39:52","guid":{"rendered":"http:\/\/www.sps-kadan.cz\/?page_id=6268"},"modified":"2021-02-01T10:43:24","modified_gmt":"2021-02-01T09:43:24","slug":"virtualni-prohlidka","status":"publish","type":"page","link":"https:\/\/www.sps-kadan.cz\/?page_id=6268","title":{"rendered":"Virtu\u00e1ln\u00ed prohl\u00eddka"},"content":{"rendered":"\n<figure class=\"wp-block-image size-large\"><a href=\"https:\/\/prohlidky.virtualvisit.cz\/SPSS_Kadan\/\"><img loading=\"lazy\" width=\"700\" height=\"400\" src=\"https:\/\/www.sps-kadan.cz\/wp-content\/uploads\/2021\/02\/2021-02-01-10_41_41-SP\u0160S-Kada\u0148-Opera-700x400.png\" alt=\"\" class=\"wp-image-6272\" srcset=\"https:\/\/www.sps-kadan.cz\/wp-content\/uploads\/2021\/02\/2021-02-01-10_41_41-SP\u0160S-Kada\u0148-Opera-700x400.png 700w, https:\/\/www.sps-kadan.cz\/wp-content\/uploads\/2021\/02\/2021-02-01-10_41_41-SP\u0160S-Kada\u0148-Opera-200x114.png 200w, https:\/\/www.sps-kadan.cz\/wp-content\/uploads\/2021\/02\/2021-02-01-10_41_41-SP\u0160S-Kada\u0148-Opera-150x86.png 150w, https:\/\/www.sps-kadan.cz\/wp-content\/uploads\/2021\/02\/2021-02-01-10_41_41-SP\u0160S-Kada\u0148-Opera.png 769w\" sizes=\"(max-width: 700px) 100vw, 700px\" \/><\/a><figcaption>za\u010dn\u011bte virtu\u00e1ln\u00ed prohl\u00eddku<\/figcaption><\/figure>\n","protected":false},"excerpt":{"rendered":"","protected":false},"author":1,"featured_media":0,"parent":0,"menu_order":0,"comment_status":"closed","ping_status":"closed","template":"","meta":[],"_links":{"self":[{"href":"https:\/\/www.sps-kadan.cz\/index.php?rest_route=\/wp\/v2\/pages\/6268"}],"collection":[{"href":"https:\/\/www.sps-kadan.cz\/index.php?rest_route=\/wp\/v2\/pages"}],"about":[{"href":"https:\/\/www.sps-kadan.cz\/index.php?rest_route=\/wp\/v2\/types\/page"}],"author":[{"embeddable":true,"href":"https:\/\/www.sps-kadan.cz\/index.php?rest_route=\/wp\/v2\/users\/1"}],"replies":[{"embeddable":true,"href":"https:\/\/www.sps-kadan.cz\/index.php?rest_route=%2Fwp%2Fv2%2Fcomments&post=6268"}],"version-history":[{"count":2,"href":"https:\/\/www.sps-kadan.cz\/index.php?rest_route=\/wp\/v2\/pages\/6268\/revisions"}],"predecessor-version":[{"id":6273,"href":"https:\/\/www.sps-kadan.cz\/index.php?rest_route=\/wp\/v2\/pages\/6268\/revisions\/6273"}],"wp:attachment":[{"href":"https:\/\/www.sps-kadan.cz\/index.php?rest_route=%2Fwp%2Fv2%2Fmedia&parent=6268"}],"curies":[{"name":"wp","href":"https:\/\/api.w.org\/{rel}","templated":true}]}}