{"id":80,"date":"2015-01-13T15:36:40","date_gmt":"2015-01-13T14:36:40","guid":{"rendered":"http:\/\/www.sps-kadan.cz\/?page_id=80"},"modified":"2023-11-09T09:45:50","modified_gmt":"2023-11-09T08:45:50","slug":"srps","status":"publish","type":"page","link":"https:\/\/www.sps-kadan.cz\/?page_id=80","title":{"rendered":"SRP\u0160"},"content":{"rendered":"<p><strong>S<\/strong>dru\u017een\u00ed <strong>r<\/strong>odi\u010d\u016f a <strong>p<\/strong>\u0159\u00e1tel <strong>\u0161<\/strong>koly p\u0159i St\u0159edn\u00ed pr\u016fmyslov\u00e9 \u0161kole stavebn\u00ed a Obchodn\u00ed akademii v\u00a0Kadani<\/p>\n<table border=\"0\">\n<tbody>\n<tr>\n<td><strong>P\u0159edseda v\u00fdboru SRP\u0160<\/strong><\/td>\n<td>Lucie Bud\u00e1kov\u00e1<\/td>\n<\/tr>\n<tr>\n<td><\/td>\n<td><\/td>\n<\/tr>\n<\/tbody>\n<\/table>\n<p>V\u00fdbor SRP\u0160 se sch\u00e1z\u00ed v\u017edy p\u0159ed rodi\u010dovsk\u00fdmi sch\u016fzkami se v\u0161emi z\u00e1stupci jednotliv\u00fdch t\u0159\u00edd.<\/p>\n<table style=\"height: 39px;\" border=\"0\" width=\"5\">\n<tbody>\n<tr>\n<td><\/td>\n<td><\/td>\n<\/tr>\n<tr>\n<td><\/td>\n<td><\/td>\n<\/tr>\n<\/tbody>\n<\/table>\n","protected":false},"excerpt":{"rendered":"<p>Sdru\u017een\u00ed rodi\u010d\u016f a p\u0159\u00e1tel \u0161koly p\u0159i St\u0159edn\u00ed pr\u016fmyslov\u00e9 \u0161kole stavebn\u00ed a Obchodn\u00ed akademii v\u00a0Kadani P\u0159edseda v\u00fdboru SRP\u0160 Lucie Bud\u00e1kov\u00e1 V\u00fdbor SRP\u0160 se sch\u00e1z\u00ed v\u017edy p\u0159ed <a class=\"more-link\" href=\"https:\/\/www.sps-kadan.cz\/?page_id=80\">Cel\u00fd \u010dl\u00e1nek  <span class=\"screen-reader-text\">  SRP\u0160<\/span><span class=\"meta-nav\">&rarr;<\/span><\/a><\/p>\n","protected":false},"author":6,"featured_media":0,"parent":2415,"menu_order":0,"comment_status":"closed","ping_status":"closed","template":"","meta":[],"_links":{"self":[{"href":"https:\/\/www.sps-kadan.cz\/index.php?rest_route=\/wp\/v2\/pages\/80"}],"collection":[{"href":"https:\/\/www.sps-kadan.cz\/index.php?rest_route=\/wp\/v2\/pages"}],"about":[{"href":"https:\/\/www.sps-kadan.cz\/index.php?rest_route=\/wp\/v2\/types\/page"}],"author":[{"embeddable":true,"href":"https:\/\/www.sps-kadan.cz\/index.php?rest_route=\/wp\/v2\/users\/6"}],"replies":[{"embeddable":true,"href":"https:\/\/www.sps-kadan.cz\/index.php?rest_route=%2Fwp%2Fv2%2Fcomments&post=80"}],"version-history":[{"count":5,"href":"https:\/\/www.sps-kadan.cz\/index.php?rest_route=\/wp\/v2\/pages\/80\/revisions"}],"predecessor-version":[{"id":7535,"href":"https:\/\/www.sps-kadan.cz\/index.php?rest_route=\/wp\/v2\/pages\/80\/revisions\/7535"}],"up":[{"embeddable":true,"href":"https:\/\/www.sps-kadan.cz\/index.php?rest_route=\/wp\/v2\/pages\/2415"}],"wp:attachment":[{"href":"https:\/\/www.sps-kadan.cz\/index.php?rest_route=%2Fwp%2Fv2%2Fmedia&parent=80"}],"curies":[{"name":"wp","href":"https:\/\/api.w.org\/{rel}","templated":true}]}}