{"id":83,"date":"2015-01-13T15:39:22","date_gmt":"2015-01-13T14:39:22","guid":{"rendered":"http:\/\/www.sps-kadan.cz\/?page_id=83"},"modified":"2025-10-01T11:08:55","modified_gmt":"2025-10-01T10:08:55","slug":"provozni-zamestnanci","status":"publish","type":"page","link":"https:\/\/www.sps-kadan.cz\/?page_id=83","title":{"rendered":"Provozn\u00ed zam\u011bstnanci"},"content":{"rendered":"<table style=\"height: 407px;\" border=\"0\" width=\"570\">\n<tbody>\n<tr>\n<td><span style=\"text-decoration: underline;\">Hospod\u00e1\u0159ka \u0161koly:<\/span><\/td>\n<td>\u00a0<\/td>\n<\/tr>\n<tr>\n<td><strong>Ing. Tereza Brot\u00e1nkov\u00e1<\/strong><\/td>\n<td><a href=\"mailto:tbrotankova@sps-kadan.cz\">tbrotankova@sps-kadan.cz<\/a><\/td>\n<\/tr>\n<tr>\n<td><span style=\"text-decoration: underline;\">\u00da\u010detn\u00ed \u0161koly:<\/span><\/td>\n<td>\u00a0<\/td>\n<\/tr>\n<tr>\n<td><strong>Vendula Mojzesov\u00e1<\/strong><\/td>\n<td><a href=\"mailto:vmojzesova@sps-kadan.cz\">vmojzesova@sps-kadan.cz<\/a><\/td>\n<\/tr>\n<tr>\n<td><span style=\"text-decoration: underline;\">\u0160koln\u00edk \u0161koly:<\/span><\/td>\n<td>\u00a0<\/td>\n<\/tr>\n<tr>\n<td><strong>Ji\u0159\u00ed Pokorn\u00fd<\/strong><\/td>\n<td><a href=\"mailto:jpokorny@sps-kadan.cz\">skolnik@sps-kadan.cz<\/a><\/td>\n<\/tr>\n<tr>\n<td><span style=\"text-decoration: underline;\">Odborn\u00fd asistent:<\/span><\/td>\n<td>\u00a0<\/td>\n<\/tr>\n<tr>\n<td><strong>Pelesn\u00fd Roman<\/strong><\/td>\n<td><a href=\"mailto:rpelesny@sps-kadan.cz\">rpelesny@sps-kadan.cz<\/a><\/td>\n<\/tr>\n<tr>\n<td><span style=\"text-decoration: underline;\">Ukl\u00edze\u010dky:<\/span><\/td>\n<td>\u00a0<\/td>\n<\/tr>\n<tr>\n<td><strong>Miroslava \u00d6lveczk\u00e1<\/strong><\/td>\n<td><strong>Tereza Stratinsk\u00e1<\/strong><\/td>\n<\/tr>\n<tr>\n<td><strong>Michaela Kutnarov\u00e1<\/strong><\/td>\n<td>\u00a0<\/td>\n<\/tr>\n<tr>\n<td><strong>Mel\u00e1nie Mecerov\u00e1\u00a0<\/strong><\/td>\n<\/tr>\n<\/tbody>\n<\/table>\n\n\n<p><\/p>\n","protected":false},"excerpt":{"rendered":"<p>Hospod\u00e1\u0159ka \u0161koly: \u00a0 Ing. Tereza Brot\u00e1nkov\u00e1 tbrotankova@sps-kadan.cz \u00da\u010detn\u00ed \u0161koly: \u00a0 Vendula Mojzesov\u00e1 vmojzesova@sps-kadan.cz \u0160koln\u00edk \u0161koly: \u00a0 Ji\u0159\u00ed Pokorn\u00fd skolnik@sps-kadan.cz Odborn\u00fd asistent: \u00a0 Pelesn\u00fd Roman rpelesny@sps-kadan.cz <a class=\"more-link\" href=\"https:\/\/www.sps-kadan.cz\/?page_id=83\">Cel\u00fd \u010dl\u00e1nek  <span class=\"screen-reader-text\">  Provozn\u00ed zam\u011bstnanci<\/span><span class=\"meta-nav\">&rarr;<\/span><\/a><\/p>\n","protected":false},"author":6,"featured_media":0,"parent":2395,"menu_order":0,"comment_status":"closed","ping_status":"closed","template":"","meta":[],"_links":{"self":[{"href":"https:\/\/www.sps-kadan.cz\/index.php?rest_route=\/wp\/v2\/pages\/83"}],"collection":[{"href":"https:\/\/www.sps-kadan.cz\/index.php?rest_route=\/wp\/v2\/pages"}],"about":[{"href":"https:\/\/www.sps-kadan.cz\/index.php?rest_route=\/wp\/v2\/types\/page"}],"author":[{"embeddable":true,"href":"https:\/\/www.sps-kadan.cz\/index.php?rest_route=\/wp\/v2\/users\/6"}],"replies":[{"embeddable":true,"href":"https:\/\/www.sps-kadan.cz\/index.php?rest_route=%2Fwp%2Fv2%2Fcomments&post=83"}],"version-history":[{"count":21,"href":"https:\/\/www.sps-kadan.cz\/index.php?rest_route=\/wp\/v2\/pages\/83\/revisions"}],"predecessor-version":[{"id":8829,"href":"https:\/\/www.sps-kadan.cz\/index.php?rest_route=\/wp\/v2\/pages\/83\/revisions\/8829"}],"up":[{"embeddable":true,"href":"https:\/\/www.sps-kadan.cz\/index.php?rest_route=\/wp\/v2\/pages\/2395"}],"wp:attachment":[{"href":"https:\/\/www.sps-kadan.cz\/index.php?rest_route=%2Fwp%2Fv2%2Fmedia&parent=83"}],"curies":[{"name":"wp","href":"https:\/\/api.w.org\/{rel}","templated":true}]}}