{"id":92,"date":"2015-01-13T15:47:08","date_gmt":"2015-01-13T14:47:08","guid":{"rendered":"http:\/\/www.sps-kadan.cz\/?page_id=92"},"modified":"2026-01-15T18:32:26","modified_gmt":"2026-01-15T17:32:26","slug":"svp","status":"publish","type":"page","link":"https:\/\/www.sps-kadan.cz\/?page_id=92","title":{"rendered":"\u0160VP"},"content":{"rendered":"<p><strong>\u0160koln\u00ed vzd\u011bl\u00e1vac\u00ed pl\u00e1n<\/strong><\/p>\n\n\n<div class=\"wp-block-file\"><a href=\"https:\/\/www.sps-kadan.cz\/wp-content\/uploads\/2026\/01\/SVP_Ekonomika-a-podnikani_2025.pdf\">SVP_Ekonomika-a-podnikani_2025<\/a><a href=\"https:\/\/www.sps-kadan.cz\/wp-content\/uploads\/2026\/01\/SVP_Ekonomika-a-podnikani_2025.pdf\" class=\"wp-block-file__button\" download>St\u00e1hnout<\/a><\/div>\n\n\n\n<div class=\"wp-block-file\"><a href=\"https:\/\/www.sps-kadan.cz\/wp-content\/uploads\/2026\/01\/SVP_Obchodni-akademie_2025.pdf\">SVP_Obchodni-akademie_2025<\/a><a href=\"https:\/\/www.sps-kadan.cz\/wp-content\/uploads\/2026\/01\/SVP_Obchodni-akademie_2025.pdf\" class=\"wp-block-file__button\" download>St\u00e1hnout<\/a><\/div>\n\n\n\n<div class=\"wp-block-file\"><a href=\"https:\/\/www.sps-kadan.cz\/wp-content\/uploads\/2026\/01\/SVP_Stavebnictvi_2025.pdf\">SVP_Stavebnictvi_2025<\/a><a href=\"https:\/\/www.sps-kadan.cz\/wp-content\/uploads\/2026\/01\/SVP_Stavebnictvi_2025.pdf\" class=\"wp-block-file__button\" download>St\u00e1hnout<\/a><\/div>\n\n\n\n<p><\/p>\n\n\n\n<div class=\"wp-block-file\"><a href=\"https:\/\/www.sps-kadan.cz\/wp-content\/uploads\/2026\/01\/SVP_Technicka-zarizeni-budov_2025.pdf\">SVP_Technicka-zarizeni-budov_2025<\/a><a href=\"https:\/\/www.sps-kadan.cz\/wp-content\/uploads\/2026\/01\/SVP_Technicka-zarizeni-budov_2025.pdf\" class=\"wp-block-file__button\" download>St\u00e1hnout<\/a><\/div>\n\n\n\n<div class=\"wp-block-file\"><a href=\"https:\/\/www.sps-kadan.cz\/wp-content\/uploads\/2026\/01\/SVP_MS_2024.pdf\">SVP_MS_2024<\/a><a href=\"https:\/\/www.sps-kadan.cz\/wp-content\/uploads\/2026\/01\/SVP_MS_2024.pdf\" class=\"wp-block-file__button\" download>St\u00e1hnout<\/a><\/div>\n\n\n\n<div class=\"wp-block-file\"><a href=\"https:\/\/www.sps-kadan.cz\/wp-content\/uploads\/2025\/12\/SVP_Ekonomika-a-podnikani.pdf\">SVP_Ekonomika-a-podnikani<\/a><a href=\"https:\/\/www.sps-kadan.cz\/wp-content\/uploads\/2025\/12\/SVP_Ekonomika-a-podnikani.pdf\" class=\"wp-block-file__button\" download>St\u00e1hnout<\/a><\/div>\n\n\n\n<div class=\"wp-block-file\"><a href=\"https:\/\/www.sps-kadan.cz\/wp-content\/uploads\/2025\/12\/SVP_Obchodni-akademie.pdf\">SVP_Obchodni-akademie<\/a><a href=\"https:\/\/www.sps-kadan.cz\/wp-content\/uploads\/2025\/12\/SVP_Obchodni-akademie.pdf\" class=\"wp-block-file__button\" download>St\u00e1hnout<\/a><\/div>\n\n\n\n<div class=\"wp-block-file\"><a href=\"https:\/\/www.sps-kadan.cz\/wp-content\/uploads\/2025\/12\/SVP_Stavebnictvi.pdf\">SVP_Stavebnictvi<\/a><a href=\"https:\/\/www.sps-kadan.cz\/wp-content\/uploads\/2025\/12\/SVP_Stavebnictvi.pdf\" class=\"wp-block-file__button\" download>St\u00e1hnout<\/a><\/div>\n\n\n\n<div class=\"wp-block-file\"><a href=\"https:\/\/www.sps-kadan.cz\/wp-content\/uploads\/2025\/12\/SVP_Technicka-zarizeni-budov.pdf\">SVP_Technicka-zarizeni-budov<\/a><a href=\"https:\/\/www.sps-kadan.cz\/wp-content\/uploads\/2025\/12\/SVP_Technicka-zarizeni-budov.pdf\" class=\"wp-block-file__button\" download>St\u00e1hnout<\/a><\/div>\n","protected":false},"excerpt":{"rendered":"<p>\u0160koln\u00ed vzd\u011bl\u00e1vac\u00ed pl\u00e1n<\/p>\n","protected":false},"author":6,"featured_media":0,"parent":89,"menu_order":0,"comment_status":"closed","ping_status":"closed","template":"","meta":[],"_links":{"self":[{"href":"https:\/\/www.sps-kadan.cz\/index.php?rest_route=\/wp\/v2\/pages\/92"}],"collection":[{"href":"https:\/\/www.sps-kadan.cz\/index.php?rest_route=\/wp\/v2\/pages"}],"about":[{"href":"https:\/\/www.sps-kadan.cz\/index.php?rest_route=\/wp\/v2\/types\/page"}],"author":[{"embeddable":true,"href":"https:\/\/www.sps-kadan.cz\/index.php?rest_route=\/wp\/v2\/users\/6"}],"replies":[{"embeddable":true,"href":"https:\/\/www.sps-kadan.cz\/index.php?rest_route=%2Fwp%2Fv2%2Fcomments&post=92"}],"version-history":[{"count":9,"href":"https:\/\/www.sps-kadan.cz\/index.php?rest_route=\/wp\/v2\/pages\/92\/revisions"}],"predecessor-version":[{"id":9005,"href":"https:\/\/www.sps-kadan.cz\/index.php?rest_route=\/wp\/v2\/pages\/92\/revisions\/9005"}],"up":[{"embeddable":true,"href":"https:\/\/www.sps-kadan.cz\/index.php?rest_route=\/wp\/v2\/pages\/89"}],"wp:attachment":[{"href":"https:\/\/www.sps-kadan.cz\/index.php?rest_route=%2Fwp%2Fv2%2Fmedia&parent=92"}],"curies":[{"name":"wp","href":"https:\/\/api.w.org\/{rel}","templated":true}]}}